{"id":872,"date":"2021-11-09T21:29:56","date_gmt":"2021-11-09T21:29:56","guid":{"rendered":"https:\/\/h8atlq87g9.onrocket.site\/terms\/"},"modified":"2021-11-11T07:29:02","modified_gmt":"2021-11-11T07:29:02","slug":"terms","status":"publish","type":"page","link":"https:\/\/keep2share.info\/pl\/terms\/","title":{"rendered":"Warunki korzystania z us\u0142ugi"},"content":{"rendered":"<p>Prosimy o zapoznanie si\u0119 z tym osobistym planem prywatno\u015bci przed skorzystaniem z witryny lub wys\u0142aniem jakichkolwiek informacji indywidualnych. Korzystaj\u0105c z tej strony, akceptujesz metody okre\u015blone w tym osobistym planie prywatno\u015bci. JE\u015aLI W JAKIMKOLWIEK MOMENCIE NIE ZGADZASZ SI\u0118 Z TYMI WYMAGANIAMI I PROBLEMAMI, PROSZ\u0118 NIEZW\u0141OCZNIE ZAKO\u0143CZY\u0106 KORZYSTANIE Z ROZWI\u0104ZA\u0143 I POST\u0118POWA\u0106 ZGODNIE ZE WSKAZ\u00d3WKAMI ZAWARTYMI W TYM POROZUMIENIU.<\/p>\n<p>Akceptuj\u0105c niniejsze Zasady Korzystania z Rozwi\u0105zania, wyra\u017casz zgod\u0119 na stosowanie tych Zasad za ka\u017cdym razem, gdy korzystasz z Rozwi\u0105zania. Je\u015bli nie wyra\u017casz zgody na stosowanie si\u0119 do tych zasad, nie mo\u017cesz korzysta\u0107 z Rozwi\u0105zania, a tak\u017ce w takich okoliczno\u015bciach nie sprawdzaj &#8222;I check out and also consent to Terms&#8221; przed zako\u0144czeniem ka\u017cdego zakupu.<\/p>\n<p>Zapewniamy bezpiecze\u0144stwo informacji zapisanych na ta\u015bmie z Keep2share.info. Zobowi\u0105zujemy si\u0119 do ochrony Twoich indywidualnych informacji. Wszystkie indywidualne informacje podane podczas zapisywania si\u0119 na kurs b\u0119d\u0105 wykorzystywane wy\u0142\u0105cznie do udoskonalania Twoich zam\u00f3wie\u0144 oraz potwierdzania w\u0105tpliwych zakup\u00f3w, chyba \u017ce upowa\u017cnisz nas do wykorzystania ich w inny spos\u00f3b, na przyk\u0142ad w celu w\u0142\u0105czenia Ci\u0119 do naszego newslettera.<\/p>\n","protected":false},"excerpt":{"rendered":"<p>Prosimy o zapoznanie si\u0119 z tym osobistym planem prywatno\u015bci przed skorzystaniem z witryny lub wys\u0142aniem jakichkolwiek informacji indywidualnych. Korzystaj\u0105c z<\/p>\n","protected":false},"author":3,"featured_media":0,"parent":0,"menu_order":0,"comment_status":"closed","ping_status":"closed","template":"","meta":{"colormag_page_container_layout":"default_layout","colormag_page_sidebar_layout":"default_layout","footnotes":""},"class_list":["post-872","page","type-page","status-publish","hentry"],"yoast_head":"<!-- This site is optimized with the Yoast SEO plugin v27.3 - https:\/\/yoast.com\/product\/yoast-seo-wordpress\/ -->\n<title>Warunki korzystania z us\u0142ugi - Keep2Share<\/title>\n<meta name=\"robots\" content=\"index, follow, max-snippet:-1, max-image-preview:large, max-video-preview:-1\" \/>\n<link rel=\"canonical\" href=\"https:\/\/keep2share.info\/pl\/terms\/\" \/>\n<meta property=\"og:locale\" content=\"pl_PL\" \/>\n<meta property=\"og:type\" content=\"article\" \/>\n<meta property=\"og:title\" content=\"Warunki korzystania z us\u0142ugi - Keep2Share\" \/>\n<meta property=\"og:description\" content=\"Prosimy o zapoznanie si\u0119 z tym osobistym planem prywatno\u015bci przed skorzystaniem z witryny lub wys\u0142aniem jakichkolwiek informacji indywidualnych. Korzystaj\u0105c z\" \/>\n<meta property=\"og:url\" content=\"https:\/\/keep2share.info\/pl\/terms\/\" \/>\n<meta property=\"og:site_name\" content=\"Keep2Share\" \/>\n<meta property=\"article:modified_time\" content=\"2021-11-11T07:29:02+00:00\" \/>\n<meta name=\"twitter:card\" content=\"summary_large_image\" \/>\n<meta name=\"twitter:label1\" content=\"Szacowany czas czytania\" \/>\n\t<meta name=\"twitter:data1\" content=\"1 minuta\" \/>\n<script type=\"application\/ld+json\" class=\"yoast-schema-graph\">{\"@context\":\"https:\\\/\\\/schema.org\",\"@graph\":[{\"@type\":\"WebPage\",\"@id\":\"https:\\\/\\\/keep2share.info\\\/pl\\\/terms\\\/\",\"url\":\"https:\\\/\\\/keep2share.info\\\/pl\\\/terms\\\/\",\"name\":\"Warunki korzystania z us\u0142ugi - Keep2Share\",\"isPartOf\":{\"@id\":\"https:\\\/\\\/keep2share.info\\\/#website\"},\"datePublished\":\"2021-11-09T21:29:56+00:00\",\"dateModified\":\"2021-11-11T07:29:02+00:00\",\"breadcrumb\":{\"@id\":\"https:\\\/\\\/keep2share.info\\\/pl\\\/terms\\\/#breadcrumb\"},\"inLanguage\":\"pl-PL\",\"potentialAction\":[{\"@type\":\"ReadAction\",\"target\":[\"https:\\\/\\\/keep2share.info\\\/pl\\\/terms\\\/\"]}]},{\"@type\":\"BreadcrumbList\",\"@id\":\"https:\\\/\\\/keep2share.info\\\/pl\\\/terms\\\/#breadcrumb\",\"itemListElement\":[{\"@type\":\"ListItem\",\"position\":1,\"name\":\"Startseite\",\"item\":\"https:\\\/\\\/keep2share.info\\\/pl\\\/\"},{\"@type\":\"ListItem\",\"position\":2,\"name\":\"Warunki korzystania z us\u0142ugi\"}]},{\"@type\":\"WebSite\",\"@id\":\"https:\\\/\\\/keep2share.info\\\/#website\",\"url\":\"https:\\\/\\\/keep2share.info\\\/\",\"name\":\"Keep2Share\",\"description\":\"\",\"publisher\":{\"@id\":\"https:\\\/\\\/keep2share.info\\\/#organization\"},\"potentialAction\":[{\"@type\":\"SearchAction\",\"target\":{\"@type\":\"EntryPoint\",\"urlTemplate\":\"https:\\\/\\\/keep2share.info\\\/?s={search_term_string}\"},\"query-input\":{\"@type\":\"PropertyValueSpecification\",\"valueRequired\":true,\"valueName\":\"search_term_string\"}}],\"inLanguage\":\"pl-PL\"},{\"@type\":\"Organization\",\"@id\":\"https:\\\/\\\/keep2share.info\\\/#organization\",\"name\":\"Keep2Share\",\"url\":\"https:\\\/\\\/keep2share.info\\\/\",\"logo\":{\"@type\":\"ImageObject\",\"inLanguage\":\"pl-PL\",\"@id\":\"https:\\\/\\\/keep2share.info\\\/#\\\/schema\\\/logo\\\/image\\\/\",\"url\":\"https:\\\/\\\/keep2share.info\\\/wp-content\\\/uploads\\\/2025\\\/08\\\/keep2share_logo_300px.png\",\"contentUrl\":\"https:\\\/\\\/keep2share.info\\\/wp-content\\\/uploads\\\/2025\\\/08\\\/keep2share_logo_300px.png\",\"width\":300,\"height\":85,\"caption\":\"Keep2Share\"},\"image\":{\"@id\":\"https:\\\/\\\/keep2share.info\\\/#\\\/schema\\\/logo\\\/image\\\/\"}}]}<\/script>\n<!-- \/ Yoast SEO plugin. -->","yoast_head_json":{"title":"Warunki korzystania z us\u0142ugi - Keep2Share","robots":{"index":"index","follow":"follow","max-snippet":"max-snippet:-1","max-image-preview":"max-image-preview:large","max-video-preview":"max-video-preview:-1"},"canonical":"https:\/\/keep2share.info\/pl\/terms\/","og_locale":"pl_PL","og_type":"article","og_title":"Warunki korzystania z us\u0142ugi - Keep2Share","og_description":"Prosimy o zapoznanie si\u0119 z tym osobistym planem prywatno\u015bci przed skorzystaniem z witryny lub wys\u0142aniem jakichkolwiek informacji indywidualnych. Korzystaj\u0105c z","og_url":"https:\/\/keep2share.info\/pl\/terms\/","og_site_name":"Keep2Share","article_modified_time":"2021-11-11T07:29:02+00:00","twitter_card":"summary_large_image","twitter_misc":{"Szacowany czas czytania":"1 minuta"},"schema":{"@context":"https:\/\/schema.org","@graph":[{"@type":"WebPage","@id":"https:\/\/keep2share.info\/pl\/terms\/","url":"https:\/\/keep2share.info\/pl\/terms\/","name":"Warunki korzystania z us\u0142ugi - Keep2Share","isPartOf":{"@id":"https:\/\/keep2share.info\/#website"},"datePublished":"2021-11-09T21:29:56+00:00","dateModified":"2021-11-11T07:29:02+00:00","breadcrumb":{"@id":"https:\/\/keep2share.info\/pl\/terms\/#breadcrumb"},"inLanguage":"pl-PL","potentialAction":[{"@type":"ReadAction","target":["https:\/\/keep2share.info\/pl\/terms\/"]}]},{"@type":"BreadcrumbList","@id":"https:\/\/keep2share.info\/pl\/terms\/#breadcrumb","itemListElement":[{"@type":"ListItem","position":1,"name":"Startseite","item":"https:\/\/keep2share.info\/pl\/"},{"@type":"ListItem","position":2,"name":"Warunki korzystania z us\u0142ugi"}]},{"@type":"WebSite","@id":"https:\/\/keep2share.info\/#website","url":"https:\/\/keep2share.info\/","name":"Keep2Share","description":"","publisher":{"@id":"https:\/\/keep2share.info\/#organization"},"potentialAction":[{"@type":"SearchAction","target":{"@type":"EntryPoint","urlTemplate":"https:\/\/keep2share.info\/?s={search_term_string}"},"query-input":{"@type":"PropertyValueSpecification","valueRequired":true,"valueName":"search_term_string"}}],"inLanguage":"pl-PL"},{"@type":"Organization","@id":"https:\/\/keep2share.info\/#organization","name":"Keep2Share","url":"https:\/\/keep2share.info\/","logo":{"@type":"ImageObject","inLanguage":"pl-PL","@id":"https:\/\/keep2share.info\/#\/schema\/logo\/image\/","url":"https:\/\/keep2share.info\/wp-content\/uploads\/2025\/08\/keep2share_logo_300px.png","contentUrl":"https:\/\/keep2share.info\/wp-content\/uploads\/2025\/08\/keep2share_logo_300px.png","width":300,"height":85,"caption":"Keep2Share"},"image":{"@id":"https:\/\/keep2share.info\/#\/schema\/logo\/image\/"}}]}},"_links":{"self":[{"href":"https:\/\/keep2share.info\/pl\/wp-json\/wp\/v2\/pages\/872","targetHints":{"allow":["GET"]}}],"collection":[{"href":"https:\/\/keep2share.info\/pl\/wp-json\/wp\/v2\/pages"}],"about":[{"href":"https:\/\/keep2share.info\/pl\/wp-json\/wp\/v2\/types\/page"}],"author":[{"embeddable":true,"href":"https:\/\/keep2share.info\/pl\/wp-json\/wp\/v2\/users\/3"}],"replies":[{"embeddable":true,"href":"https:\/\/keep2share.info\/pl\/wp-json\/wp\/v2\/comments?post=872"}],"version-history":[{"count":2,"href":"https:\/\/keep2share.info\/pl\/wp-json\/wp\/v2\/pages\/872\/revisions"}],"predecessor-version":[{"id":916,"href":"https:\/\/keep2share.info\/pl\/wp-json\/wp\/v2\/pages\/872\/revisions\/916"}],"wp:attachment":[{"href":"https:\/\/keep2share.info\/pl\/wp-json\/wp\/v2\/media?parent=872"}],"curies":[{"name":"wp","href":"https:\/\/api.w.org\/{rel}","templated":true}]}}