{"id":866,"date":"2017-12-18T16:02:28","date_gmt":"2017-12-18T16:02:28","guid":{"rendered":"https:\/\/h8atlq87g9.onrocket.site\/privacy-policy\/"},"modified":"2021-11-11T07:17:47","modified_gmt":"2021-11-11T07:17:47","slug":"privacy-policy","status":"publish","type":"page","link":"https:\/\/keep2share.info\/pl\/privacy-policy\/","title":{"rendered":"Polityka prywatno\u015bci"},"content":{"rendered":"<p style=\"margin: 0px 0px 15px; padding: 0px; border: 0px; font-size: 14px; vertical-align: baseline; line-height: 1.71429; color: #444444; font-family: Ubuntu, Helvetica, Arial, sans-serif;\"><strong>Ochrona danych<\/strong><\/p>\n<p>Operatorzy tych stron bardzo powa\u017cnie traktuj\u0105 ochron\u0119 Pa\u0144stwa danych osobowych. Traktujemy Pa\u0144stwa dane osobowe w spos\u00f3b poufny i zgodnie z ustawowymi przepisami o ochronie danych oraz z niniejsz\u0105 deklaracj\u0105 o ochronie danych.<\/p>\n<p>Zasadniczo mo\u017cliwe jest korzystanie z naszej strony internetowej bez podawania danych osobowych. O ile na naszych stronach zbierane s\u0105 dane osobowe (np. nazwisko, adres lub adresy e-mail), to odbywa si\u0119 to zawsze, o ile to mo\u017cliwe, na zasadzie dobrowolno\u015bci. Bez Pa\u0144stwa wyra\u017anej zgody dane te nie b\u0119d\u0105 przekazywane osobom trzecim.<\/p>\n<p>Zwracamy uwag\u0119, \u017ce transmisja danych przez Internet (np. komunikacja za pomoc\u0105 poczty elektronicznej) posiada luki bezpiecze\u0144stwa. Pe\u0142na ochrona danych przed dost\u0119pem os\u00f3b trzecich nie jest mo\u017cliwa.<\/p>\n<p><strong>Polityka prywatno\u015bci dotycz\u0105ca korzystania z wtyczek Facebooka (przycisk &#8222;Lubi\u0119 to&#8221;)<\/strong><\/p>\n<p>Na naszych stronach zintegrowane s\u0105 wtyczki sieci spo\u0142eczno\u015bciowej Facebook, dostawca Facebook Inc, 1 Hacker Way, Menlo Park, California 94025, USA. Wtyczki Facebooka mo\u017cna rozpozna\u0107 po logo Facebooka lub przycisku &#8222;Lubi\u0119 to&#8221; (&#8222;Like&#8221;) na naszej stronie. Przegl\u0105d wtyczek Facebooka mo\u017cna znale\u017a\u0107 tutaj: <a href=\"http:\/\/developers.facebook.com\/docs\/plugins\/\">http:\/\/developers.facebook.com\/docs\/plugins\/<\/a>.<\/p>\n<p>Podczas odwiedzania naszych stron, za pomoc\u0105 wtyczki nawi\u0105zywane jest bezpo\u015brednie po\u0142\u0105czenie pomi\u0119dzy przegl\u0105dark\u0105 a serwerem Facebooka. Facebook otrzymuje w ten spos\u00f3b informacj\u0119, \u017ce odwiedzili Pa\u0144stwo nasz\u0105 stron\u0119 wraz z adresem IP. Je\u015bli klikn\u0105 Pa\u0144stwo przycisk &#8222;Lubi\u0119 to&#8221; na Facebooku, b\u0119d\u0105c zalogowanym na swoim koncie na Facebooku, mog\u0105 Pa\u0144stwo po\u0142\u0105czy\u0107 zawarto\u015b\u0107 naszych stron z Pa\u0144stwa profilem na Facebooku. Dzi\u0119ki temu Facebook mo\u017ce przyporz\u0105dkowa\u0107 wizyt\u0119 na naszych stronach do Pa\u0144stwa konta u\u017cytkownika. Zwracamy uwag\u0119 na to, \u017ce my, jako oferent stron, nie mamy wiedzy na temat tre\u015bci przekazywanych danych ani ich wykorzystania przez Facebook. Wi\u0119cej informacji na ten temat mo\u017cna znale\u017a\u0107 w polityce prywatno\u015bci Facebooka pod adresem <a href=\"http:\/\/de-de.facebook.com\/policy.php\">http:\/\/de-de.facebook.com\/policy.php<\/a>.<\/p>\n<p>Je\u015bli nie chc\u0105 Pa\u0144stwo, aby Facebook m\u00f3g\u0142 powi\u0105za\u0107 Pa\u0144stwa wizyt\u0119 na naszych stronach z Pa\u0144stwa kontem u\u017cytkownika na Facebooku, prosimy o wylogowanie si\u0119 z konta u\u017cytkownika na Facebooku.<\/p>\n<p><strong>Polityka prywatno\u015bci w zakresie korzystania z Google Analytics<\/strong><\/p>\n<p>Ta strona internetowa korzysta z funkcji us\u0142ugi analizy internetowej Google Analytics. Dostawc\u0105 jest Google Inc. 1600 Amphitheatre Parkway Mountain View, CA 94043, USA. Google Analytics u\u017cywa tak zwanych &#8222;cookies&#8221;. S\u0105 to pliki tekstowe, kt\u00f3re s\u0105 przechowywane na komputerze u\u017cytkownika i umo\u017cliwiaj\u0105 analiz\u0119 korzystania z witryny przez u\u017cytkownika. Informacje generowane przez cookie na temat korzystania z tej strony internetowej s\u0105 z regu\u0142y przesy\u0142ane do serwera Google w USA i tam zapisywane.<\/p>\n<p>W przypadku aktywacji anonimizacji IP na tej stronie, Pa\u0144stwa adres IP zostanie jednak uprzednio skr\u00f3cony przez Google na terenie pa\u0144stw cz\u0142onkowskich Unii Europejskiej lub innych pa\u0144stw-stron Porozumienia o Europejskim Obszarze Gospodarczym. Tylko w wyj\u0105tkowych przypadkach pe\u0142ny adres IP zostanie przes\u0142any na serwer Google w USA i tam skr\u00f3cony. Na zlecenie operatora tej strony internetowej Google b\u0119dzie korzysta\u0142 z tych informacji w celu oceny korzystania z witryny przez u\u017cytkownika, tworzenia raport\u00f3w dotycz\u0105cych aktywno\u015bci na stronie internetowej oraz \u015bwiadczenia innych us\u0142ug zwi\u0105zanych z aktywno\u015bci\u0105 na stronie internetowej i korzystaniem z Internetu na rzecz operatora strony internetowej. Adres IP przekazany przez Pa\u0144stwa przegl\u0105dark\u0119 w ramach Google Analytics nie b\u0119dzie \u0142\u0105czony z innymi danymi Google.<\/p>\n<p>U\u017cytkownik mo\u017ce zrezygnowa\u0107 z cookies wybieraj\u0105c odpowiednie ustawienia w swojej przegl\u0105darce, jednak nale\u017cy pami\u0119ta\u0107, \u017ce w takim przypadku korzystanie z pe\u0142nej funkcjonalno\u015bci strony mo\u017ce okaza\u0107 si\u0119 niemo\u017cliwe. U\u017cytkownik mo\u017ce r\u00f3wnie\u017c zapobiec gromadzeniu danych generowanych przez cookie i zwi\u0105zanych z korzystaniem z witryny (w tym adresu IP) przez Google oraz przetwarzaniu tych danych przez Google, pobieraj\u0105c i instaluj\u0105c wtyczk\u0119 do przegl\u0105darki dost\u0119pn\u0105 pod nast\u0119puj\u0105cym linkiem: http:\/\/tools.google.com\/dlpage\/gaoptout?hl=de.<\/p>\n<p><strong>Polityka prywatno\u015bci dotycz\u0105ca korzystania z Google +1<\/strong><\/p>\n<p>Nasze strony korzystaj\u0105 z funkcji Google +1. Dostawc\u0105 jest Google Inc. 1600 Amphitheatre Parkway Mountain View, CA 94043, USA.<\/p>\n<p>Gromadzenie i rozpowszechnianie informacji: Za pomoc\u0105 przycisku Google +1, mog\u0105 Pa\u0144stwo publikowa\u0107 informacje na ca\u0142ym \u015bwiecie. poprzez przycisk Google +1, Pa\u0144stwo i inni u\u017cytkownicy otrzymuj\u0105 spersonalizowane tre\u015bci od Google i naszych partner\u00f3w. Google przechowuje zar\u00f3wno informacje, \u017ce dali Pa\u0144stwo +1 dla tre\u015bci, jak i informacje o stronie, kt\u00f3r\u0105 Pa\u0144stwo ogl\u0105dali w momencie klikni\u0119cia przycisku +1. Pa\u0144stwa +1 mog\u0105 by\u0107 wy\u015bwietlane jako powiadomienia wraz z Pa\u0144stwa nazw\u0105 profilu i zdj\u0119ciem w us\u0142ugach Google, takich jak wyniki wyszukiwania lub Pa\u0144stwa profil Google, a tak\u017ce w innych miejscach na stronach internetowych i w reklamach w Internecie. Google zapisuje informacje o Pa\u0144stwa dzia\u0142aniach +1 w celu ulepszenia us\u0142ug Google dla Pa\u0144stwa i innych os\u00f3b. Aby m\u00f3c korzysta\u0107 z przycisku Google +1, nale\u017cy posiada\u0107 widoczny na ca\u0142ym \u015bwiecie, publiczny profil Google, kt\u00f3ry musi zawiera\u0107 przynajmniej nazw\u0119 wybran\u0105 dla profilu. Nazwa ta jest u\u017cywana we wszystkich us\u0142ugach Google. W niekt\u00f3rych przypadkach nazwa ta mo\u017ce r\u00f3wnie\u017c zast\u0105pi\u0107 inn\u0105 nazw\u0119, kt\u00f3rej u\u017cywali Pa\u0144stwo podczas udost\u0119pniania tre\u015bci za po\u015brednictwem konta Google. To\u017csamo\u015b\u0107 Twojego profilu Google mo\u017ce by\u0107 wy\u015bwietlana u\u017cytkownikom, kt\u00f3rzy znaj\u0105 Tw\u00f3j adres e-mail lub posiadaj\u0105 inne identyfikuj\u0105ce Ci\u0119 informacje.<\/p>\n<p>Wykorzystanie zgromadzonych informacji: Opr\u00f3cz zastosowa\u0144 opisanych powy\u017cej, informacje podane przez Pa\u0144stwa b\u0119d\u0105 wykorzystywane zgodnie z polityk\u0105 prywatno\u015bci Google. Google mo\u017ce publikowa\u0107 zbiorcze statystyki dotycz\u0105ce aktywno\u015bci +1 u\u017cytkownik\u00f3w lub udost\u0119pnia\u0107 je u\u017cytkownikom i partnerom, takim jak wydawcy, reklamodawcy lub powi\u0105zane strony internetowe.<\/p>\n<p><strong>Polityka prywatno\u015bci w zakresie korzystania z Twittera<\/strong><\/p>\n<p>Funkcje serwisu Twitter s\u0105 zintegrowane na naszych stronach. Funkcje te s\u0105 oferowane przez Twitter Inc, 1355 Market Street, Suite 900, San Francisco, CA 94103, USA. Poprzez korzystanie z Twittera i funkcji &#8222;Re-Tweet&#8221; odwiedzane strony internetowe s\u0105 \u0142\u0105czone z Pa\u0144stwa kontem na Twitterze i udost\u0119pniane innym u\u017cytkownikom. W tym procesie dane s\u0105 r\u00f3wnie\u017c przekazywane do Twittera. Zwracamy uwag\u0119 na to, \u017ce my, jako oferent stron, nie mamy wiedzy na temat tre\u015bci przekazywanych danych ani ich wykorzystania przez Twittera. Wi\u0119cej informacji na ten temat mo\u017cna znale\u017a\u0107 w polityce prywatno\u015bci Twittera pod adresem<a href=\"http:\/\/twitter.com\/privacy.\">http:\/\/twitter.com\/privacy.<\/a><\/p>\n<p>Mo\u017cesz zmieni\u0107 swoje ustawienia prywatno\u015bci na Twitterze w ustawieniach konta pod adresem <a href=\"http:\/\/twitter.com\/account\/settings\">http:\/\/twitter.com\/account\/settings<\/a>.<\/p>\n","protected":false},"excerpt":{"rendered":"<p>Ochrona danych Operatorzy tych stron bardzo powa\u017cnie traktuj\u0105 ochron\u0119 Pa\u0144stwa danych osobowych. Traktujemy Pa\u0144stwa dane osobowe w spos\u00f3b poufny i<\/p>\n","protected":false},"author":3,"featured_media":0,"parent":0,"menu_order":0,"comment_status":"closed","ping_status":"closed","template":"","meta":{"colormag_page_container_layout":"default_layout","colormag_page_sidebar_layout":"default_layout","footnotes":""},"class_list":["post-866","page","type-page","status-publish","hentry"],"yoast_head":"<!-- This site is optimized with the Yoast SEO plugin v27.3 - https:\/\/yoast.com\/product\/yoast-seo-wordpress\/ -->\n<title>Polityka prywatno\u015bci - Keep2Share<\/title>\n<meta name=\"robots\" content=\"noindex, nofollow\" \/>\n<meta property=\"og:locale\" content=\"pl_PL\" \/>\n<meta property=\"og:type\" content=\"article\" \/>\n<meta property=\"og:title\" content=\"Polityka prywatno\u015bci - Keep2Share\" \/>\n<meta property=\"og:description\" content=\"Ochrona danych Operatorzy tych stron bardzo powa\u017cnie traktuj\u0105 ochron\u0119 Pa\u0144stwa danych osobowych. Traktujemy Pa\u0144stwa dane osobowe w spos\u00f3b poufny i\" \/>\n<meta property=\"og:url\" content=\"https:\/\/keep2share.info\/pl\/privacy-policy\/\" \/>\n<meta property=\"og:site_name\" content=\"Keep2Share\" \/>\n<meta property=\"article:modified_time\" content=\"2021-11-11T07:17:47+00:00\" \/>\n<meta name=\"twitter:card\" content=\"summary_large_image\" \/>\n<meta name=\"twitter:label1\" content=\"Szacowany czas czytania\" \/>\n\t<meta name=\"twitter:data1\" content=\"4 minuty\" \/>\n<script type=\"application\/ld+json\" class=\"yoast-schema-graph\">{\"@context\":\"https:\\\/\\\/schema.org\",\"@graph\":[{\"@type\":\"WebPage\",\"@id\":\"https:\\\/\\\/keep2share.info\\\/pl\\\/privacy-policy\\\/\",\"url\":\"https:\\\/\\\/keep2share.info\\\/pl\\\/privacy-policy\\\/\",\"name\":\"Polityka prywatno\u015bci - Keep2Share\",\"isPartOf\":{\"@id\":\"https:\\\/\\\/keep2share.info\\\/#website\"},\"datePublished\":\"2017-12-18T16:02:28+00:00\",\"dateModified\":\"2021-11-11T07:17:47+00:00\",\"breadcrumb\":{\"@id\":\"https:\\\/\\\/keep2share.info\\\/pl\\\/privacy-policy\\\/#breadcrumb\"},\"inLanguage\":\"pl-PL\",\"potentialAction\":[{\"@type\":\"ReadAction\",\"target\":[\"https:\\\/\\\/keep2share.info\\\/pl\\\/privacy-policy\\\/\"]}]},{\"@type\":\"BreadcrumbList\",\"@id\":\"https:\\\/\\\/keep2share.info\\\/pl\\\/privacy-policy\\\/#breadcrumb\",\"itemListElement\":[{\"@type\":\"ListItem\",\"position\":1,\"name\":\"Startseite\",\"item\":\"https:\\\/\\\/keep2share.info\\\/pl\\\/\"},{\"@type\":\"ListItem\",\"position\":2,\"name\":\"Polityka prywatno\u015bci\"}]},{\"@type\":\"WebSite\",\"@id\":\"https:\\\/\\\/keep2share.info\\\/#website\",\"url\":\"https:\\\/\\\/keep2share.info\\\/\",\"name\":\"Keep2Share\",\"description\":\"\",\"publisher\":{\"@id\":\"https:\\\/\\\/keep2share.info\\\/#organization\"},\"potentialAction\":[{\"@type\":\"SearchAction\",\"target\":{\"@type\":\"EntryPoint\",\"urlTemplate\":\"https:\\\/\\\/keep2share.info\\\/?s={search_term_string}\"},\"query-input\":{\"@type\":\"PropertyValueSpecification\",\"valueRequired\":true,\"valueName\":\"search_term_string\"}}],\"inLanguage\":\"pl-PL\"},{\"@type\":\"Organization\",\"@id\":\"https:\\\/\\\/keep2share.info\\\/#organization\",\"name\":\"Keep2Share\",\"url\":\"https:\\\/\\\/keep2share.info\\\/\",\"logo\":{\"@type\":\"ImageObject\",\"inLanguage\":\"pl-PL\",\"@id\":\"https:\\\/\\\/keep2share.info\\\/#\\\/schema\\\/logo\\\/image\\\/\",\"url\":\"https:\\\/\\\/keep2share.info\\\/wp-content\\\/uploads\\\/2025\\\/08\\\/keep2share_logo_300px.png\",\"contentUrl\":\"https:\\\/\\\/keep2share.info\\\/wp-content\\\/uploads\\\/2025\\\/08\\\/keep2share_logo_300px.png\",\"width\":300,\"height\":85,\"caption\":\"Keep2Share\"},\"image\":{\"@id\":\"https:\\\/\\\/keep2share.info\\\/#\\\/schema\\\/logo\\\/image\\\/\"}}]}<\/script>\n<!-- \/ Yoast SEO plugin. -->","yoast_head_json":{"title":"Polityka prywatno\u015bci - Keep2Share","robots":{"index":"noindex","follow":"nofollow"},"og_locale":"pl_PL","og_type":"article","og_title":"Polityka prywatno\u015bci - Keep2Share","og_description":"Ochrona danych Operatorzy tych stron bardzo powa\u017cnie traktuj\u0105 ochron\u0119 Pa\u0144stwa danych osobowych. Traktujemy Pa\u0144stwa dane osobowe w spos\u00f3b poufny i","og_url":"https:\/\/keep2share.info\/pl\/privacy-policy\/","og_site_name":"Keep2Share","article_modified_time":"2021-11-11T07:17:47+00:00","twitter_card":"summary_large_image","twitter_misc":{"Szacowany czas czytania":"4 minuty"},"schema":{"@context":"https:\/\/schema.org","@graph":[{"@type":"WebPage","@id":"https:\/\/keep2share.info\/pl\/privacy-policy\/","url":"https:\/\/keep2share.info\/pl\/privacy-policy\/","name":"Polityka prywatno\u015bci - Keep2Share","isPartOf":{"@id":"https:\/\/keep2share.info\/#website"},"datePublished":"2017-12-18T16:02:28+00:00","dateModified":"2021-11-11T07:17:47+00:00","breadcrumb":{"@id":"https:\/\/keep2share.info\/pl\/privacy-policy\/#breadcrumb"},"inLanguage":"pl-PL","potentialAction":[{"@type":"ReadAction","target":["https:\/\/keep2share.info\/pl\/privacy-policy\/"]}]},{"@type":"BreadcrumbList","@id":"https:\/\/keep2share.info\/pl\/privacy-policy\/#breadcrumb","itemListElement":[{"@type":"ListItem","position":1,"name":"Startseite","item":"https:\/\/keep2share.info\/pl\/"},{"@type":"ListItem","position":2,"name":"Polityka prywatno\u015bci"}]},{"@type":"WebSite","@id":"https:\/\/keep2share.info\/#website","url":"https:\/\/keep2share.info\/","name":"Keep2Share","description":"","publisher":{"@id":"https:\/\/keep2share.info\/#organization"},"potentialAction":[{"@type":"SearchAction","target":{"@type":"EntryPoint","urlTemplate":"https:\/\/keep2share.info\/?s={search_term_string}"},"query-input":{"@type":"PropertyValueSpecification","valueRequired":true,"valueName":"search_term_string"}}],"inLanguage":"pl-PL"},{"@type":"Organization","@id":"https:\/\/keep2share.info\/#organization","name":"Keep2Share","url":"https:\/\/keep2share.info\/","logo":{"@type":"ImageObject","inLanguage":"pl-PL","@id":"https:\/\/keep2share.info\/#\/schema\/logo\/image\/","url":"https:\/\/keep2share.info\/wp-content\/uploads\/2025\/08\/keep2share_logo_300px.png","contentUrl":"https:\/\/keep2share.info\/wp-content\/uploads\/2025\/08\/keep2share_logo_300px.png","width":300,"height":85,"caption":"Keep2Share"},"image":{"@id":"https:\/\/keep2share.info\/#\/schema\/logo\/image\/"}}]}},"_links":{"self":[{"href":"https:\/\/keep2share.info\/pl\/wp-json\/wp\/v2\/pages\/866","targetHints":{"allow":["GET"]}}],"collection":[{"href":"https:\/\/keep2share.info\/pl\/wp-json\/wp\/v2\/pages"}],"about":[{"href":"https:\/\/keep2share.info\/pl\/wp-json\/wp\/v2\/types\/page"}],"author":[{"embeddable":true,"href":"https:\/\/keep2share.info\/pl\/wp-json\/wp\/v2\/users\/3"}],"replies":[{"embeddable":true,"href":"https:\/\/keep2share.info\/pl\/wp-json\/wp\/v2\/comments?post=866"}],"version-history":[{"count":2,"href":"https:\/\/keep2share.info\/pl\/wp-json\/wp\/v2\/pages\/866\/revisions"}],"predecessor-version":[{"id":906,"href":"https:\/\/keep2share.info\/pl\/wp-json\/wp\/v2\/pages\/866\/revisions\/906"}],"wp:attachment":[{"href":"https:\/\/keep2share.info\/pl\/wp-json\/wp\/v2\/media?parent=866"}],"curies":[{"name":"wp","href":"https:\/\/api.w.org\/{rel}","templated":true}]}}