{"id":841,"date":"2021-11-08T14:13:24","date_gmt":"2021-11-08T14:13:24","guid":{"rendered":"https:\/\/h8atlq87g9.onrocket.site\/affiliate\/"},"modified":"2021-11-10T19:00:54","modified_gmt":"2021-11-10T19:00:54","slug":"affiliate","status":"publish","type":"page","link":"https:\/\/keep2share.info\/pl\/affiliate\/","title":{"rendered":"Affiliate"},"content":{"rendered":"<p><strong>Jak to dzia\u0142a?<br \/>\n<\/strong><\/p>\n<p><img loading=\"lazy\" decoding=\"async\" class=\"alignnone wp-image-738 \" src=\"https:\/\/keep2share.info\/wp-content\/uploads\/2021\/11\/keep2share.info-affiliate.png\" alt=\"keep2share.info affiliate\" width=\"717\" height=\"368\" srcset=\"https:\/\/keep2share.info\/wp-content\/uploads\/2021\/11\/keep2share.info-affiliate.png 1125w, https:\/\/keep2share.info\/wp-content\/uploads\/2021\/11\/keep2share.info-affiliate-300x154.png 300w, https:\/\/keep2share.info\/wp-content\/uploads\/2021\/11\/keep2share.info-affiliate-1024x525.png 1024w, https:\/\/keep2share.info\/wp-content\/uploads\/2021\/11\/keep2share.info-affiliate-768x394.png 768w\" sizes=\"auto, (max-width: 717px) 100vw, 717px\" \/><\/p>\n<table>\n<tbody>\n<tr>\n<td>Dodaj pliki do MoneyPlatform<\/p>\n<p>Do\u0142\u0105cz dane\/filmy do stron internetowych<\/p>\n<p>Uzyska\u0107 got\u00f3wk\u0119 w praktyczny spos\u00f3b<\/td>\n<\/tr>\n<tr>\n<td>Trudne sposoby (bez MoneyPlatform).<\/p>\n<p>Nabycie serwer\u00f3w do przechowywania plik\u00f3w.<\/p>\n<p>Udost\u0119pni\u0107 mo\u017cliwo\u015b\u0107 pobierania plik\u00f3w.<\/p>\n<p>Udost\u0119pnianie transmisji wideo.<\/p>\n<p>Ustanowienie wej\u015b\u0107 sp\u0142at.<\/p>\n<p>Chronione transakcje finansowe.<\/p>\n<p>Udziela\u0107 indywidualnej pomocy technicznej.<\/p>\n<p>Umieszcza\u0107 pliki na serwerach internetowych.<\/p>\n<p>Do\u0142\u0105cza\u0107 dokumenty\/filmy do strony internetowej.<\/p>\n<p>Uzyska\u0107 wygenerowany doch\u00f3d z portali sp\u0142at.<\/td>\n<\/tr>\n<\/tbody>\n<\/table>\n<p><strong>DZIA\u0141ANIE 1: Prze\u015blij dane.<\/strong><\/p>\n<p>Umieszczaj swoje dane w prosty spos\u00f3b: za pomoc\u0105 przegl\u0105darki internetowej, FTP lub bezpo\u015brednio z innych stron internetowych.<\/p>\n<p><strong>DZIA\u0141ANIE 2: Udost\u0119pniaj.<\/strong><\/p>\n<p>Umie\u015b\u0107 w serwisie linki do swoich dokument\u00f3w.<br \/>\nZamie\u015b\u0107 na stronie odtwarzacz klip\u00f3w wideo.<\/p>\n<p><strong>DZIA\u0141ANIE 3: Zdob\u0105d\u017a nagrod\u0119.<\/strong><\/p>\n<p>Osoby wydaj\u0105 pieni\u0105dze za dost\u0119p do Twoich plik\u00f3w.<br \/>\nSta\u0144 do 75% przej\u0119\u0107 u\u017cytkownik\u00f3w.<\/p>\n<p><strong>Cechy<\/strong><\/p>\n<ul>\n<li>Wszystkie rodzaje plik\u00f3w s\u0105 obs\u0142ugiwane przez wideo, piosenki, archiwa, jak r\u00f3wnie\u017c inne &#8211; Klipy wideo, piosenki, archiwa, a tak\u017ce inne.<\/li>\n<li>Automatyczna konwersja &#8211; Wideo jest natychmiast przekszta\u0142cane dla widok\u00f3w internetowych.<\/li>\n<li>Dane a\u017c 15 GB &#8211; Optymalny rozmiar pliku to 15 GB.<br \/>\nR\u00f3\u017cne opcje przesy\u0142ania danych &#8211; INTERNET, FTP, API, bezpo\u015brednie przesy\u0142anie z innych<\/li>\n<li>stron.<\/li>\n<\/ul>\n","protected":false},"excerpt":{"rendered":"<p>Jak to dzia\u0142a? Dodaj pliki do MoneyPlatform Do\u0142\u0105cz dane\/filmy do stron internetowych Uzyska\u0107 got\u00f3wk\u0119 w praktyczny spos\u00f3b Trudne sposoby (bez<\/p>\n","protected":false},"author":3,"featured_media":0,"parent":0,"menu_order":0,"comment_status":"closed","ping_status":"closed","template":"","meta":{"colormag_page_container_layout":"default_layout","colormag_page_sidebar_layout":"default_layout","footnotes":""},"class_list":["post-841","page","type-page","status-publish","hentry"],"yoast_head":"<!-- This site is optimized with the Yoast SEO plugin v27.3 - https:\/\/yoast.com\/product\/yoast-seo-wordpress\/ -->\n<title>Affiliate - Keep2Share<\/title>\n<meta name=\"robots\" content=\"index, follow, max-snippet:-1, max-image-preview:large, max-video-preview:-1\" \/>\n<link rel=\"canonical\" href=\"https:\/\/keep2share.info\/pl\/affiliate\/\" \/>\n<meta property=\"og:locale\" content=\"pl_PL\" \/>\n<meta property=\"og:type\" content=\"article\" \/>\n<meta property=\"og:title\" content=\"Affiliate - Keep2Share\" \/>\n<meta property=\"og:description\" content=\"Jak to dzia\u0142a? Dodaj pliki do MoneyPlatform Do\u0142\u0105cz dane\/filmy do stron internetowych Uzyska\u0107 got\u00f3wk\u0119 w praktyczny spos\u00f3b Trudne sposoby (bez\" \/>\n<meta property=\"og:url\" content=\"https:\/\/keep2share.info\/pl\/affiliate\/\" \/>\n<meta property=\"og:site_name\" content=\"Keep2Share\" \/>\n<meta property=\"article:modified_time\" content=\"2021-11-10T19:00:54+00:00\" \/>\n<meta property=\"og:image\" content=\"https:\/\/keep2share.info\/wp-content\/uploads\/2021\/11\/keep2share.info-affiliate.png\" \/>\n<meta name=\"twitter:card\" content=\"summary_large_image\" \/>\n<meta name=\"twitter:label1\" content=\"Szacowany czas czytania\" \/>\n\t<meta name=\"twitter:data1\" content=\"2 minuty\" \/>\n<script type=\"application\/ld+json\" class=\"yoast-schema-graph\">{\"@context\":\"https:\\\/\\\/schema.org\",\"@graph\":[{\"@type\":\"WebPage\",\"@id\":\"https:\\\/\\\/keep2share.info\\\/pl\\\/affiliate\\\/\",\"url\":\"https:\\\/\\\/keep2share.info\\\/pl\\\/affiliate\\\/\",\"name\":\"Affiliate - Keep2Share\",\"isPartOf\":{\"@id\":\"https:\\\/\\\/keep2share.info\\\/#website\"},\"primaryImageOfPage\":{\"@id\":\"https:\\\/\\\/keep2share.info\\\/pl\\\/affiliate\\\/#primaryimage\"},\"image\":{\"@id\":\"https:\\\/\\\/keep2share.info\\\/pl\\\/affiliate\\\/#primaryimage\"},\"thumbnailUrl\":\"https:\\\/\\\/keep2share.info\\\/wp-content\\\/uploads\\\/2021\\\/11\\\/keep2share.info-affiliate.png\",\"datePublished\":\"2021-11-08T14:13:24+00:00\",\"dateModified\":\"2021-11-10T19:00:54+00:00\",\"breadcrumb\":{\"@id\":\"https:\\\/\\\/keep2share.info\\\/pl\\\/affiliate\\\/#breadcrumb\"},\"inLanguage\":\"pl-PL\",\"potentialAction\":[{\"@type\":\"ReadAction\",\"target\":[\"https:\\\/\\\/keep2share.info\\\/pl\\\/affiliate\\\/\"]}]},{\"@type\":\"ImageObject\",\"inLanguage\":\"pl-PL\",\"@id\":\"https:\\\/\\\/keep2share.info\\\/pl\\\/affiliate\\\/#primaryimage\",\"url\":\"https:\\\/\\\/keep2share.info\\\/wp-content\\\/uploads\\\/2021\\\/11\\\/keep2share.info-affiliate.png\",\"contentUrl\":\"https:\\\/\\\/keep2share.info\\\/wp-content\\\/uploads\\\/2021\\\/11\\\/keep2share.info-affiliate.png\"},{\"@type\":\"BreadcrumbList\",\"@id\":\"https:\\\/\\\/keep2share.info\\\/pl\\\/affiliate\\\/#breadcrumb\",\"itemListElement\":[{\"@type\":\"ListItem\",\"position\":1,\"name\":\"Startseite\",\"item\":\"https:\\\/\\\/keep2share.info\\\/pl\\\/\"},{\"@type\":\"ListItem\",\"position\":2,\"name\":\"Affiliate\"}]},{\"@type\":\"WebSite\",\"@id\":\"https:\\\/\\\/keep2share.info\\\/#website\",\"url\":\"https:\\\/\\\/keep2share.info\\\/\",\"name\":\"Keep2Share\",\"description\":\"\",\"publisher\":{\"@id\":\"https:\\\/\\\/keep2share.info\\\/#organization\"},\"potentialAction\":[{\"@type\":\"SearchAction\",\"target\":{\"@type\":\"EntryPoint\",\"urlTemplate\":\"https:\\\/\\\/keep2share.info\\\/?s={search_term_string}\"},\"query-input\":{\"@type\":\"PropertyValueSpecification\",\"valueRequired\":true,\"valueName\":\"search_term_string\"}}],\"inLanguage\":\"pl-PL\"},{\"@type\":\"Organization\",\"@id\":\"https:\\\/\\\/keep2share.info\\\/#organization\",\"name\":\"Keep2Share\",\"url\":\"https:\\\/\\\/keep2share.info\\\/\",\"logo\":{\"@type\":\"ImageObject\",\"inLanguage\":\"pl-PL\",\"@id\":\"https:\\\/\\\/keep2share.info\\\/#\\\/schema\\\/logo\\\/image\\\/\",\"url\":\"https:\\\/\\\/keep2share.info\\\/wp-content\\\/uploads\\\/2025\\\/08\\\/keep2share_logo_300px.png\",\"contentUrl\":\"https:\\\/\\\/keep2share.info\\\/wp-content\\\/uploads\\\/2025\\\/08\\\/keep2share_logo_300px.png\",\"width\":300,\"height\":85,\"caption\":\"Keep2Share\"},\"image\":{\"@id\":\"https:\\\/\\\/keep2share.info\\\/#\\\/schema\\\/logo\\\/image\\\/\"}}]}<\/script>\n<!-- \/ Yoast SEO plugin. -->","yoast_head_json":{"title":"Affiliate - Keep2Share","robots":{"index":"index","follow":"follow","max-snippet":"max-snippet:-1","max-image-preview":"max-image-preview:large","max-video-preview":"max-video-preview:-1"},"canonical":"https:\/\/keep2share.info\/pl\/affiliate\/","og_locale":"pl_PL","og_type":"article","og_title":"Affiliate - Keep2Share","og_description":"Jak to dzia\u0142a? Dodaj pliki do MoneyPlatform Do\u0142\u0105cz dane\/filmy do stron internetowych Uzyska\u0107 got\u00f3wk\u0119 w praktyczny spos\u00f3b Trudne sposoby (bez","og_url":"https:\/\/keep2share.info\/pl\/affiliate\/","og_site_name":"Keep2Share","article_modified_time":"2021-11-10T19:00:54+00:00","og_image":[{"url":"https:\/\/keep2share.info\/wp-content\/uploads\/2021\/11\/keep2share.info-affiliate.png","type":"","width":"","height":""}],"twitter_card":"summary_large_image","twitter_misc":{"Szacowany czas czytania":"2 minuty"},"schema":{"@context":"https:\/\/schema.org","@graph":[{"@type":"WebPage","@id":"https:\/\/keep2share.info\/pl\/affiliate\/","url":"https:\/\/keep2share.info\/pl\/affiliate\/","name":"Affiliate - Keep2Share","isPartOf":{"@id":"https:\/\/keep2share.info\/#website"},"primaryImageOfPage":{"@id":"https:\/\/keep2share.info\/pl\/affiliate\/#primaryimage"},"image":{"@id":"https:\/\/keep2share.info\/pl\/affiliate\/#primaryimage"},"thumbnailUrl":"https:\/\/keep2share.info\/wp-content\/uploads\/2021\/11\/keep2share.info-affiliate.png","datePublished":"2021-11-08T14:13:24+00:00","dateModified":"2021-11-10T19:00:54+00:00","breadcrumb":{"@id":"https:\/\/keep2share.info\/pl\/affiliate\/#breadcrumb"},"inLanguage":"pl-PL","potentialAction":[{"@type":"ReadAction","target":["https:\/\/keep2share.info\/pl\/affiliate\/"]}]},{"@type":"ImageObject","inLanguage":"pl-PL","@id":"https:\/\/keep2share.info\/pl\/affiliate\/#primaryimage","url":"https:\/\/keep2share.info\/wp-content\/uploads\/2021\/11\/keep2share.info-affiliate.png","contentUrl":"https:\/\/keep2share.info\/wp-content\/uploads\/2021\/11\/keep2share.info-affiliate.png"},{"@type":"BreadcrumbList","@id":"https:\/\/keep2share.info\/pl\/affiliate\/#breadcrumb","itemListElement":[{"@type":"ListItem","position":1,"name":"Startseite","item":"https:\/\/keep2share.info\/pl\/"},{"@type":"ListItem","position":2,"name":"Affiliate"}]},{"@type":"WebSite","@id":"https:\/\/keep2share.info\/#website","url":"https:\/\/keep2share.info\/","name":"Keep2Share","description":"","publisher":{"@id":"https:\/\/keep2share.info\/#organization"},"potentialAction":[{"@type":"SearchAction","target":{"@type":"EntryPoint","urlTemplate":"https:\/\/keep2share.info\/?s={search_term_string}"},"query-input":{"@type":"PropertyValueSpecification","valueRequired":true,"valueName":"search_term_string"}}],"inLanguage":"pl-PL"},{"@type":"Organization","@id":"https:\/\/keep2share.info\/#organization","name":"Keep2Share","url":"https:\/\/keep2share.info\/","logo":{"@type":"ImageObject","inLanguage":"pl-PL","@id":"https:\/\/keep2share.info\/#\/schema\/logo\/image\/","url":"https:\/\/keep2share.info\/wp-content\/uploads\/2025\/08\/keep2share_logo_300px.png","contentUrl":"https:\/\/keep2share.info\/wp-content\/uploads\/2025\/08\/keep2share_logo_300px.png","width":300,"height":85,"caption":"Keep2Share"},"image":{"@id":"https:\/\/keep2share.info\/#\/schema\/logo\/image\/"}}]}},"_links":{"self":[{"href":"https:\/\/keep2share.info\/pl\/wp-json\/wp\/v2\/pages\/841","targetHints":{"allow":["GET"]}}],"collection":[{"href":"https:\/\/keep2share.info\/pl\/wp-json\/wp\/v2\/pages"}],"about":[{"href":"https:\/\/keep2share.info\/pl\/wp-json\/wp\/v2\/types\/page"}],"author":[{"embeddable":true,"href":"https:\/\/keep2share.info\/pl\/wp-json\/wp\/v2\/users\/3"}],"replies":[{"embeddable":true,"href":"https:\/\/keep2share.info\/pl\/wp-json\/wp\/v2\/comments?post=841"}],"version-history":[{"count":2,"href":"https:\/\/keep2share.info\/pl\/wp-json\/wp\/v2\/pages\/841\/revisions"}],"predecessor-version":[{"id":850,"href":"https:\/\/keep2share.info\/pl\/wp-json\/wp\/v2\/pages\/841\/revisions\/850"}],"wp:attachment":[{"href":"https:\/\/keep2share.info\/pl\/wp-json\/wp\/v2\/media?parent=841"}],"curies":[{"name":"wp","href":"https:\/\/api.w.org\/{rel}","templated":true}]}}