{"id":821,"date":"2021-11-08T14:03:23","date_gmt":"2021-11-08T14:03:23","guid":{"rendered":"https:\/\/h8atlq87g9.onrocket.site\/premium-account\/"},"modified":"2021-11-10T18:54:13","modified_gmt":"2021-11-10T18:54:13","slug":"premium-account","status":"publish","type":"page","link":"https:\/\/keep2share.info\/pl\/premium-account\/","title":{"rendered":"Premium"},"content":{"rendered":"<p style=\"text-align: center;\"><strong>Zdob\u0105d\u017a swoje konto Keep2share Premium ju\u017c dzi\u015b!<\/strong><\/p>\n<p style=\"text-align: center;\"><strong>Sprawd\u017a nasz\u0105 doskona\u0142\u0105 ofert\u0119!<\/strong><\/p>\n<p style=\"text-align: center;\"><img loading=\"lazy\" decoding=\"async\" class=\"alignnone wp-image-769 size-full\" src=\"https:\/\/keep2share.info\/wp-content\/uploads\/2021\/11\/keep2share.info-premium.png\" alt=\"keep2share premium\" width=\"500\" height=\"500\" srcset=\"https:\/\/keep2share.info\/wp-content\/uploads\/2021\/11\/keep2share.info-premium.png 500w, https:\/\/keep2share.info\/wp-content\/uploads\/2021\/11\/keep2share.info-premium-300x300.png 300w, https:\/\/keep2share.info\/wp-content\/uploads\/2021\/11\/keep2share.info-premium-150x150.png 150w\" sizes=\"auto, (max-width: 500px) 100vw, 500px\" \/><\/p>\n<p style=\"text-align: center;\"><strong>Silna ochrona<\/strong><\/p>\n<p style=\"text-align: center;\">Twoje dane, jak r\u00f3wnie\u017c pliki do pobrania s\u0105 ca\u0142kowicie chronione przez nasz najnowocze\u015bniejszy system szyfrowania. Nigdy wi\u0119cej nie martw si\u0119 o bezpiecze\u0144stwo informacji.<\/p>\n<p style=\"text-align: center;\"><strong>Szybko\u015b\u0107<\/strong><\/p>\n<p style=\"text-align: center;\">Doceniaj ponadd\u017awi\u0119kowe pobieranie plik\u00f3w z naszej zmniejszaj\u0105cej przestrze\u0144 dyskow\u0105 chmury. Mo\u017cesz r\u00f3wnie\u017c skorzysta\u0107 z akcelerator\u00f3w pobierania, aby uzyska\u0107 znacznie lepsze wra\u017cenia.<\/p>\n<p style=\"text-align: center;\"><strong>Brak czasu oczekiwania<\/strong><\/p>\n<p style=\"text-align: center;\">Twoje pobieranie rozpoczyna si\u0119 natychmiastowo. Ko\u0144cz\u0105 si\u0119 te\u017c praktycznie natychmiast! Po\u017cegnaj si\u0119 z traceniem czasu na oczekiwanie na to, czego potrzebujesz!<\/p>\n<p style=\"text-align: center;\"><img loading=\"lazy\" decoding=\"async\" class=\"aligncenter wp-image-788 size-full\" src=\"https:\/\/keep2share.info\/wp-content\/uploads\/2021\/11\/keep2share-free.png\" alt=\"keep2share free\" width=\"465\" height=\"332\" srcset=\"https:\/\/keep2share.info\/wp-content\/uploads\/2021\/11\/keep2share-free.png 465w, https:\/\/keep2share.info\/wp-content\/uploads\/2021\/11\/keep2share-free-300x214.png 300w\" sizes=\"auto, (max-width: 465px) 100vw, 465px\" \/><\/p>\n<p style=\"text-align: center;\">Klienci kont darmowych maj\u0105 ograniczon\u0105 pr\u0119dko\u015b\u0107 pobierania do 50 kb\/s. Nie mog\u0105 pobiera\u0107 i instalowa\u0107 dokument\u00f3w za pomoc\u0105 mened\u017cera danych ani korzysta\u0107 z atrybut\u00f3w pobierania takich jak identyczne pobieranie czy powr\u00f3t do przerwanych pobra\u0144.<\/p>\n<p style=\"text-align: center;\">Aby otworzy\u0107 znacznie lepsze atrybuty klienci musz\u0105 zapisa\u0107 si\u0119 spo\u015br\u00f3d obu p\u0142atnych kont, Costs jak r\u00f3wnie\u017c Costs Pro.<\/p>\n<p style=\"text-align: center;\"><img loading=\"lazy\" decoding=\"async\" class=\"aligncenter wp-image-781 size-full\" src=\"https:\/\/keep2share.info\/wp-content\/uploads\/2021\/11\/keep2share-premium-1.png\" alt=\"keep2share premium\" width=\"760\" height=\"571\" srcset=\"https:\/\/keep2share.info\/wp-content\/uploads\/2021\/11\/keep2share-premium-1.png 760w, https:\/\/keep2share.info\/wp-content\/uploads\/2021\/11\/keep2share-premium-1-300x225.png 300w\" sizes=\"auto, (max-width: 760px) 100vw, 760px\" \/><\/p>\n<p style=\"text-align: center;\">Koszty przygotowania zaczyna si\u0119 od $6.95\/ 3 dni, $16.95\/ trzydzie\u015bci dni, $13.98\/ miesi\u0105c na 90 dni, jak r\u00f3wnie\u017c $9.50\/ miesi\u0105c na 365 dni. Konto Costs posiada 50 GB przestrzeni dyskowej, a tak\u017ce umo\u017cliwia ad-free pobrania oko\u0142o 20 GB ka\u017cdego dnia.<\/p>\n<p style=\"text-align: center;\"><img loading=\"lazy\" decoding=\"async\" class=\"alignnone wp-image-775 size-full\" src=\"https:\/\/keep2share.info\/wp-content\/uploads\/2021\/11\/keep2share-premium-pro-1.png\" alt=\"keep2share premium pro\" width=\"763\" height=\"571\" srcset=\"https:\/\/keep2share.info\/wp-content\/uploads\/2021\/11\/keep2share-premium-pro-1.png 763w, https:\/\/keep2share.info\/wp-content\/uploads\/2021\/11\/keep2share-premium-pro-1-300x225.png 300w\" sizes=\"auto, (max-width: 763px) 100vw, 763px\" \/><\/p>\n<p style=\"text-align: center;\">Dla jeszcze wi\u0119cej miejsca, a tak\u017ce funkcji, jest Costs Pro, kt\u00f3ry zaczyna si\u0119 od $ 8,95\/ 3 dni, $ 21,95\/ 30 dni, $ 17,32\/ m na 90 dni, jak r\u00f3wnie\u017c $ 11,75\/ m na 365 dni. W zamian otrzymujesz 60 GB powierzchni magazynowej, jak r\u00f3wnie\u017c 50 GB dobrze warte ad-free pobra\u0144 dziennie. W uzupe\u0142nieniu do wszystkich atrybut\u00f3w konta Costs, otrzymujesz dodatkowo mo\u017cliwo\u015b\u0107 korzystania z rozwi\u0105za\u0144 mozaiki infekcji, jak r\u00f3wnie\u017c zdolno\u015b\u0107 do pobierania i instalowania danych anonimowo.<\/p>\n","protected":false},"excerpt":{"rendered":"<p>Zdob\u0105d\u017a swoje konto Keep2share Premium ju\u017c dzi\u015b! Sprawd\u017a nasz\u0105 doskona\u0142\u0105 ofert\u0119! Silna ochrona Twoje dane, jak r\u00f3wnie\u017c pliki do pobrania<\/p>\n","protected":false},"author":3,"featured_media":0,"parent":0,"menu_order":0,"comment_status":"closed","ping_status":"closed","template":"","meta":{"colormag_page_container_layout":"default_layout","colormag_page_sidebar_layout":"default_layout","footnotes":""},"class_list":["post-821","page","type-page","status-publish","hentry"],"yoast_head":"<!-- This site is optimized with the Yoast SEO plugin v27.3 - https:\/\/yoast.com\/product\/yoast-seo-wordpress\/ -->\n<title>Premium - Keep2Share<\/title>\n<meta name=\"robots\" content=\"index, follow, max-snippet:-1, max-image-preview:large, max-video-preview:-1\" \/>\n<link rel=\"canonical\" href=\"https:\/\/keep2share.info\/pl\/premium-account\/\" \/>\n<meta property=\"og:locale\" content=\"pl_PL\" \/>\n<meta property=\"og:type\" content=\"article\" \/>\n<meta property=\"og:title\" content=\"Premium - Keep2Share\" \/>\n<meta property=\"og:description\" content=\"Zdob\u0105d\u017a swoje konto Keep2share Premium ju\u017c dzi\u015b! Sprawd\u017a nasz\u0105 doskona\u0142\u0105 ofert\u0119! Silna ochrona Twoje dane, jak r\u00f3wnie\u017c pliki do pobrania\" \/>\n<meta property=\"og:url\" content=\"https:\/\/keep2share.info\/pl\/premium-account\/\" \/>\n<meta property=\"og:site_name\" content=\"Keep2Share\" \/>\n<meta property=\"article:modified_time\" content=\"2021-11-10T18:54:13+00:00\" \/>\n<meta property=\"og:image\" content=\"https:\/\/keep2share.info\/wp-content\/uploads\/2021\/11\/keep2share.info-premium.png\" \/>\n<meta name=\"twitter:card\" content=\"summary_large_image\" \/>\n<meta name=\"twitter:label1\" content=\"Szacowany czas czytania\" \/>\n\t<meta name=\"twitter:data1\" content=\"2 minuty\" \/>\n<script type=\"application\/ld+json\" class=\"yoast-schema-graph\">{\"@context\":\"https:\\\/\\\/schema.org\",\"@graph\":[{\"@type\":\"WebPage\",\"@id\":\"https:\\\/\\\/keep2share.info\\\/pl\\\/premium-account\\\/\",\"url\":\"https:\\\/\\\/keep2share.info\\\/pl\\\/premium-account\\\/\",\"name\":\"Premium - Keep2Share\",\"isPartOf\":{\"@id\":\"https:\\\/\\\/keep2share.info\\\/#website\"},\"primaryImageOfPage\":{\"@id\":\"https:\\\/\\\/keep2share.info\\\/pl\\\/premium-account\\\/#primaryimage\"},\"image\":{\"@id\":\"https:\\\/\\\/keep2share.info\\\/pl\\\/premium-account\\\/#primaryimage\"},\"thumbnailUrl\":\"https:\\\/\\\/keep2share.info\\\/wp-content\\\/uploads\\\/2021\\\/11\\\/keep2share.info-premium.png\",\"datePublished\":\"2021-11-08T14:03:23+00:00\",\"dateModified\":\"2021-11-10T18:54:13+00:00\",\"breadcrumb\":{\"@id\":\"https:\\\/\\\/keep2share.info\\\/pl\\\/premium-account\\\/#breadcrumb\"},\"inLanguage\":\"pl-PL\",\"potentialAction\":[{\"@type\":\"ReadAction\",\"target\":[\"https:\\\/\\\/keep2share.info\\\/pl\\\/premium-account\\\/\"]}]},{\"@type\":\"ImageObject\",\"inLanguage\":\"pl-PL\",\"@id\":\"https:\\\/\\\/keep2share.info\\\/pl\\\/premium-account\\\/#primaryimage\",\"url\":\"https:\\\/\\\/keep2share.info\\\/wp-content\\\/uploads\\\/2021\\\/11\\\/keep2share.info-premium.png\",\"contentUrl\":\"https:\\\/\\\/keep2share.info\\\/wp-content\\\/uploads\\\/2021\\\/11\\\/keep2share.info-premium.png\"},{\"@type\":\"BreadcrumbList\",\"@id\":\"https:\\\/\\\/keep2share.info\\\/pl\\\/premium-account\\\/#breadcrumb\",\"itemListElement\":[{\"@type\":\"ListItem\",\"position\":1,\"name\":\"Startseite\",\"item\":\"https:\\\/\\\/keep2share.info\\\/pl\\\/\"},{\"@type\":\"ListItem\",\"position\":2,\"name\":\"Premium\"}]},{\"@type\":\"WebSite\",\"@id\":\"https:\\\/\\\/keep2share.info\\\/#website\",\"url\":\"https:\\\/\\\/keep2share.info\\\/\",\"name\":\"Keep2Share\",\"description\":\"\",\"publisher\":{\"@id\":\"https:\\\/\\\/keep2share.info\\\/#organization\"},\"potentialAction\":[{\"@type\":\"SearchAction\",\"target\":{\"@type\":\"EntryPoint\",\"urlTemplate\":\"https:\\\/\\\/keep2share.info\\\/?s={search_term_string}\"},\"query-input\":{\"@type\":\"PropertyValueSpecification\",\"valueRequired\":true,\"valueName\":\"search_term_string\"}}],\"inLanguage\":\"pl-PL\"},{\"@type\":\"Organization\",\"@id\":\"https:\\\/\\\/keep2share.info\\\/#organization\",\"name\":\"Keep2Share\",\"url\":\"https:\\\/\\\/keep2share.info\\\/\",\"logo\":{\"@type\":\"ImageObject\",\"inLanguage\":\"pl-PL\",\"@id\":\"https:\\\/\\\/keep2share.info\\\/#\\\/schema\\\/logo\\\/image\\\/\",\"url\":\"https:\\\/\\\/keep2share.info\\\/wp-content\\\/uploads\\\/2025\\\/08\\\/keep2share_logo_300px.png\",\"contentUrl\":\"https:\\\/\\\/keep2share.info\\\/wp-content\\\/uploads\\\/2025\\\/08\\\/keep2share_logo_300px.png\",\"width\":300,\"height\":85,\"caption\":\"Keep2Share\"},\"image\":{\"@id\":\"https:\\\/\\\/keep2share.info\\\/#\\\/schema\\\/logo\\\/image\\\/\"}}]}<\/script>\n<!-- \/ Yoast SEO plugin. -->","yoast_head_json":{"title":"Premium - Keep2Share","robots":{"index":"index","follow":"follow","max-snippet":"max-snippet:-1","max-image-preview":"max-image-preview:large","max-video-preview":"max-video-preview:-1"},"canonical":"https:\/\/keep2share.info\/pl\/premium-account\/","og_locale":"pl_PL","og_type":"article","og_title":"Premium - Keep2Share","og_description":"Zdob\u0105d\u017a swoje konto Keep2share Premium ju\u017c dzi\u015b! Sprawd\u017a nasz\u0105 doskona\u0142\u0105 ofert\u0119! Silna ochrona Twoje dane, jak r\u00f3wnie\u017c pliki do pobrania","og_url":"https:\/\/keep2share.info\/pl\/premium-account\/","og_site_name":"Keep2Share","article_modified_time":"2021-11-10T18:54:13+00:00","og_image":[{"url":"https:\/\/keep2share.info\/wp-content\/uploads\/2021\/11\/keep2share.info-premium.png","type":"","width":"","height":""}],"twitter_card":"summary_large_image","twitter_misc":{"Szacowany czas czytania":"2 minuty"},"schema":{"@context":"https:\/\/schema.org","@graph":[{"@type":"WebPage","@id":"https:\/\/keep2share.info\/pl\/premium-account\/","url":"https:\/\/keep2share.info\/pl\/premium-account\/","name":"Premium - Keep2Share","isPartOf":{"@id":"https:\/\/keep2share.info\/#website"},"primaryImageOfPage":{"@id":"https:\/\/keep2share.info\/pl\/premium-account\/#primaryimage"},"image":{"@id":"https:\/\/keep2share.info\/pl\/premium-account\/#primaryimage"},"thumbnailUrl":"https:\/\/keep2share.info\/wp-content\/uploads\/2021\/11\/keep2share.info-premium.png","datePublished":"2021-11-08T14:03:23+00:00","dateModified":"2021-11-10T18:54:13+00:00","breadcrumb":{"@id":"https:\/\/keep2share.info\/pl\/premium-account\/#breadcrumb"},"inLanguage":"pl-PL","potentialAction":[{"@type":"ReadAction","target":["https:\/\/keep2share.info\/pl\/premium-account\/"]}]},{"@type":"ImageObject","inLanguage":"pl-PL","@id":"https:\/\/keep2share.info\/pl\/premium-account\/#primaryimage","url":"https:\/\/keep2share.info\/wp-content\/uploads\/2021\/11\/keep2share.info-premium.png","contentUrl":"https:\/\/keep2share.info\/wp-content\/uploads\/2021\/11\/keep2share.info-premium.png"},{"@type":"BreadcrumbList","@id":"https:\/\/keep2share.info\/pl\/premium-account\/#breadcrumb","itemListElement":[{"@type":"ListItem","position":1,"name":"Startseite","item":"https:\/\/keep2share.info\/pl\/"},{"@type":"ListItem","position":2,"name":"Premium"}]},{"@type":"WebSite","@id":"https:\/\/keep2share.info\/#website","url":"https:\/\/keep2share.info\/","name":"Keep2Share","description":"","publisher":{"@id":"https:\/\/keep2share.info\/#organization"},"potentialAction":[{"@type":"SearchAction","target":{"@type":"EntryPoint","urlTemplate":"https:\/\/keep2share.info\/?s={search_term_string}"},"query-input":{"@type":"PropertyValueSpecification","valueRequired":true,"valueName":"search_term_string"}}],"inLanguage":"pl-PL"},{"@type":"Organization","@id":"https:\/\/keep2share.info\/#organization","name":"Keep2Share","url":"https:\/\/keep2share.info\/","logo":{"@type":"ImageObject","inLanguage":"pl-PL","@id":"https:\/\/keep2share.info\/#\/schema\/logo\/image\/","url":"https:\/\/keep2share.info\/wp-content\/uploads\/2025\/08\/keep2share_logo_300px.png","contentUrl":"https:\/\/keep2share.info\/wp-content\/uploads\/2025\/08\/keep2share_logo_300px.png","width":300,"height":85,"caption":"Keep2Share"},"image":{"@id":"https:\/\/keep2share.info\/#\/schema\/logo\/image\/"}}]}},"_links":{"self":[{"href":"https:\/\/keep2share.info\/pl\/wp-json\/wp\/v2\/pages\/821","targetHints":{"allow":["GET"]}}],"collection":[{"href":"https:\/\/keep2share.info\/pl\/wp-json\/wp\/v2\/pages"}],"about":[{"href":"https:\/\/keep2share.info\/pl\/wp-json\/wp\/v2\/types\/page"}],"author":[{"embeddable":true,"href":"https:\/\/keep2share.info\/pl\/wp-json\/wp\/v2\/users\/3"}],"replies":[{"embeddable":true,"href":"https:\/\/keep2share.info\/pl\/wp-json\/wp\/v2\/comments?post=821"}],"version-history":[{"count":3,"href":"https:\/\/keep2share.info\/pl\/wp-json\/wp\/v2\/pages\/821\/revisions"}],"predecessor-version":[{"id":837,"href":"https:\/\/keep2share.info\/pl\/wp-json\/wp\/v2\/pages\/821\/revisions\/837"}],"wp:attachment":[{"href":"https:\/\/keep2share.info\/pl\/wp-json\/wp\/v2\/media?parent=821"}],"curies":[{"name":"wp","href":"https:\/\/api.w.org\/{rel}","templated":true}]}}