{"id":869,"date":"2021-11-09T21:29:56","date_gmt":"2021-11-09T21:29:56","guid":{"rendered":"https:\/\/h8atlq87g9.onrocket.site\/terms\/"},"modified":"2021-11-11T07:28:51","modified_gmt":"2021-11-11T07:28:51","slug":"terms","status":"publish","type":"page","link":"https:\/\/keep2share.info\/fr\/terms\/","title":{"rendered":"Conditions d&rsquo;utilisation"},"content":{"rendered":"<p>Veuillez consulter ce plan de confidentialit\u00e9 avant d&rsquo;utiliser le site Web ou d&rsquo;envoyer des informations personnelles. En utilisant le site Web, vous approuvez les m\u00e9thodes d\u00e9finies dans ce plan de confidentialit\u00e9. SI, A TOUT MOMENT, VOUS N&rsquo;ACCEPTEZ PAS CES CONDITIONS REQUISES ET CES PROBLEMES, VEUILLEZ METTRE FIN RAPIDEMENT A VOTRE UTILISATION DES SOLUTIONS ET VOUS CONFORMER AUX INSTRUCTIONS DE CET ACCORD.<\/p>\n<p>En approuvant ces Conditions d&rsquo;utilisation, vous acceptez que ces Conditions d&rsquo;utilisation soient appliqu\u00e9es chaque fois que vous utilisez la Solution. Si vous ne consentez pas \u00e0 \u00eatre li\u00e9(e) de la mani\u00e8re requise ici, vous ne pouvez pas utiliser la Solution et, dans ces circonstances, ne v\u00e9rifiez pas la mention \u00ab\u00a0Je r\u00e8gle et j&rsquo;accepte les conditions\u00a0\u00bb avant la conclusion de chaque acquisition.<\/p>\n<p>Nous assurons la s\u00e9curit\u00e9 des informations enregistr\u00e9es sur Keep2share.info. Nous nous engageons \u00e0 prot\u00e9ger vos informations personnelles. Toutes les informations individuelles fournies lors de l&rsquo;inscription seront utilis\u00e9es sp\u00e9cifiquement pour affiner vos commandes et confirmer les achats douteux, \u00e0 moins que vous ne nous autorisiez \u00e0 les utiliser d&rsquo;une autre mani\u00e8re, par exemple pour vous inscrire \u00e0 notre newsletter.<\/p>\n","protected":false},"excerpt":{"rendered":"<p>Veuillez consulter ce plan de confidentialit\u00e9 avant d&rsquo;utiliser le site Web ou d&rsquo;envoyer des informations personnelles. En utilisant le site<\/p>\n","protected":false},"author":3,"featured_media":0,"parent":0,"menu_order":0,"comment_status":"closed","ping_status":"closed","template":"","meta":{"colormag_page_container_layout":"default_layout","colormag_page_sidebar_layout":"default_layout","footnotes":""},"class_list":["post-869","page","type-page","status-publish","hentry"],"yoast_head":"<!-- This site is optimized with the Yoast SEO plugin v27.3 - https:\/\/yoast.com\/product\/yoast-seo-wordpress\/ -->\n<title>Conditions d&#039;utilisation - Keep2Share<\/title>\n<meta name=\"robots\" content=\"index, follow, max-snippet:-1, max-image-preview:large, max-video-preview:-1\" \/>\n<link rel=\"canonical\" href=\"https:\/\/keep2share.info\/fr\/terms\/\" \/>\n<meta property=\"og:locale\" content=\"fr_FR\" \/>\n<meta property=\"og:type\" content=\"article\" \/>\n<meta property=\"og:title\" content=\"Conditions d&#039;utilisation - Keep2Share\" \/>\n<meta property=\"og:description\" content=\"Veuillez consulter ce plan de confidentialit\u00e9 avant d&rsquo;utiliser le site Web ou d&rsquo;envoyer des informations personnelles. En utilisant le site\" \/>\n<meta property=\"og:url\" content=\"https:\/\/keep2share.info\/fr\/terms\/\" \/>\n<meta property=\"og:site_name\" content=\"Keep2Share\" \/>\n<meta property=\"article:modified_time\" content=\"2021-11-11T07:28:51+00:00\" \/>\n<meta name=\"twitter:card\" content=\"summary_large_image\" \/>\n<meta name=\"twitter:label1\" content=\"Dur\u00e9e de lecture estim\u00e9e\" \/>\n\t<meta name=\"twitter:data1\" content=\"1 minute\" \/>\n<script type=\"application\/ld+json\" class=\"yoast-schema-graph\">{\"@context\":\"https:\\\/\\\/schema.org\",\"@graph\":[{\"@type\":\"WebPage\",\"@id\":\"https:\\\/\\\/keep2share.info\\\/fr\\\/terms\\\/\",\"url\":\"https:\\\/\\\/keep2share.info\\\/fr\\\/terms\\\/\",\"name\":\"Conditions d'utilisation - Keep2Share\",\"isPartOf\":{\"@id\":\"https:\\\/\\\/keep2share.info\\\/#website\"},\"datePublished\":\"2021-11-09T21:29:56+00:00\",\"dateModified\":\"2021-11-11T07:28:51+00:00\",\"breadcrumb\":{\"@id\":\"https:\\\/\\\/keep2share.info\\\/fr\\\/terms\\\/#breadcrumb\"},\"inLanguage\":\"fr-FR\",\"potentialAction\":[{\"@type\":\"ReadAction\",\"target\":[\"https:\\\/\\\/keep2share.info\\\/fr\\\/terms\\\/\"]}]},{\"@type\":\"BreadcrumbList\",\"@id\":\"https:\\\/\\\/keep2share.info\\\/fr\\\/terms\\\/#breadcrumb\",\"itemListElement\":[{\"@type\":\"ListItem\",\"position\":1,\"name\":\"Startseite\",\"item\":\"https:\\\/\\\/keep2share.info\\\/fr\\\/\"},{\"@type\":\"ListItem\",\"position\":2,\"name\":\"Conditions d&rsquo;utilisation\"}]},{\"@type\":\"WebSite\",\"@id\":\"https:\\\/\\\/keep2share.info\\\/#website\",\"url\":\"https:\\\/\\\/keep2share.info\\\/\",\"name\":\"Keep2Share\",\"description\":\"\",\"publisher\":{\"@id\":\"https:\\\/\\\/keep2share.info\\\/#organization\"},\"potentialAction\":[{\"@type\":\"SearchAction\",\"target\":{\"@type\":\"EntryPoint\",\"urlTemplate\":\"https:\\\/\\\/keep2share.info\\\/?s={search_term_string}\"},\"query-input\":{\"@type\":\"PropertyValueSpecification\",\"valueRequired\":true,\"valueName\":\"search_term_string\"}}],\"inLanguage\":\"fr-FR\"},{\"@type\":\"Organization\",\"@id\":\"https:\\\/\\\/keep2share.info\\\/#organization\",\"name\":\"Keep2Share\",\"url\":\"https:\\\/\\\/keep2share.info\\\/\",\"logo\":{\"@type\":\"ImageObject\",\"inLanguage\":\"fr-FR\",\"@id\":\"https:\\\/\\\/keep2share.info\\\/#\\\/schema\\\/logo\\\/image\\\/\",\"url\":\"https:\\\/\\\/keep2share.info\\\/wp-content\\\/uploads\\\/2025\\\/08\\\/keep2share_logo_300px.png\",\"contentUrl\":\"https:\\\/\\\/keep2share.info\\\/wp-content\\\/uploads\\\/2025\\\/08\\\/keep2share_logo_300px.png\",\"width\":300,\"height\":85,\"caption\":\"Keep2Share\"},\"image\":{\"@id\":\"https:\\\/\\\/keep2share.info\\\/#\\\/schema\\\/logo\\\/image\\\/\"}}]}<\/script>\n<!-- \/ Yoast SEO plugin. -->","yoast_head_json":{"title":"Conditions d'utilisation - Keep2Share","robots":{"index":"index","follow":"follow","max-snippet":"max-snippet:-1","max-image-preview":"max-image-preview:large","max-video-preview":"max-video-preview:-1"},"canonical":"https:\/\/keep2share.info\/fr\/terms\/","og_locale":"fr_FR","og_type":"article","og_title":"Conditions d'utilisation - Keep2Share","og_description":"Veuillez consulter ce plan de confidentialit\u00e9 avant d&rsquo;utiliser le site Web ou d&rsquo;envoyer des informations personnelles. En utilisant le site","og_url":"https:\/\/keep2share.info\/fr\/terms\/","og_site_name":"Keep2Share","article_modified_time":"2021-11-11T07:28:51+00:00","twitter_card":"summary_large_image","twitter_misc":{"Dur\u00e9e de lecture estim\u00e9e":"1 minute"},"schema":{"@context":"https:\/\/schema.org","@graph":[{"@type":"WebPage","@id":"https:\/\/keep2share.info\/fr\/terms\/","url":"https:\/\/keep2share.info\/fr\/terms\/","name":"Conditions d'utilisation - Keep2Share","isPartOf":{"@id":"https:\/\/keep2share.info\/#website"},"datePublished":"2021-11-09T21:29:56+00:00","dateModified":"2021-11-11T07:28:51+00:00","breadcrumb":{"@id":"https:\/\/keep2share.info\/fr\/terms\/#breadcrumb"},"inLanguage":"fr-FR","potentialAction":[{"@type":"ReadAction","target":["https:\/\/keep2share.info\/fr\/terms\/"]}]},{"@type":"BreadcrumbList","@id":"https:\/\/keep2share.info\/fr\/terms\/#breadcrumb","itemListElement":[{"@type":"ListItem","position":1,"name":"Startseite","item":"https:\/\/keep2share.info\/fr\/"},{"@type":"ListItem","position":2,"name":"Conditions d&rsquo;utilisation"}]},{"@type":"WebSite","@id":"https:\/\/keep2share.info\/#website","url":"https:\/\/keep2share.info\/","name":"Keep2Share","description":"","publisher":{"@id":"https:\/\/keep2share.info\/#organization"},"potentialAction":[{"@type":"SearchAction","target":{"@type":"EntryPoint","urlTemplate":"https:\/\/keep2share.info\/?s={search_term_string}"},"query-input":{"@type":"PropertyValueSpecification","valueRequired":true,"valueName":"search_term_string"}}],"inLanguage":"fr-FR"},{"@type":"Organization","@id":"https:\/\/keep2share.info\/#organization","name":"Keep2Share","url":"https:\/\/keep2share.info\/","logo":{"@type":"ImageObject","inLanguage":"fr-FR","@id":"https:\/\/keep2share.info\/#\/schema\/logo\/image\/","url":"https:\/\/keep2share.info\/wp-content\/uploads\/2025\/08\/keep2share_logo_300px.png","contentUrl":"https:\/\/keep2share.info\/wp-content\/uploads\/2025\/08\/keep2share_logo_300px.png","width":300,"height":85,"caption":"Keep2Share"},"image":{"@id":"https:\/\/keep2share.info\/#\/schema\/logo\/image\/"}}]}},"_links":{"self":[{"href":"https:\/\/keep2share.info\/fr\/wp-json\/wp\/v2\/pages\/869","targetHints":{"allow":["GET"]}}],"collection":[{"href":"https:\/\/keep2share.info\/fr\/wp-json\/wp\/v2\/pages"}],"about":[{"href":"https:\/\/keep2share.info\/fr\/wp-json\/wp\/v2\/types\/page"}],"author":[{"embeddable":true,"href":"https:\/\/keep2share.info\/fr\/wp-json\/wp\/v2\/users\/3"}],"replies":[{"embeddable":true,"href":"https:\/\/keep2share.info\/fr\/wp-json\/wp\/v2\/comments?post=869"}],"version-history":[{"count":2,"href":"https:\/\/keep2share.info\/fr\/wp-json\/wp\/v2\/pages\/869\/revisions"}],"predecessor-version":[{"id":913,"href":"https:\/\/keep2share.info\/fr\/wp-json\/wp\/v2\/pages\/869\/revisions\/913"}],"wp:attachment":[{"href":"https:\/\/keep2share.info\/fr\/wp-json\/wp\/v2\/media?parent=869"}],"curies":[{"name":"wp","href":"https:\/\/api.w.org\/{rel}","templated":true}]}}