{"id":863,"date":"2017-12-18T16:02:28","date_gmt":"2017-12-18T16:02:28","guid":{"rendered":"https:\/\/h8atlq87g9.onrocket.site\/privacy-policy\/"},"modified":"2021-11-11T07:16:05","modified_gmt":"2021-11-11T07:16:05","slug":"privacy-policy","status":"publish","type":"page","link":"https:\/\/keep2share.info\/fr\/privacy-policy\/","title":{"rendered":"Politique de confidentialit\u00e9"},"content":{"rendered":"<p style=\"margin: 0px 0px 15px; padding: 0px; border: 0px; font-size: 14px; vertical-align: baseline; line-height: 1.71429; color: #444444; font-family: Ubuntu, Helvetica, Arial, sans-serif;\"><strong>Protection des donn\u00e9es<\/strong><\/p>\n<p>Les exploitants de ces pages prennent tr\u00e8s au s\u00e9rieux la protection de vos donn\u00e9es personnelles. Nous traitons vos donn\u00e9es personnelles de mani\u00e8re confidentielle et conform\u00e9ment aux dispositions l\u00e9gales en mati\u00e8re de protection des donn\u00e9es et \u00e0 la pr\u00e9sente d\u00e9claration de protection des donn\u00e9es.<\/p>\n<p>En r\u00e8gle g\u00e9n\u00e9rale, il est possible d&rsquo;utiliser notre site web sans fournir de donn\u00e9es personnelles. Dans la mesure o\u00f9 des donn\u00e9es personnelles (par exemple nom, adresse ou adresses e-mail) sont collect\u00e9es sur nos pages, cela se fait toujours, dans la mesure du possible, sur une base volontaire. Ces donn\u00e9es ne seront pas transmises \u00e0 des tiers sans votre consentement expr\u00e8s.<\/p>\n<p>Nous attirons l&rsquo;attention sur le fait que la transmission de donn\u00e9es sur Internet (par exemple la communication par e-mail) pr\u00e9sente des lacunes en mati\u00e8re de s\u00e9curit\u00e9. Une protection compl\u00e8te des donn\u00e9es contre l&rsquo;acc\u00e8s par des tiers n&rsquo;est pas possible.<\/p>\n<p><strong>Politique de confidentialit\u00e9 pour l&rsquo;utilisation des plugins Facebook (bouton \u00ab\u00a0Like\u00a0\u00bb)<\/strong><\/p>\n<p>Des plugins du r\u00e9seau social Facebook, fournisseur Facebook Inc, 1 Hacker Way, Menlo Park, California 94025, USA, sont int\u00e9gr\u00e9s \u00e0 nos pages. Vous pouvez reconna\u00eetre les plugins Facebook gr\u00e2ce au logo Facebook ou au bouton \u00ab\u00a0J&rsquo;aime\u00a0\u00bb (\u00ab\u00a0Like\u00a0\u00bb) sur notre page. Vous trouverez un aper\u00e7u des plugins Facebook ici: <a href=\"http:\/\/developers.facebook.com\/docs\/plugins\/\">http:\/\/developers.facebook.com\/docs\/plugins\/<\/a>.<\/p>\n<p>Lorsque vous visitez nos pages, une connexion directe est \u00e9tablie entre votre navigateur et le serveur Facebook via le plugin. Facebook re\u00e7oit ainsi l&rsquo;information que vous avez visit\u00e9 notre site avec votre adresse IP. Si vous cliquez sur le bouton \u00ab\u00a0J&rsquo;aime\u00a0\u00bb de Facebook en \u00e9tant connect\u00e9 \u00e0 votre compte Facebook, vous pouvez lier le contenu de nos pages \u00e0 votre profil Facebook. Cela permet \u00e0 Facebook d&rsquo;associer la visite de nos pages \u00e0 votre compte utilisateur. Nous attirons votre attention sur le fait que nous, en tant que fournisseur des pages, n&rsquo;avons aucune connaissance du contenu des donn\u00e9es transmises ni de leur utilisation par Facebook. Pour plus d&rsquo;informations, veuillez consulter la politique de confidentialit\u00e9 de Facebook \u00e0 l&rsquo;adresse suivantehttp:<a href=\"\/\/de-de.facebook.com\/policy.php.\">\/\/de-de.facebook.com\/policy.php.<\/a><\/p>\n<p>Si vous ne souhaitez pas que Facebook puisse associer votre visite sur nos pages \u00e0 votre compte d&rsquo;utilisateur Facebook, veuillez vous d\u00e9connecter de votre compte d&rsquo;utilisateur Facebook.<\/p>\n<p><strong>Politique de confidentialit\u00e9 pour l&rsquo;utilisation de Google Analytics<\/strong><\/p>\n<p>Ce site Web utilise des fonctions du service d&rsquo;analyse Web Google Analytics. Le fournisseur est Google Inc. 1600 Amphitheatre Parkway Mountain View, CA 94043, \u00c9tats-Unis. Google Analytics utilise des \u00ab\u00a0cookies\u00a0\u00bb. Il s&rsquo;agit de fichiers texte qui sont enregistr\u00e9s sur votre ordinateur et qui permettent d&rsquo;analyser votre utilisation du site Internet. Les informations g\u00e9n\u00e9r\u00e9es par les cookies concernant votre utilisation de ce site web sont g\u00e9n\u00e9ralement transmises \u00e0 un serveur de Google aux \u00c9tats-Unis et y sont stock\u00e9es.<\/p>\n<p>Toutefois, si l&rsquo;anonymisation IP est activ\u00e9e sur ce site, votre adresse IP sera pr\u00e9alablement tronqu\u00e9e par Google dans les \u00c9tats membres de l&rsquo;Union europ\u00e9enne ou dans d&rsquo;autres \u00c9tats contractants de l&rsquo;accord sur l&rsquo;Espace \u00e9conomique europ\u00e9en. Ce n&rsquo;est que dans des cas exceptionnels que l&rsquo;adresse IP compl\u00e8te sera transmise \u00e0 un serveur de Google aux \u00c9tats-Unis et y sera raccourcie. Au nom de l&rsquo;exploitant de ce site Web, Google utilisera ces informations pour \u00e9valuer votre utilisation du site Web, compiler des rapports sur l&rsquo;activit\u00e9 du site Web et fournir d&rsquo;autres services li\u00e9s \u00e0 l&rsquo;activit\u00e9 du site Web et \u00e0 l&rsquo;utilisation d&rsquo;Internet \u00e0 l&rsquo;exploitant du site Web. L&rsquo;adresse IP transmise par votre navigateur dans le cadre de Google Analytics ne sera pas fusionn\u00e9e avec d&rsquo;autres donn\u00e9es de Google.<\/p>\n<p>Vous pouvez refuser l&rsquo;utilisation de cookies en s\u00e9lectionnant les param\u00e8tres appropri\u00e9s de votre navigateur, mais veuillez noter que si vous faites cela, vous ne pourrez peut-\u00eatre pas utiliser toutes les fonctionnalit\u00e9s de ce site Web. Vous pouvez \u00e9galement emp\u00eacher la collecte des donn\u00e9es g\u00e9n\u00e9r\u00e9es par les cookies et li\u00e9es \u00e0 votre utilisation du site Web (y compris votre adresse IP) aupr\u00e8s de Google et le traitement de ces donn\u00e9es par Google en t\u00e9l\u00e9chargeant et en installant le plugin de navigateur disponible au lien suivant : http:\/\/tools.google.com\/dlpage\/gaoptout?hl=de.<\/p>\n<p><strong>R\u00e8gles de confidentialit\u00e9 pour l&rsquo;utilisation de Google +1<\/strong><\/p>\n<p>Nos pages utilisent les fonctions de Google +1. Le fournisseur est Google Inc. 1600 Amphitheatre Parkway Mountain View, CA 94043, \u00c9tats-Unis.<\/p>\n<p>Collecte et diffusion d&rsquo;informations : \u00c0 l&rsquo;aide du bouton Google +1, vous pouvez publier des informations dans le monde entier. via le bouton Google +1, vous et d&rsquo;autres utilisateurs recevez du contenu personnalis\u00e9 de Google et de nos partenaires. Google stocke \u00e0 la fois les informations relatives au contenu auquel vous avez donn\u00e9 un +1 et les informations relatives \u00e0 la page que vous visualisiez lorsque vous avez cliqu\u00e9 sur +1. Vos +1 peuvent \u00eatre affich\u00e9s sous forme d&rsquo;avis avec le nom et la photo de votre profil dans les services Google, tels que les r\u00e9sultats de recherche ou votre profil Google, ou ailleurs sur les sites Web et les annonces sur Internet. Google enregistre des informations sur vos activit\u00e9s +1 afin d&rsquo;am\u00e9liorer les services Google pour vous et pour d&rsquo;autres personnes. Pour utiliser le bouton Google +1, vous devez disposer d&rsquo;un profil Google public et visible dans le monde entier, qui doit contenir au moins le nom choisi pour le profil. Ce nom est utilis\u00e9 dans tous les services Google. Dans certains cas, ce nom peut \u00e9galement remplacer un autre nom que vous avez utilis\u00e9 lorsque vous avez partag\u00e9 du contenu via votre compte Google. L&rsquo;identit\u00e9 de votre profil Google peut \u00eatre affich\u00e9e aux utilisateurs qui connaissent votre adresse \u00e9lectronique ou disposent d&rsquo;autres informations d&rsquo;identification vous concernant.<\/p>\n<p>Utilisation des informations collect\u00e9es : Outre les utilisations expliqu\u00e9es ci-dessus, les informations que vous fournissez seront utilis\u00e9es conform\u00e9ment aux r\u00e8gles de confidentialit\u00e9 applicables de Google. Google peut publier des statistiques globales sur les activit\u00e9s +1 des utilisateurs ou les partager avec les utilisateurs et les partenaires, tels que les \u00e9diteurs, les annonceurs ou les sites Web affili\u00e9s.<\/p>\n<p><strong>Politique de confidentialit\u00e9 pour l&rsquo;utilisation de Twitter<\/strong><\/p>\n<p>Des fonctions du service Twitter sont int\u00e9gr\u00e9es sur nos pages. Ces fonctions sont propos\u00e9es par Twitter Inc, 1355 Market Street, Suite 900, San Francisco, CA 94103, USA. En utilisant Twitter et la fonction \u00ab\u00a0Re-Tweet\u00a0\u00bb, les pages web que vous visitez sont li\u00e9es \u00e0 votre compte Twitter et port\u00e9es \u00e0 la connaissance d&rsquo;autres utilisateurs. Ce faisant, des donn\u00e9es sont \u00e9galement transmises \u00e0 Twitter. Nous attirons votre attention sur le fait qu&rsquo;en tant que fournisseur des pages, nous n&rsquo;avons aucune connaissance du contenu des donn\u00e9es transmises ni de leur utilisation par Twitter. Pour plus d&rsquo;informations, veuillez consulter la politique de confidentialit\u00e9 de Twitter \u00e0 l&rsquo;adresse suivante <a href=\"http:\/\/twitter.com\/privacy.\">http:\/\/twitter.com\/privacy.<\/a><\/p>\n<p>Vous pouvez modifier vos param\u00e8tres de confidentialit\u00e9 sur Twitter dans les param\u00e8tres du compte \u00e0 l&rsquo;adresse suivante <a href=\"http:\/\/twitter.com\/account\/settings\">http:\/\/twitter.com\/account\/settings<\/a>.<\/p>\n","protected":false},"excerpt":{"rendered":"<p>Protection des donn\u00e9es Les exploitants de ces pages prennent tr\u00e8s au s\u00e9rieux la protection de vos donn\u00e9es personnelles. Nous traitons<\/p>\n","protected":false},"author":3,"featured_media":0,"parent":0,"menu_order":0,"comment_status":"closed","ping_status":"closed","template":"","meta":{"colormag_page_container_layout":"default_layout","colormag_page_sidebar_layout":"default_layout","footnotes":""},"class_list":["post-863","page","type-page","status-publish","hentry"],"yoast_head":"<!-- This site is optimized with the Yoast SEO plugin v27.3 - https:\/\/yoast.com\/product\/yoast-seo-wordpress\/ -->\n<title>Politique de confidentialit\u00e9 - Keep2Share<\/title>\n<meta name=\"robots\" content=\"noindex, nofollow\" \/>\n<meta property=\"og:locale\" content=\"fr_FR\" \/>\n<meta property=\"og:type\" content=\"article\" \/>\n<meta property=\"og:title\" content=\"Politique de confidentialit\u00e9 - Keep2Share\" \/>\n<meta property=\"og:description\" content=\"Protection des donn\u00e9es Les exploitants de ces pages prennent tr\u00e8s au s\u00e9rieux la protection de vos donn\u00e9es personnelles. Nous traitons\" \/>\n<meta property=\"og:url\" content=\"https:\/\/keep2share.info\/fr\/privacy-policy\/\" \/>\n<meta property=\"og:site_name\" content=\"Keep2Share\" \/>\n<meta property=\"article:modified_time\" content=\"2021-11-11T07:16:05+00:00\" \/>\n<meta name=\"twitter:card\" content=\"summary_large_image\" \/>\n<meta name=\"twitter:label1\" content=\"Dur\u00e9e de lecture estim\u00e9e\" \/>\n\t<meta name=\"twitter:data1\" content=\"5 minutes\" \/>\n<script type=\"application\/ld+json\" class=\"yoast-schema-graph\">{\"@context\":\"https:\\\/\\\/schema.org\",\"@graph\":[{\"@type\":\"WebPage\",\"@id\":\"https:\\\/\\\/keep2share.info\\\/fr\\\/privacy-policy\\\/\",\"url\":\"https:\\\/\\\/keep2share.info\\\/fr\\\/privacy-policy\\\/\",\"name\":\"Politique de confidentialit\u00e9 - Keep2Share\",\"isPartOf\":{\"@id\":\"https:\\\/\\\/keep2share.info\\\/#website\"},\"datePublished\":\"2017-12-18T16:02:28+00:00\",\"dateModified\":\"2021-11-11T07:16:05+00:00\",\"breadcrumb\":{\"@id\":\"https:\\\/\\\/keep2share.info\\\/fr\\\/privacy-policy\\\/#breadcrumb\"},\"inLanguage\":\"fr-FR\",\"potentialAction\":[{\"@type\":\"ReadAction\",\"target\":[\"https:\\\/\\\/keep2share.info\\\/fr\\\/privacy-policy\\\/\"]}]},{\"@type\":\"BreadcrumbList\",\"@id\":\"https:\\\/\\\/keep2share.info\\\/fr\\\/privacy-policy\\\/#breadcrumb\",\"itemListElement\":[{\"@type\":\"ListItem\",\"position\":1,\"name\":\"Startseite\",\"item\":\"https:\\\/\\\/keep2share.info\\\/fr\\\/\"},{\"@type\":\"ListItem\",\"position\":2,\"name\":\"Politique de confidentialit\u00e9\"}]},{\"@type\":\"WebSite\",\"@id\":\"https:\\\/\\\/keep2share.info\\\/#website\",\"url\":\"https:\\\/\\\/keep2share.info\\\/\",\"name\":\"Keep2Share\",\"description\":\"\",\"publisher\":{\"@id\":\"https:\\\/\\\/keep2share.info\\\/#organization\"},\"potentialAction\":[{\"@type\":\"SearchAction\",\"target\":{\"@type\":\"EntryPoint\",\"urlTemplate\":\"https:\\\/\\\/keep2share.info\\\/?s={search_term_string}\"},\"query-input\":{\"@type\":\"PropertyValueSpecification\",\"valueRequired\":true,\"valueName\":\"search_term_string\"}}],\"inLanguage\":\"fr-FR\"},{\"@type\":\"Organization\",\"@id\":\"https:\\\/\\\/keep2share.info\\\/#organization\",\"name\":\"Keep2Share\",\"url\":\"https:\\\/\\\/keep2share.info\\\/\",\"logo\":{\"@type\":\"ImageObject\",\"inLanguage\":\"fr-FR\",\"@id\":\"https:\\\/\\\/keep2share.info\\\/#\\\/schema\\\/logo\\\/image\\\/\",\"url\":\"https:\\\/\\\/keep2share.info\\\/wp-content\\\/uploads\\\/2025\\\/08\\\/keep2share_logo_300px.png\",\"contentUrl\":\"https:\\\/\\\/keep2share.info\\\/wp-content\\\/uploads\\\/2025\\\/08\\\/keep2share_logo_300px.png\",\"width\":300,\"height\":85,\"caption\":\"Keep2Share\"},\"image\":{\"@id\":\"https:\\\/\\\/keep2share.info\\\/#\\\/schema\\\/logo\\\/image\\\/\"}}]}<\/script>\n<!-- \/ Yoast SEO plugin. -->","yoast_head_json":{"title":"Politique de confidentialit\u00e9 - Keep2Share","robots":{"index":"noindex","follow":"nofollow"},"og_locale":"fr_FR","og_type":"article","og_title":"Politique de confidentialit\u00e9 - Keep2Share","og_description":"Protection des donn\u00e9es Les exploitants de ces pages prennent tr\u00e8s au s\u00e9rieux la protection de vos donn\u00e9es personnelles. Nous traitons","og_url":"https:\/\/keep2share.info\/fr\/privacy-policy\/","og_site_name":"Keep2Share","article_modified_time":"2021-11-11T07:16:05+00:00","twitter_card":"summary_large_image","twitter_misc":{"Dur\u00e9e de lecture estim\u00e9e":"5 minutes"},"schema":{"@context":"https:\/\/schema.org","@graph":[{"@type":"WebPage","@id":"https:\/\/keep2share.info\/fr\/privacy-policy\/","url":"https:\/\/keep2share.info\/fr\/privacy-policy\/","name":"Politique de confidentialit\u00e9 - Keep2Share","isPartOf":{"@id":"https:\/\/keep2share.info\/#website"},"datePublished":"2017-12-18T16:02:28+00:00","dateModified":"2021-11-11T07:16:05+00:00","breadcrumb":{"@id":"https:\/\/keep2share.info\/fr\/privacy-policy\/#breadcrumb"},"inLanguage":"fr-FR","potentialAction":[{"@type":"ReadAction","target":["https:\/\/keep2share.info\/fr\/privacy-policy\/"]}]},{"@type":"BreadcrumbList","@id":"https:\/\/keep2share.info\/fr\/privacy-policy\/#breadcrumb","itemListElement":[{"@type":"ListItem","position":1,"name":"Startseite","item":"https:\/\/keep2share.info\/fr\/"},{"@type":"ListItem","position":2,"name":"Politique de confidentialit\u00e9"}]},{"@type":"WebSite","@id":"https:\/\/keep2share.info\/#website","url":"https:\/\/keep2share.info\/","name":"Keep2Share","description":"","publisher":{"@id":"https:\/\/keep2share.info\/#organization"},"potentialAction":[{"@type":"SearchAction","target":{"@type":"EntryPoint","urlTemplate":"https:\/\/keep2share.info\/?s={search_term_string}"},"query-input":{"@type":"PropertyValueSpecification","valueRequired":true,"valueName":"search_term_string"}}],"inLanguage":"fr-FR"},{"@type":"Organization","@id":"https:\/\/keep2share.info\/#organization","name":"Keep2Share","url":"https:\/\/keep2share.info\/","logo":{"@type":"ImageObject","inLanguage":"fr-FR","@id":"https:\/\/keep2share.info\/#\/schema\/logo\/image\/","url":"https:\/\/keep2share.info\/wp-content\/uploads\/2025\/08\/keep2share_logo_300px.png","contentUrl":"https:\/\/keep2share.info\/wp-content\/uploads\/2025\/08\/keep2share_logo_300px.png","width":300,"height":85,"caption":"Keep2Share"},"image":{"@id":"https:\/\/keep2share.info\/#\/schema\/logo\/image\/"}}]}},"_links":{"self":[{"href":"https:\/\/keep2share.info\/fr\/wp-json\/wp\/v2\/pages\/863","targetHints":{"allow":["GET"]}}],"collection":[{"href":"https:\/\/keep2share.info\/fr\/wp-json\/wp\/v2\/pages"}],"about":[{"href":"https:\/\/keep2share.info\/fr\/wp-json\/wp\/v2\/types\/page"}],"author":[{"embeddable":true,"href":"https:\/\/keep2share.info\/fr\/wp-json\/wp\/v2\/users\/3"}],"replies":[{"embeddable":true,"href":"https:\/\/keep2share.info\/fr\/wp-json\/wp\/v2\/comments?post=863"}],"version-history":[{"count":2,"href":"https:\/\/keep2share.info\/fr\/wp-json\/wp\/v2\/pages\/863\/revisions"}],"predecessor-version":[{"id":903,"href":"https:\/\/keep2share.info\/fr\/wp-json\/wp\/v2\/pages\/863\/revisions\/903"}],"wp:attachment":[{"href":"https:\/\/keep2share.info\/fr\/wp-json\/wp\/v2\/media?parent=863"}],"curies":[{"name":"wp","href":"https:\/\/api.w.org\/{rel}","templated":true}]}}