{"id":838,"date":"2021-11-08T14:13:24","date_gmt":"2021-11-08T14:13:24","guid":{"rendered":"https:\/\/h8atlq87g9.onrocket.site\/affiliate\/"},"modified":"2021-11-10T18:57:42","modified_gmt":"2021-11-10T18:57:42","slug":"affiliate","status":"publish","type":"page","link":"https:\/\/keep2share.info\/fr\/affiliate\/","title":{"rendered":"Affiliate"},"content":{"rendered":"<p><strong>Comment cela fonctionne-t-il ?<\/strong><\/p>\n<p><img loading=\"lazy\" decoding=\"async\" class=\"alignnone wp-image-738 \" src=\"https:\/\/keep2share.info\/wp-content\/uploads\/2021\/11\/keep2share.info-affiliate.png\" alt=\"keep2share.info affiliate\" width=\"717\" height=\"368\" srcset=\"https:\/\/keep2share.info\/wp-content\/uploads\/2021\/11\/keep2share.info-affiliate.png 1125w, https:\/\/keep2share.info\/wp-content\/uploads\/2021\/11\/keep2share.info-affiliate-300x154.png 300w, https:\/\/keep2share.info\/wp-content\/uploads\/2021\/11\/keep2share.info-affiliate-1024x525.png 1024w, https:\/\/keep2share.info\/wp-content\/uploads\/2021\/11\/keep2share.info-affiliate-768x394.png 768w\" sizes=\"auto, (max-width: 717px) 100vw, 717px\" \/><\/p>\n<table>\n<tbody>\n<tr>\n<td>Publier des fichiers sur MoneyPlatform<\/p>\n<p>Ajoutez des donn\u00e9es\/vid\u00e9os \u00e0 des sites Web<\/p>\n<p>Obtenir de l&rsquo;argent liquide de mani\u00e8re pratique<\/td>\n<\/tr>\n<tr>\n<td>Moyens difficiles (sans MoneyPlatform).<\/p>\n<p>Acqu\u00e9rir des serveurs pour stocker des fichiers.<\/p>\n<p>Donner la capacit\u00e9 de t\u00e9l\u00e9charger des fichiers.<\/p>\n<p>Diffuser des vid\u00e9os.<\/p>\n<p>\u00c9tablir des entr\u00e9es de remboursement.<\/p>\n<p>Transactions financi\u00e8res prot\u00e9g\u00e9es.<\/p>\n<p>Fournir une assistance technique individuelle.<\/p>\n<p>Poster des fichiers sur des serveurs web.<\/p>\n<p>Inclure des documents\/des clips vid\u00e9o sur le site Internet.<\/p>\n<p>Obtenir des revenus g\u00e9n\u00e9r\u00e9s par les portails de remboursement.<\/td>\n<\/tr>\n<\/tbody>\n<\/table>\n<p><strong>ACTION 1 : T\u00e9l\u00e9charger des donn\u00e9es.<\/strong><\/p>\n<p>Publiez vos donn\u00e9es de mani\u00e8re simple : \u00e0 l&rsquo;aide d&rsquo;un navigateur Web, par FTP ou directement \u00e0 partir de divers autres sites Web.<\/p>\n<p><strong>ACTION 2 : Proposez le partage.<\/strong><\/p>\n<p>Affichez les liens vers vos documents sur le site Internet.<br \/>\nIncluez le lecteur de clips vid\u00e9o sur le site.<\/p>\n<p><strong>ACTION 3 : Faites-vous r\u00e9compenser.<\/strong><\/p>\n<p>Les individus d\u00e9pensent pour acc\u00e9der \u00e0 vos fichiers.<br \/>\nTenez bon jusqu&rsquo;\u00e0 75 % des acquisitions des utilisateurs.<\/p>\n<p><strong>Caract\u00e9ristiques<\/strong><\/p>\n<ul>\n<li>Tous les types de fichiers sont pris en charge : vid\u00e9os, chansons, archives et autres &#8211; Clips vid\u00e9o, chansons, archives et autres.<br \/>\nConversion automatique &#8211; La vid\u00e9o est instantan\u00e9ment transform\u00e9e pour les vues sur Internet.<br \/>\nDonn\u00e9es jusqu&rsquo;\u00e0 15 Go &#8211; La taille optimale des fichiers est de 15 Go.<br \/>\nDiverses options de t\u00e9l\u00e9chargement de donn\u00e9es &#8211; INTERNET, FTP, API, t\u00e9l\u00e9chargement direct depuis d&rsquo;autres sites.<\/li>\n<\/ul>\n","protected":false},"excerpt":{"rendered":"<p>Comment cela fonctionne-t-il ? Publier des fichiers sur MoneyPlatform Ajoutez des donn\u00e9es\/vid\u00e9os \u00e0 des sites Web Obtenir de l&rsquo;argent liquide<\/p>\n","protected":false},"author":3,"featured_media":0,"parent":0,"menu_order":0,"comment_status":"closed","ping_status":"closed","template":"","meta":{"colormag_page_container_layout":"default_layout","colormag_page_sidebar_layout":"default_layout","footnotes":""},"class_list":["post-838","page","type-page","status-publish","hentry"],"yoast_head":"<!-- This site is optimized with the Yoast SEO plugin v27.3 - https:\/\/yoast.com\/product\/yoast-seo-wordpress\/ -->\n<title>Affiliate - Keep2Share<\/title>\n<meta name=\"robots\" content=\"index, follow, max-snippet:-1, max-image-preview:large, max-video-preview:-1\" \/>\n<link rel=\"canonical\" href=\"https:\/\/keep2share.info\/fr\/affiliate\/\" \/>\n<meta property=\"og:locale\" content=\"fr_FR\" \/>\n<meta property=\"og:type\" content=\"article\" \/>\n<meta property=\"og:title\" content=\"Affiliate - Keep2Share\" \/>\n<meta property=\"og:description\" content=\"Comment cela fonctionne-t-il ? Publier des fichiers sur MoneyPlatform Ajoutez des donn\u00e9es\/vid\u00e9os \u00e0 des sites Web Obtenir de l&rsquo;argent liquide\" \/>\n<meta property=\"og:url\" content=\"https:\/\/keep2share.info\/fr\/affiliate\/\" \/>\n<meta property=\"og:site_name\" content=\"Keep2Share\" \/>\n<meta property=\"article:modified_time\" content=\"2021-11-10T18:57:42+00:00\" \/>\n<meta property=\"og:image\" content=\"https:\/\/keep2share.info\/wp-content\/uploads\/2021\/11\/keep2share.info-affiliate.png\" \/>\n<meta name=\"twitter:card\" content=\"summary_large_image\" \/>\n<meta name=\"twitter:label1\" content=\"Dur\u00e9e de lecture estim\u00e9e\" \/>\n\t<meta name=\"twitter:data1\" content=\"2 minutes\" \/>\n<script type=\"application\/ld+json\" class=\"yoast-schema-graph\">{\"@context\":\"https:\\\/\\\/schema.org\",\"@graph\":[{\"@type\":\"WebPage\",\"@id\":\"https:\\\/\\\/keep2share.info\\\/fr\\\/affiliate\\\/\",\"url\":\"https:\\\/\\\/keep2share.info\\\/fr\\\/affiliate\\\/\",\"name\":\"Affiliate - Keep2Share\",\"isPartOf\":{\"@id\":\"https:\\\/\\\/keep2share.info\\\/#website\"},\"primaryImageOfPage\":{\"@id\":\"https:\\\/\\\/keep2share.info\\\/fr\\\/affiliate\\\/#primaryimage\"},\"image\":{\"@id\":\"https:\\\/\\\/keep2share.info\\\/fr\\\/affiliate\\\/#primaryimage\"},\"thumbnailUrl\":\"https:\\\/\\\/keep2share.info\\\/wp-content\\\/uploads\\\/2021\\\/11\\\/keep2share.info-affiliate.png\",\"datePublished\":\"2021-11-08T14:13:24+00:00\",\"dateModified\":\"2021-11-10T18:57:42+00:00\",\"breadcrumb\":{\"@id\":\"https:\\\/\\\/keep2share.info\\\/fr\\\/affiliate\\\/#breadcrumb\"},\"inLanguage\":\"fr-FR\",\"potentialAction\":[{\"@type\":\"ReadAction\",\"target\":[\"https:\\\/\\\/keep2share.info\\\/fr\\\/affiliate\\\/\"]}]},{\"@type\":\"ImageObject\",\"inLanguage\":\"fr-FR\",\"@id\":\"https:\\\/\\\/keep2share.info\\\/fr\\\/affiliate\\\/#primaryimage\",\"url\":\"https:\\\/\\\/keep2share.info\\\/wp-content\\\/uploads\\\/2021\\\/11\\\/keep2share.info-affiliate.png\",\"contentUrl\":\"https:\\\/\\\/keep2share.info\\\/wp-content\\\/uploads\\\/2021\\\/11\\\/keep2share.info-affiliate.png\"},{\"@type\":\"BreadcrumbList\",\"@id\":\"https:\\\/\\\/keep2share.info\\\/fr\\\/affiliate\\\/#breadcrumb\",\"itemListElement\":[{\"@type\":\"ListItem\",\"position\":1,\"name\":\"Startseite\",\"item\":\"https:\\\/\\\/keep2share.info\\\/fr\\\/\"},{\"@type\":\"ListItem\",\"position\":2,\"name\":\"Affiliate\"}]},{\"@type\":\"WebSite\",\"@id\":\"https:\\\/\\\/keep2share.info\\\/#website\",\"url\":\"https:\\\/\\\/keep2share.info\\\/\",\"name\":\"Keep2Share\",\"description\":\"\",\"publisher\":{\"@id\":\"https:\\\/\\\/keep2share.info\\\/#organization\"},\"potentialAction\":[{\"@type\":\"SearchAction\",\"target\":{\"@type\":\"EntryPoint\",\"urlTemplate\":\"https:\\\/\\\/keep2share.info\\\/?s={search_term_string}\"},\"query-input\":{\"@type\":\"PropertyValueSpecification\",\"valueRequired\":true,\"valueName\":\"search_term_string\"}}],\"inLanguage\":\"fr-FR\"},{\"@type\":\"Organization\",\"@id\":\"https:\\\/\\\/keep2share.info\\\/#organization\",\"name\":\"Keep2Share\",\"url\":\"https:\\\/\\\/keep2share.info\\\/\",\"logo\":{\"@type\":\"ImageObject\",\"inLanguage\":\"fr-FR\",\"@id\":\"https:\\\/\\\/keep2share.info\\\/#\\\/schema\\\/logo\\\/image\\\/\",\"url\":\"https:\\\/\\\/keep2share.info\\\/wp-content\\\/uploads\\\/2025\\\/08\\\/keep2share_logo_300px.png\",\"contentUrl\":\"https:\\\/\\\/keep2share.info\\\/wp-content\\\/uploads\\\/2025\\\/08\\\/keep2share_logo_300px.png\",\"width\":300,\"height\":85,\"caption\":\"Keep2Share\"},\"image\":{\"@id\":\"https:\\\/\\\/keep2share.info\\\/#\\\/schema\\\/logo\\\/image\\\/\"}}]}<\/script>\n<!-- \/ Yoast SEO plugin. -->","yoast_head_json":{"title":"Affiliate - Keep2Share","robots":{"index":"index","follow":"follow","max-snippet":"max-snippet:-1","max-image-preview":"max-image-preview:large","max-video-preview":"max-video-preview:-1"},"canonical":"https:\/\/keep2share.info\/fr\/affiliate\/","og_locale":"fr_FR","og_type":"article","og_title":"Affiliate - Keep2Share","og_description":"Comment cela fonctionne-t-il ? Publier des fichiers sur MoneyPlatform Ajoutez des donn\u00e9es\/vid\u00e9os \u00e0 des sites Web Obtenir de l&rsquo;argent liquide","og_url":"https:\/\/keep2share.info\/fr\/affiliate\/","og_site_name":"Keep2Share","article_modified_time":"2021-11-10T18:57:42+00:00","og_image":[{"url":"https:\/\/keep2share.info\/wp-content\/uploads\/2021\/11\/keep2share.info-affiliate.png","type":"","width":"","height":""}],"twitter_card":"summary_large_image","twitter_misc":{"Dur\u00e9e de lecture estim\u00e9e":"2 minutes"},"schema":{"@context":"https:\/\/schema.org","@graph":[{"@type":"WebPage","@id":"https:\/\/keep2share.info\/fr\/affiliate\/","url":"https:\/\/keep2share.info\/fr\/affiliate\/","name":"Affiliate - Keep2Share","isPartOf":{"@id":"https:\/\/keep2share.info\/#website"},"primaryImageOfPage":{"@id":"https:\/\/keep2share.info\/fr\/affiliate\/#primaryimage"},"image":{"@id":"https:\/\/keep2share.info\/fr\/affiliate\/#primaryimage"},"thumbnailUrl":"https:\/\/keep2share.info\/wp-content\/uploads\/2021\/11\/keep2share.info-affiliate.png","datePublished":"2021-11-08T14:13:24+00:00","dateModified":"2021-11-10T18:57:42+00:00","breadcrumb":{"@id":"https:\/\/keep2share.info\/fr\/affiliate\/#breadcrumb"},"inLanguage":"fr-FR","potentialAction":[{"@type":"ReadAction","target":["https:\/\/keep2share.info\/fr\/affiliate\/"]}]},{"@type":"ImageObject","inLanguage":"fr-FR","@id":"https:\/\/keep2share.info\/fr\/affiliate\/#primaryimage","url":"https:\/\/keep2share.info\/wp-content\/uploads\/2021\/11\/keep2share.info-affiliate.png","contentUrl":"https:\/\/keep2share.info\/wp-content\/uploads\/2021\/11\/keep2share.info-affiliate.png"},{"@type":"BreadcrumbList","@id":"https:\/\/keep2share.info\/fr\/affiliate\/#breadcrumb","itemListElement":[{"@type":"ListItem","position":1,"name":"Startseite","item":"https:\/\/keep2share.info\/fr\/"},{"@type":"ListItem","position":2,"name":"Affiliate"}]},{"@type":"WebSite","@id":"https:\/\/keep2share.info\/#website","url":"https:\/\/keep2share.info\/","name":"Keep2Share","description":"","publisher":{"@id":"https:\/\/keep2share.info\/#organization"},"potentialAction":[{"@type":"SearchAction","target":{"@type":"EntryPoint","urlTemplate":"https:\/\/keep2share.info\/?s={search_term_string}"},"query-input":{"@type":"PropertyValueSpecification","valueRequired":true,"valueName":"search_term_string"}}],"inLanguage":"fr-FR"},{"@type":"Organization","@id":"https:\/\/keep2share.info\/#organization","name":"Keep2Share","url":"https:\/\/keep2share.info\/","logo":{"@type":"ImageObject","inLanguage":"fr-FR","@id":"https:\/\/keep2share.info\/#\/schema\/logo\/image\/","url":"https:\/\/keep2share.info\/wp-content\/uploads\/2025\/08\/keep2share_logo_300px.png","contentUrl":"https:\/\/keep2share.info\/wp-content\/uploads\/2025\/08\/keep2share_logo_300px.png","width":300,"height":85,"caption":"Keep2Share"},"image":{"@id":"https:\/\/keep2share.info\/#\/schema\/logo\/image\/"}}]}},"_links":{"self":[{"href":"https:\/\/keep2share.info\/fr\/wp-json\/wp\/v2\/pages\/838","targetHints":{"allow":["GET"]}}],"collection":[{"href":"https:\/\/keep2share.info\/fr\/wp-json\/wp\/v2\/pages"}],"about":[{"href":"https:\/\/keep2share.info\/fr\/wp-json\/wp\/v2\/types\/page"}],"author":[{"embeddable":true,"href":"https:\/\/keep2share.info\/fr\/wp-json\/wp\/v2\/users\/3"}],"replies":[{"embeddable":true,"href":"https:\/\/keep2share.info\/fr\/wp-json\/wp\/v2\/comments?post=838"}],"version-history":[{"count":2,"href":"https:\/\/keep2share.info\/fr\/wp-json\/wp\/v2\/pages\/838\/revisions"}],"predecessor-version":[{"id":844,"href":"https:\/\/keep2share.info\/fr\/wp-json\/wp\/v2\/pages\/838\/revisions\/844"}],"wp:attachment":[{"href":"https:\/\/keep2share.info\/fr\/wp-json\/wp\/v2\/media?parent=838"}],"curies":[{"name":"wp","href":"https:\/\/api.w.org\/{rel}","templated":true}]}}