{"id":818,"date":"2021-11-08T14:03:23","date_gmt":"2021-11-08T14:03:23","guid":{"rendered":"https:\/\/h8atlq87g9.onrocket.site\/premium-account\/"},"modified":"2021-11-10T18:30:06","modified_gmt":"2021-11-10T18:30:06","slug":"premium-account","status":"publish","type":"page","link":"https:\/\/keep2share.info\/fr\/premium-account\/","title":{"rendered":"Premium"},"content":{"rendered":"<p style=\"text-align: center;\"><strong>Obtenez votre compte Premium Keep2share d\u00e8s aujourd&rsquo;hui !<\/strong><\/p>\n<p style=\"text-align: center;\"><strong>D\u00e9couvrez notre excellente offre !<\/strong><\/p>\n<p style=\"text-align: center;\"><img loading=\"lazy\" decoding=\"async\" class=\"alignnone wp-image-769 size-full\" src=\"https:\/\/keep2share.info\/wp-content\/uploads\/2021\/11\/keep2share.info-premium.png\" alt=\"keep2share premium\" width=\"500\" height=\"500\" srcset=\"https:\/\/keep2share.info\/wp-content\/uploads\/2021\/11\/keep2share.info-premium.png 500w, https:\/\/keep2share.info\/wp-content\/uploads\/2021\/11\/keep2share.info-premium-300x300.png 300w, https:\/\/keep2share.info\/wp-content\/uploads\/2021\/11\/keep2share.info-premium-150x150.png 150w\" sizes=\"auto, (max-width: 500px) 100vw, 500px\" \/><\/p>\n<p style=\"text-align: center;\"><strong>Une protection forte<\/strong><\/p>\n<p style=\"text-align: center;\">Vos donn\u00e9es ainsi que vos t\u00e9l\u00e9chargements sont enti\u00e8rement prot\u00e9g\u00e9s par notre syst\u00e8me crypt\u00e9 de pointe. Ne vous inqui\u00e9tez plus jamais de la s\u00e9curit\u00e9 de vos informations.<\/p>\n<p style=\"text-align: center;\"><strong>Vitesse<\/strong><\/p>\n<p style=\"text-align: center;\">Appr\u00e9ciez les t\u00e9l\u00e9chargements supersoniques \u00e0 partir de notre nuage d&rsquo;espace de stockage c\u00f4t\u00e9 r\u00e9duction. Vous pouvez \u00e9galement utiliser des acc\u00e9l\u00e9rateurs de t\u00e9l\u00e9chargement pour une exp\u00e9rience encore meilleure.<\/p>\n<p style=\"text-align: center;\"><strong>Pas de temps d&rsquo;attente<\/strong><\/p>\n<p style=\"text-align: center;\">Vos t\u00e9l\u00e9chargements commencent rapidement. Ils se terminent aussi presque imm\u00e9diatement ! Dites adieu au temps perdu \u00e0 attendre ce dont vous avez besoin !<\/p>\n<p><img loading=\"lazy\" decoding=\"async\" class=\"aligncenter wp-image-788 size-full\" src=\"https:\/\/keep2share.info\/wp-content\/uploads\/2021\/11\/keep2share-free.png\" alt=\"keep2share free\" width=\"465\" height=\"332\" srcset=\"https:\/\/keep2share.info\/wp-content\/uploads\/2021\/11\/keep2share-free.png 465w, https:\/\/keep2share.info\/wp-content\/uploads\/2021\/11\/keep2share-free-300x214.png 300w\" sizes=\"auto, (max-width: 465px) 100vw, 465px\" \/><\/p>\n<p style=\"text-align: center;\">Les clients du compte gratuit voient leur taux de t\u00e9l\u00e9chargement limit\u00e9 \u00e0 50 kb\/s. Ils ne peuvent pas t\u00e9l\u00e9charger et installer des documents \u00e0 l&rsquo;aide d&rsquo;un superviseur de donn\u00e9es ni utiliser les attributs de t\u00e9l\u00e9chargement de la solution tels que les t\u00e9l\u00e9chargements identiques ou le retour aux t\u00e9l\u00e9chargements interrompus.<\/p>\n<p style=\"text-align: center;\">Pour b\u00e9n\u00e9ficier de meilleurs attributs, les clients doivent s&rsquo;inscrire \u00e0 l&rsquo;un des deux comptes payants, Costs et Costs Pro.<\/p>\n<p><img loading=\"lazy\" decoding=\"async\" class=\"aligncenter wp-image-781 size-full\" src=\"https:\/\/keep2share.info\/wp-content\/uploads\/2021\/11\/keep2share-premium-1.png\" alt=\"keep2share premium\" width=\"760\" height=\"571\" srcset=\"https:\/\/keep2share.info\/wp-content\/uploads\/2021\/11\/keep2share-premium-1.png 760w, https:\/\/keep2share.info\/wp-content\/uploads\/2021\/11\/keep2share-premium-1-300x225.png 300w\" sizes=\"auto, (max-width: 760px) 100vw, 760px\" \/><\/p>\n<p style=\"text-align: center;\">La pr\u00e9paration de Costs commence \u00e0 6,95 $\/ 3 jours, 16,95 $\/ trente jours, 13,98 $\/mois pour 90 jours ainsi que 9,50 $\/mois pour 365 jours. Le compte Costs offre 50 Go d&rsquo;espace de stockage et permet \u00e9galement de t\u00e9l\u00e9charger sans publicit\u00e9 environ 20 Go par jour.<\/p>\n<p style=\"text-align: center;\"><img loading=\"lazy\" decoding=\"async\" class=\"alignnone wp-image-775 size-full\" src=\"https:\/\/keep2share.info\/wp-content\/uploads\/2021\/11\/keep2share-premium-pro-1.png\" alt=\"keep2share premium pro\" width=\"763\" height=\"571\" srcset=\"https:\/\/keep2share.info\/wp-content\/uploads\/2021\/11\/keep2share-premium-pro-1.png 763w, https:\/\/keep2share.info\/wp-content\/uploads\/2021\/11\/keep2share-premium-pro-1-300x225.png 300w\" sizes=\"auto, (max-width: 763px) 100vw, 763px\" \/><\/p>\n<p style=\"text-align: center;\">Pour encore plus d&rsquo;espace et de fonctions, il y a Costs Pro qui commence \u00e0 8,95 $ \/ 3 jours, 21,95 $ \/ 30 jours, 17,32 $ \/ m pour 90 jours ainsi que 11,75 $ \/ m pour 365 jours. En contrepartie, vous obtenez 60 Go d&rsquo;espace de stockage ainsi que 50 Go de t\u00e9l\u00e9chargements sans publicit\u00e9 par jour. En plus de tous les attributs du compte Costs, vous obtenez \u00e9galement les solutions d&rsquo;une mosa\u00efque d&rsquo;infections ainsi que la capacit\u00e9 de t\u00e9l\u00e9charger et d&rsquo;installer des donn\u00e9es de mani\u00e8re anonyme.<\/p>\n","protected":false},"excerpt":{"rendered":"<p>Obtenez votre compte Premium Keep2share d\u00e8s aujourd&rsquo;hui ! D\u00e9couvrez notre excellente offre ! Une protection forte Vos donn\u00e9es ainsi que<\/p>\n","protected":false},"author":3,"featured_media":0,"parent":0,"menu_order":0,"comment_status":"closed","ping_status":"closed","template":"","meta":{"colormag_page_container_layout":"default_layout","colormag_page_sidebar_layout":"default_layout","footnotes":""},"class_list":["post-818","page","type-page","status-publish","hentry"],"yoast_head":"<!-- This site is optimized with the Yoast SEO plugin v27.3 - https:\/\/yoast.com\/product\/yoast-seo-wordpress\/ -->\n<title>Premium - Keep2Share<\/title>\n<meta name=\"robots\" content=\"index, follow, max-snippet:-1, max-image-preview:large, max-video-preview:-1\" \/>\n<link rel=\"canonical\" href=\"https:\/\/keep2share.info\/fr\/premium-account\/\" \/>\n<meta property=\"og:locale\" content=\"fr_FR\" \/>\n<meta property=\"og:type\" content=\"article\" \/>\n<meta property=\"og:title\" content=\"Premium - Keep2Share\" \/>\n<meta property=\"og:description\" content=\"Obtenez votre compte Premium Keep2share d\u00e8s aujourd&rsquo;hui ! D\u00e9couvrez notre excellente offre ! Une protection forte Vos donn\u00e9es ainsi que\" \/>\n<meta property=\"og:url\" content=\"https:\/\/keep2share.info\/fr\/premium-account\/\" \/>\n<meta property=\"og:site_name\" content=\"Keep2Share\" \/>\n<meta property=\"article:modified_time\" content=\"2021-11-10T18:30:06+00:00\" \/>\n<meta property=\"og:image\" content=\"https:\/\/keep2share.info\/wp-content\/uploads\/2021\/11\/keep2share.info-premium.png\" \/>\n<meta name=\"twitter:card\" content=\"summary_large_image\" \/>\n<meta name=\"twitter:label1\" content=\"Dur\u00e9e de lecture estim\u00e9e\" \/>\n\t<meta name=\"twitter:data1\" content=\"2 minutes\" \/>\n<script type=\"application\/ld+json\" class=\"yoast-schema-graph\">{\"@context\":\"https:\\\/\\\/schema.org\",\"@graph\":[{\"@type\":\"WebPage\",\"@id\":\"https:\\\/\\\/keep2share.info\\\/fr\\\/premium-account\\\/\",\"url\":\"https:\\\/\\\/keep2share.info\\\/fr\\\/premium-account\\\/\",\"name\":\"Premium - Keep2Share\",\"isPartOf\":{\"@id\":\"https:\\\/\\\/keep2share.info\\\/#website\"},\"primaryImageOfPage\":{\"@id\":\"https:\\\/\\\/keep2share.info\\\/fr\\\/premium-account\\\/#primaryimage\"},\"image\":{\"@id\":\"https:\\\/\\\/keep2share.info\\\/fr\\\/premium-account\\\/#primaryimage\"},\"thumbnailUrl\":\"https:\\\/\\\/keep2share.info\\\/wp-content\\\/uploads\\\/2021\\\/11\\\/keep2share.info-premium.png\",\"datePublished\":\"2021-11-08T14:03:23+00:00\",\"dateModified\":\"2021-11-10T18:30:06+00:00\",\"breadcrumb\":{\"@id\":\"https:\\\/\\\/keep2share.info\\\/fr\\\/premium-account\\\/#breadcrumb\"},\"inLanguage\":\"fr-FR\",\"potentialAction\":[{\"@type\":\"ReadAction\",\"target\":[\"https:\\\/\\\/keep2share.info\\\/fr\\\/premium-account\\\/\"]}]},{\"@type\":\"ImageObject\",\"inLanguage\":\"fr-FR\",\"@id\":\"https:\\\/\\\/keep2share.info\\\/fr\\\/premium-account\\\/#primaryimage\",\"url\":\"https:\\\/\\\/keep2share.info\\\/wp-content\\\/uploads\\\/2021\\\/11\\\/keep2share.info-premium.png\",\"contentUrl\":\"https:\\\/\\\/keep2share.info\\\/wp-content\\\/uploads\\\/2021\\\/11\\\/keep2share.info-premium.png\"},{\"@type\":\"BreadcrumbList\",\"@id\":\"https:\\\/\\\/keep2share.info\\\/fr\\\/premium-account\\\/#breadcrumb\",\"itemListElement\":[{\"@type\":\"ListItem\",\"position\":1,\"name\":\"Startseite\",\"item\":\"https:\\\/\\\/keep2share.info\\\/fr\\\/\"},{\"@type\":\"ListItem\",\"position\":2,\"name\":\"Premium\"}]},{\"@type\":\"WebSite\",\"@id\":\"https:\\\/\\\/keep2share.info\\\/#website\",\"url\":\"https:\\\/\\\/keep2share.info\\\/\",\"name\":\"Keep2Share\",\"description\":\"\",\"publisher\":{\"@id\":\"https:\\\/\\\/keep2share.info\\\/#organization\"},\"potentialAction\":[{\"@type\":\"SearchAction\",\"target\":{\"@type\":\"EntryPoint\",\"urlTemplate\":\"https:\\\/\\\/keep2share.info\\\/?s={search_term_string}\"},\"query-input\":{\"@type\":\"PropertyValueSpecification\",\"valueRequired\":true,\"valueName\":\"search_term_string\"}}],\"inLanguage\":\"fr-FR\"},{\"@type\":\"Organization\",\"@id\":\"https:\\\/\\\/keep2share.info\\\/#organization\",\"name\":\"Keep2Share\",\"url\":\"https:\\\/\\\/keep2share.info\\\/\",\"logo\":{\"@type\":\"ImageObject\",\"inLanguage\":\"fr-FR\",\"@id\":\"https:\\\/\\\/keep2share.info\\\/#\\\/schema\\\/logo\\\/image\\\/\",\"url\":\"https:\\\/\\\/keep2share.info\\\/wp-content\\\/uploads\\\/2025\\\/08\\\/keep2share_logo_300px.png\",\"contentUrl\":\"https:\\\/\\\/keep2share.info\\\/wp-content\\\/uploads\\\/2025\\\/08\\\/keep2share_logo_300px.png\",\"width\":300,\"height\":85,\"caption\":\"Keep2Share\"},\"image\":{\"@id\":\"https:\\\/\\\/keep2share.info\\\/#\\\/schema\\\/logo\\\/image\\\/\"}}]}<\/script>\n<!-- \/ Yoast SEO plugin. -->","yoast_head_json":{"title":"Premium - Keep2Share","robots":{"index":"index","follow":"follow","max-snippet":"max-snippet:-1","max-image-preview":"max-image-preview:large","max-video-preview":"max-video-preview:-1"},"canonical":"https:\/\/keep2share.info\/fr\/premium-account\/","og_locale":"fr_FR","og_type":"article","og_title":"Premium - Keep2Share","og_description":"Obtenez votre compte Premium Keep2share d\u00e8s aujourd&rsquo;hui ! D\u00e9couvrez notre excellente offre ! Une protection forte Vos donn\u00e9es ainsi que","og_url":"https:\/\/keep2share.info\/fr\/premium-account\/","og_site_name":"Keep2Share","article_modified_time":"2021-11-10T18:30:06+00:00","og_image":[{"url":"https:\/\/keep2share.info\/wp-content\/uploads\/2021\/11\/keep2share.info-premium.png","type":"","width":"","height":""}],"twitter_card":"summary_large_image","twitter_misc":{"Dur\u00e9e de lecture estim\u00e9e":"2 minutes"},"schema":{"@context":"https:\/\/schema.org","@graph":[{"@type":"WebPage","@id":"https:\/\/keep2share.info\/fr\/premium-account\/","url":"https:\/\/keep2share.info\/fr\/premium-account\/","name":"Premium - Keep2Share","isPartOf":{"@id":"https:\/\/keep2share.info\/#website"},"primaryImageOfPage":{"@id":"https:\/\/keep2share.info\/fr\/premium-account\/#primaryimage"},"image":{"@id":"https:\/\/keep2share.info\/fr\/premium-account\/#primaryimage"},"thumbnailUrl":"https:\/\/keep2share.info\/wp-content\/uploads\/2021\/11\/keep2share.info-premium.png","datePublished":"2021-11-08T14:03:23+00:00","dateModified":"2021-11-10T18:30:06+00:00","breadcrumb":{"@id":"https:\/\/keep2share.info\/fr\/premium-account\/#breadcrumb"},"inLanguage":"fr-FR","potentialAction":[{"@type":"ReadAction","target":["https:\/\/keep2share.info\/fr\/premium-account\/"]}]},{"@type":"ImageObject","inLanguage":"fr-FR","@id":"https:\/\/keep2share.info\/fr\/premium-account\/#primaryimage","url":"https:\/\/keep2share.info\/wp-content\/uploads\/2021\/11\/keep2share.info-premium.png","contentUrl":"https:\/\/keep2share.info\/wp-content\/uploads\/2021\/11\/keep2share.info-premium.png"},{"@type":"BreadcrumbList","@id":"https:\/\/keep2share.info\/fr\/premium-account\/#breadcrumb","itemListElement":[{"@type":"ListItem","position":1,"name":"Startseite","item":"https:\/\/keep2share.info\/fr\/"},{"@type":"ListItem","position":2,"name":"Premium"}]},{"@type":"WebSite","@id":"https:\/\/keep2share.info\/#website","url":"https:\/\/keep2share.info\/","name":"Keep2Share","description":"","publisher":{"@id":"https:\/\/keep2share.info\/#organization"},"potentialAction":[{"@type":"SearchAction","target":{"@type":"EntryPoint","urlTemplate":"https:\/\/keep2share.info\/?s={search_term_string}"},"query-input":{"@type":"PropertyValueSpecification","valueRequired":true,"valueName":"search_term_string"}}],"inLanguage":"fr-FR"},{"@type":"Organization","@id":"https:\/\/keep2share.info\/#organization","name":"Keep2Share","url":"https:\/\/keep2share.info\/","logo":{"@type":"ImageObject","inLanguage":"fr-FR","@id":"https:\/\/keep2share.info\/#\/schema\/logo\/image\/","url":"https:\/\/keep2share.info\/wp-content\/uploads\/2025\/08\/keep2share_logo_300px.png","contentUrl":"https:\/\/keep2share.info\/wp-content\/uploads\/2025\/08\/keep2share_logo_300px.png","width":300,"height":85,"caption":"Keep2Share"},"image":{"@id":"https:\/\/keep2share.info\/#\/schema\/logo\/image\/"}}]}},"_links":{"self":[{"href":"https:\/\/keep2share.info\/fr\/wp-json\/wp\/v2\/pages\/818","targetHints":{"allow":["GET"]}}],"collection":[{"href":"https:\/\/keep2share.info\/fr\/wp-json\/wp\/v2\/pages"}],"about":[{"href":"https:\/\/keep2share.info\/fr\/wp-json\/wp\/v2\/types\/page"}],"author":[{"embeddable":true,"href":"https:\/\/keep2share.info\/fr\/wp-json\/wp\/v2\/users\/3"}],"replies":[{"embeddable":true,"href":"https:\/\/keep2share.info\/fr\/wp-json\/wp\/v2\/comments?post=818"}],"version-history":[{"count":2,"href":"https:\/\/keep2share.info\/fr\/wp-json\/wp\/v2\/pages\/818\/revisions"}],"predecessor-version":[{"id":824,"href":"https:\/\/keep2share.info\/fr\/wp-json\/wp\/v2\/pages\/818\/revisions\/824"}],"wp:attachment":[{"href":"https:\/\/keep2share.info\/fr\/wp-json\/wp\/v2\/media?parent=818"}],"curies":[{"name":"wp","href":"https:\/\/api.w.org\/{rel}","templated":true}]}}