{"id":873,"date":"2021-11-09T21:29:56","date_gmt":"2021-11-09T21:29:56","guid":{"rendered":"https:\/\/h8atlq87g9.onrocket.site\/terms\/"},"modified":"2021-11-11T07:29:07","modified_gmt":"2021-11-11T07:29:07","slug":"terms","status":"publish","type":"page","link":"https:\/\/keep2share.info\/es\/terms\/","title":{"rendered":"Condiciones de servicio"},"content":{"rendered":"<p>Por favor, revise este plan de privacidad personal antes de utilizar el sitio web o enviar cualquier tipo de informaci\u00f3n individual. Al utilizar el sitio web, est\u00e1 aprobando los m\u00e9todos definidos en este plan de privacidad personal. SI EN ALG\u00daN MOMENTO NO EST\u00c1 DE ACUERDO CON ESTOS REQUISITOS Y PROBLEMAS, POR FAVOR, DEJE DE UTILIZAR LAS SOLUCIONES Y SIGA LAS INSTRUCCIONES DE ESTE ACUERDO.<\/p>\n<p>Al aprobar estas Condiciones de la Soluci\u00f3n, usted est\u00e1 de acuerdo en que estas Condiciones de la Soluci\u00f3n se utilizar\u00e1n siempre que usted utilice la Soluci\u00f3n. Si usted no da su consentimiento para ser vinculado como se necesita aqu\u00ed, despu\u00e9s de que usted no puede utilizar la soluci\u00f3n, y tambi\u00e9n en tales circunstancias, no inspeccionar el \u00abCompruebo y tambi\u00e9n el consentimiento a los T\u00e9rminos\u00bb antes de la conclusi\u00f3n de cada adquisici\u00f3n.<\/p>\n<p>Aseguramos la seguridad de la informaci\u00f3n grabada con Keep2share.info. Nos encargamos de salvaguardar su informaci\u00f3n individual. Toda la informaci\u00f3n individual proporcionada a trav\u00e9s de la inscripci\u00f3n ser\u00e1 utilizada espec\u00edficamente para refinar sus pedidos, as\u00ed como la confirmaci\u00f3n de las compras cuestionables, a menos que usted nos da la autorizaci\u00f3n para utilizar de una manera adicional, por ejemplo, para incluir a uno de nuestros boletines de noticias.<\/p>\n","protected":false},"excerpt":{"rendered":"<p>Por favor, revise este plan de privacidad personal antes de utilizar el sitio web o enviar cualquier tipo de informaci\u00f3n<\/p>\n","protected":false},"author":3,"featured_media":0,"parent":0,"menu_order":0,"comment_status":"closed","ping_status":"closed","template":"","meta":{"colormag_page_container_layout":"default_layout","colormag_page_sidebar_layout":"default_layout","footnotes":""},"class_list":["post-873","page","type-page","status-publish","hentry"],"yoast_head":"<!-- This site is optimized with the Yoast SEO plugin v27.3 - https:\/\/yoast.com\/product\/yoast-seo-wordpress\/ -->\n<title>Condiciones de servicio - Keep2Share<\/title>\n<meta name=\"robots\" content=\"index, follow, max-snippet:-1, max-image-preview:large, max-video-preview:-1\" \/>\n<link rel=\"canonical\" href=\"https:\/\/keep2share.info\/es\/terms\/\" \/>\n<meta property=\"og:locale\" content=\"es_ES\" \/>\n<meta property=\"og:type\" content=\"article\" \/>\n<meta property=\"og:title\" content=\"Condiciones de servicio - Keep2Share\" \/>\n<meta property=\"og:description\" content=\"Por favor, revise este plan de privacidad personal antes de utilizar el sitio web o enviar cualquier tipo de informaci\u00f3n\" \/>\n<meta property=\"og:url\" content=\"https:\/\/keep2share.info\/es\/terms\/\" \/>\n<meta property=\"og:site_name\" content=\"Keep2Share\" \/>\n<meta property=\"article:modified_time\" content=\"2021-11-11T07:29:07+00:00\" \/>\n<meta name=\"twitter:card\" content=\"summary_large_image\" \/>\n<meta name=\"twitter:label1\" content=\"Tiempo de lectura\" \/>\n\t<meta name=\"twitter:data1\" content=\"1 minuto\" \/>\n<script type=\"application\/ld+json\" class=\"yoast-schema-graph\">{\"@context\":\"https:\\\/\\\/schema.org\",\"@graph\":[{\"@type\":\"WebPage\",\"@id\":\"https:\\\/\\\/keep2share.info\\\/es\\\/terms\\\/\",\"url\":\"https:\\\/\\\/keep2share.info\\\/es\\\/terms\\\/\",\"name\":\"Condiciones de servicio - Keep2Share\",\"isPartOf\":{\"@id\":\"https:\\\/\\\/keep2share.info\\\/#website\"},\"datePublished\":\"2021-11-09T21:29:56+00:00\",\"dateModified\":\"2021-11-11T07:29:07+00:00\",\"breadcrumb\":{\"@id\":\"https:\\\/\\\/keep2share.info\\\/es\\\/terms\\\/#breadcrumb\"},\"inLanguage\":\"es\",\"potentialAction\":[{\"@type\":\"ReadAction\",\"target\":[\"https:\\\/\\\/keep2share.info\\\/es\\\/terms\\\/\"]}]},{\"@type\":\"BreadcrumbList\",\"@id\":\"https:\\\/\\\/keep2share.info\\\/es\\\/terms\\\/#breadcrumb\",\"itemListElement\":[{\"@type\":\"ListItem\",\"position\":1,\"name\":\"Startseite\",\"item\":\"https:\\\/\\\/keep2share.info\\\/es\\\/\"},{\"@type\":\"ListItem\",\"position\":2,\"name\":\"Condiciones de servicio\"}]},{\"@type\":\"WebSite\",\"@id\":\"https:\\\/\\\/keep2share.info\\\/#website\",\"url\":\"https:\\\/\\\/keep2share.info\\\/\",\"name\":\"Keep2Share\",\"description\":\"\",\"publisher\":{\"@id\":\"https:\\\/\\\/keep2share.info\\\/#organization\"},\"potentialAction\":[{\"@type\":\"SearchAction\",\"target\":{\"@type\":\"EntryPoint\",\"urlTemplate\":\"https:\\\/\\\/keep2share.info\\\/?s={search_term_string}\"},\"query-input\":{\"@type\":\"PropertyValueSpecification\",\"valueRequired\":true,\"valueName\":\"search_term_string\"}}],\"inLanguage\":\"es\"},{\"@type\":\"Organization\",\"@id\":\"https:\\\/\\\/keep2share.info\\\/#organization\",\"name\":\"Keep2Share\",\"url\":\"https:\\\/\\\/keep2share.info\\\/\",\"logo\":{\"@type\":\"ImageObject\",\"inLanguage\":\"es\",\"@id\":\"https:\\\/\\\/keep2share.info\\\/#\\\/schema\\\/logo\\\/image\\\/\",\"url\":\"https:\\\/\\\/keep2share.info\\\/wp-content\\\/uploads\\\/2025\\\/08\\\/keep2share_logo_300px.png\",\"contentUrl\":\"https:\\\/\\\/keep2share.info\\\/wp-content\\\/uploads\\\/2025\\\/08\\\/keep2share_logo_300px.png\",\"width\":300,\"height\":85,\"caption\":\"Keep2Share\"},\"image\":{\"@id\":\"https:\\\/\\\/keep2share.info\\\/#\\\/schema\\\/logo\\\/image\\\/\"}}]}<\/script>\n<!-- \/ Yoast SEO plugin. -->","yoast_head_json":{"title":"Condiciones de servicio - Keep2Share","robots":{"index":"index","follow":"follow","max-snippet":"max-snippet:-1","max-image-preview":"max-image-preview:large","max-video-preview":"max-video-preview:-1"},"canonical":"https:\/\/keep2share.info\/es\/terms\/","og_locale":"es_ES","og_type":"article","og_title":"Condiciones de servicio - Keep2Share","og_description":"Por favor, revise este plan de privacidad personal antes de utilizar el sitio web o enviar cualquier tipo de informaci\u00f3n","og_url":"https:\/\/keep2share.info\/es\/terms\/","og_site_name":"Keep2Share","article_modified_time":"2021-11-11T07:29:07+00:00","twitter_card":"summary_large_image","twitter_misc":{"Tiempo de lectura":"1 minuto"},"schema":{"@context":"https:\/\/schema.org","@graph":[{"@type":"WebPage","@id":"https:\/\/keep2share.info\/es\/terms\/","url":"https:\/\/keep2share.info\/es\/terms\/","name":"Condiciones de servicio - Keep2Share","isPartOf":{"@id":"https:\/\/keep2share.info\/#website"},"datePublished":"2021-11-09T21:29:56+00:00","dateModified":"2021-11-11T07:29:07+00:00","breadcrumb":{"@id":"https:\/\/keep2share.info\/es\/terms\/#breadcrumb"},"inLanguage":"es","potentialAction":[{"@type":"ReadAction","target":["https:\/\/keep2share.info\/es\/terms\/"]}]},{"@type":"BreadcrumbList","@id":"https:\/\/keep2share.info\/es\/terms\/#breadcrumb","itemListElement":[{"@type":"ListItem","position":1,"name":"Startseite","item":"https:\/\/keep2share.info\/es\/"},{"@type":"ListItem","position":2,"name":"Condiciones de servicio"}]},{"@type":"WebSite","@id":"https:\/\/keep2share.info\/#website","url":"https:\/\/keep2share.info\/","name":"Keep2Share","description":"","publisher":{"@id":"https:\/\/keep2share.info\/#organization"},"potentialAction":[{"@type":"SearchAction","target":{"@type":"EntryPoint","urlTemplate":"https:\/\/keep2share.info\/?s={search_term_string}"},"query-input":{"@type":"PropertyValueSpecification","valueRequired":true,"valueName":"search_term_string"}}],"inLanguage":"es"},{"@type":"Organization","@id":"https:\/\/keep2share.info\/#organization","name":"Keep2Share","url":"https:\/\/keep2share.info\/","logo":{"@type":"ImageObject","inLanguage":"es","@id":"https:\/\/keep2share.info\/#\/schema\/logo\/image\/","url":"https:\/\/keep2share.info\/wp-content\/uploads\/2025\/08\/keep2share_logo_300px.png","contentUrl":"https:\/\/keep2share.info\/wp-content\/uploads\/2025\/08\/keep2share_logo_300px.png","width":300,"height":85,"caption":"Keep2Share"},"image":{"@id":"https:\/\/keep2share.info\/#\/schema\/logo\/image\/"}}]}},"_links":{"self":[{"href":"https:\/\/keep2share.info\/es\/wp-json\/wp\/v2\/pages\/873","targetHints":{"allow":["GET"]}}],"collection":[{"href":"https:\/\/keep2share.info\/es\/wp-json\/wp\/v2\/pages"}],"about":[{"href":"https:\/\/keep2share.info\/es\/wp-json\/wp\/v2\/types\/page"}],"author":[{"embeddable":true,"href":"https:\/\/keep2share.info\/es\/wp-json\/wp\/v2\/users\/3"}],"replies":[{"embeddable":true,"href":"https:\/\/keep2share.info\/es\/wp-json\/wp\/v2\/comments?post=873"}],"version-history":[{"count":2,"href":"https:\/\/keep2share.info\/es\/wp-json\/wp\/v2\/pages\/873\/revisions"}],"predecessor-version":[{"id":917,"href":"https:\/\/keep2share.info\/es\/wp-json\/wp\/v2\/pages\/873\/revisions\/917"}],"wp:attachment":[{"href":"https:\/\/keep2share.info\/es\/wp-json\/wp\/v2\/media?parent=873"}],"curies":[{"name":"wp","href":"https:\/\/api.w.org\/{rel}","templated":true}]}}