{"id":867,"date":"2017-12-18T16:02:28","date_gmt":"2017-12-18T16:02:28","guid":{"rendered":"https:\/\/h8atlq87g9.onrocket.site\/privacy-policy\/"},"modified":"2021-11-11T07:18:10","modified_gmt":"2021-11-11T07:18:10","slug":"privacy-policy","status":"publish","type":"page","link":"https:\/\/keep2share.info\/es\/privacy-policy\/","title":{"rendered":"Pol\u00edtica de privacidad"},"content":{"rendered":"<p style=\"margin: 0px 0px 15px; padding: 0px; border: 0px; font-size: 14px; vertical-align: baseline; line-height: 1.71429; color: #444444; font-family: Ubuntu, Helvetica, Arial, sans-serif;\"><strong>Protecci\u00f3n de datos<\/strong><\/p>\n<p>Los operadores de estas p\u00e1ginas se toman muy en serio la protecci\u00f3n de sus datos personales. Tratamos sus datos personales de forma confidencial y de acuerdo con las normas legales de protecci\u00f3n de datos y esta declaraci\u00f3n de protecci\u00f3n de datos.<\/p>\n<p>Por regla general, es posible utilizar nuestro sitio web sin necesidad de facilitar datos personales. En la medida en que se recojan datos personales (por ejemplo, nombre, direcci\u00f3n o direcciones de correo electr\u00f3nico) en nuestras p\u00e1ginas, se har\u00e1 siempre, en la medida de lo posible, de forma voluntaria. Estos datos no se transmitir\u00e1n a terceros sin su consentimiento expreso.<\/p>\n<p>Se\u00f1alamos que la transmisi\u00f3n de datos a trav\u00e9s de Internet (por ejemplo, la comunicaci\u00f3n por correo electr\u00f3nico) presenta lagunas de seguridad. La protecci\u00f3n completa de los datos contra el acceso de terceros no es posible.<\/p>\n<p><strong>Pol\u00edtica de privacidad para el uso de plugins de Facebook (bot\u00f3n \u00abMe gusta\u00bb)<\/strong><\/p>\n<p>En nuestras p\u00e1ginas se integran plugins de la red social Facebook, proveedor Facebook Inc., 1 Hacker Way, Menlo Park, California 94025, USA. Puede reconocer los plugins de Facebook por el logotipo de Facebook o el bot\u00f3n \u00abMe gusta\u00bb de nuestra p\u00e1gina. Puedes encontrar un resumen de los plugins de Facebook aqu\u00ed: <a href=\"http:\/\/developers.facebook.com\/docs\/plugins\/\">http:\/\/developers.facebook.com\/docs\/plugins\/<\/a>.<\/p>\n<p>Cuando usted visita nuestras p\u00e1ginas, se establece una conexi\u00f3n directa entre su navegador y el servidor de Facebook a trav\u00e9s del plugin. De este modo, Facebook recibe la informaci\u00f3n de que usted ha visitado nuestro sitio con su direcci\u00f3n IP. Si hace clic en el bot\u00f3n \u00abMe gusta\u00bb de Facebook mientras est\u00e1 conectado a su cuenta de Facebook, puede vincular el contenido de nuestras p\u00e1ginas en su perfil de Facebook. Esto permite a Facebook asociar la visita a nuestras p\u00e1ginas con su cuenta de usuario. Nos gustar\u00eda se\u00f1alar que nosotros, como proveedores de las p\u00e1ginas, no tenemos conocimiento del contenido de los datos transmitidos ni de su uso por parte de Facebook. Para m\u00e1s informaci\u00f3n, consulte la pol\u00edtica de privacidad de Facebook en <a href=\"http:\/\/de-de.facebook.com\/policy.php\">http:\/\/de-de.facebook.com\/policy.php<\/a>.<\/p>\n<p>Si no quieres que Facebook pueda asociar tu visita a nuestras p\u00e1ginas con tu cuenta de usuario de Facebook, cierra la sesi\u00f3n de tu cuenta de usuario de Facebook.<\/p>\n<p><strong>Pol\u00edtica de privacidad para el uso de Google Analytics<\/strong><\/p>\n<p>Este sitio web utiliza funciones del servicio de an\u00e1lisis web Google Analytics. El proveedor es Google Inc. 1600 Amphitheatre Parkway Mountain View, CA 94043, USA. Google Analytics utiliza las llamadas \u00abcookies\u00bb. Se trata de archivos de texto que se almacenan en su ordenador y permiten analizar el uso que usted hace del sitio web. La informaci\u00f3n generada por la cookie sobre su uso de este sitio web se transmite generalmente a un servidor de Google en los EE.UU. y se almacena all\u00ed.<\/p>\n<p>Sin embargo, en caso de que se active la anonimizaci\u00f3n de la IP en este sitio web, su direcci\u00f3n IP ser\u00e1 truncada previamente por Google dentro de los estados miembros de la Uni\u00f3n Europea o en otros estados contratantes del Acuerdo sobre el Espacio Econ\u00f3mico Europeo. S\u00f3lo en casos excepcionales se transmitir\u00e1 la direcci\u00f3n IP completa a un servidor de Google en Estados Unidos y se acortar\u00e1 all\u00ed. En nombre del operador de este sitio web, Google utilizar\u00e1 esta informaci\u00f3n con el fin de evaluar su uso del sitio web, recopilar informes sobre la actividad del sitio web y prestar otros servicios relacionados con la actividad del sitio web y el uso de Internet al operador del sitio web. La direcci\u00f3n IP transmitida por su navegador en el marco de Google Analytics no se fusionar\u00e1 con otros datos de Google.<\/p>\n<p>Puede rechazar el uso de cookies seleccionando la configuraci\u00f3n adecuada en su navegador; sin embargo, tenga en cuenta que si lo hace es posible que no pueda utilizar todas las funciones de este sitio web. Tambi\u00e9n puede evitar la recopilaci\u00f3n de datos generados por la cookie y relacionados con su uso del sitio web (incluida su direcci\u00f3n IP) a Google y el tratamiento de estos datos por parte de Google descargando e instalando el plugin para el navegador disponible en el siguiente enlace: http:\/\/tools.google.com\/dlpage\/gaoptout?hl=de.<\/p>\n<p><strong>Pol\u00edtica de privacidad para el uso de Google +1<\/strong><\/p>\n<p>Nuestras p\u00e1ginas utilizan las funciones de Google +1. El proveedor es Google Inc. 1600 Amphitheatre Parkway Mountain View, CA 94043, USA.<\/p>\n<p>Recogida y difusi\u00f3n de informaci\u00f3n: Con la ayuda del bot\u00f3n Google +1, puede publicar informaci\u00f3n en todo el mundo. A trav\u00e9s del bot\u00f3n Google +1, usted y otros usuarios reciben contenidos personalizados de Google y de nuestros socios. Google almacena tanto la informaci\u00f3n que usted ha dado a +1 para el contenido como la informaci\u00f3n sobre la p\u00e1gina que estaba viendo cuando hizo clic en +1. Sus +1 pueden aparecer como avisos junto con su nombre de perfil y su foto en los servicios de Google, como los resultados de b\u00fasqueda o su perfil de Google, o en otros sitios web y anuncios en Internet. Google registra informaci\u00f3n sobre sus actividades +1 con el fin de mejorar los servicios de Google para usted y para otros. Para utilizar el bot\u00f3n Google +1, necesita un perfil de Google p\u00fablico y visible en todo el mundo, que debe contener al menos el nombre elegido para el perfil. Este nombre se utiliza en todos los servicios de Google. En algunos casos, este nombre tambi\u00e9n puede sustituir a otro nombre que haya utilizado al compartir contenido a trav\u00e9s de su cuenta de Google. La identidad de su perfil de Google puede mostrarse a los usuarios que conozcan su direcci\u00f3n de correo electr\u00f3nico o que dispongan de otros datos de identificaci\u00f3n sobre usted.<\/p>\n<p>Uso de la informaci\u00f3n recopilada: Adem\u00e1s de los usos explicados anteriormente, la informaci\u00f3n que proporcione se utilizar\u00e1 de acuerdo con la pol\u00edtica de privacidad aplicable de Google. Google puede publicar estad\u00edsticas agregadas sobre las actividades +1 de los usuarios o compartirlas con usuarios y socios, como editores, anunciantes o sitios web afiliados.<\/p>\n<p><strong>Pol\u00edtica de privacidad para el uso de Twitter<\/strong><\/p>\n<p>Las funciones del servicio de Twitter est\u00e1n integradas en nuestras p\u00e1ginas. Estas funciones son ofrecidas por Twitter Inc, 1355 Market Street, Suite 900, San Francisco, CA 94103, USA. Al utilizar Twitter y la funci\u00f3n \u00abRe-Tweet\u00bb, las p\u00e1ginas web que usted visita se vinculan a su cuenta de Twitter y se dan a conocer a otros usuarios. En el proceso, los datos tambi\u00e9n se transfieren a Twitter. Nos gustar\u00eda se\u00f1alar que nosotros, como proveedores de las p\u00e1ginas, no tenemos conocimiento del contenido de los datos transmitidos ni de su uso por parte de Twitter. Para m\u00e1s informaci\u00f3n, consulte la pol\u00edtica de privacidad de Twitter en <a href=\"http:\/\/twitter.com\/privacy.\">http:\/\/twitter.com\/privacy.<\/a><\/p>\n<p>Puedes cambiar tu configuraci\u00f3n de privacidad en Twitter en la configuraci\u00f3n de la cuenta en <a href=\"http:\/\/twitter.com\/account\/settings\">http:\/\/twitter.com\/account\/settings<\/a>.<\/p>\n","protected":false},"excerpt":{"rendered":"<p>Protecci\u00f3n de datos Los operadores de estas p\u00e1ginas se toman muy en serio la protecci\u00f3n de sus datos personales. Tratamos<\/p>\n","protected":false},"author":3,"featured_media":0,"parent":0,"menu_order":0,"comment_status":"closed","ping_status":"closed","template":"","meta":{"colormag_page_container_layout":"default_layout","colormag_page_sidebar_layout":"default_layout","footnotes":""},"class_list":["post-867","page","type-page","status-publish","hentry"],"yoast_head":"<!-- This site is optimized with the Yoast SEO plugin v27.3 - https:\/\/yoast.com\/product\/yoast-seo-wordpress\/ -->\n<title>Pol\u00edtica de privacidad - Keep2Share<\/title>\n<meta name=\"robots\" content=\"noindex, nofollow\" \/>\n<meta property=\"og:locale\" content=\"es_ES\" \/>\n<meta property=\"og:type\" content=\"article\" \/>\n<meta property=\"og:title\" content=\"Pol\u00edtica de privacidad - Keep2Share\" \/>\n<meta property=\"og:description\" content=\"Protecci\u00f3n de datos Los operadores de estas p\u00e1ginas se toman muy en serio la protecci\u00f3n de sus datos personales. Tratamos\" \/>\n<meta property=\"og:url\" content=\"https:\/\/keep2share.info\/es\/privacy-policy\/\" \/>\n<meta property=\"og:site_name\" content=\"Keep2Share\" \/>\n<meta property=\"article:modified_time\" content=\"2021-11-11T07:18:10+00:00\" \/>\n<meta name=\"twitter:card\" content=\"summary_large_image\" \/>\n<meta name=\"twitter:label1\" content=\"Tiempo de lectura\" \/>\n\t<meta name=\"twitter:data1\" content=\"5 minutos\" \/>\n<script type=\"application\/ld+json\" class=\"yoast-schema-graph\">{\"@context\":\"https:\\\/\\\/schema.org\",\"@graph\":[{\"@type\":\"WebPage\",\"@id\":\"https:\\\/\\\/keep2share.info\\\/es\\\/privacy-policy\\\/\",\"url\":\"https:\\\/\\\/keep2share.info\\\/es\\\/privacy-policy\\\/\",\"name\":\"Pol\u00edtica de privacidad - Keep2Share\",\"isPartOf\":{\"@id\":\"https:\\\/\\\/keep2share.info\\\/#website\"},\"datePublished\":\"2017-12-18T16:02:28+00:00\",\"dateModified\":\"2021-11-11T07:18:10+00:00\",\"breadcrumb\":{\"@id\":\"https:\\\/\\\/keep2share.info\\\/es\\\/privacy-policy\\\/#breadcrumb\"},\"inLanguage\":\"es\",\"potentialAction\":[{\"@type\":\"ReadAction\",\"target\":[\"https:\\\/\\\/keep2share.info\\\/es\\\/privacy-policy\\\/\"]}]},{\"@type\":\"BreadcrumbList\",\"@id\":\"https:\\\/\\\/keep2share.info\\\/es\\\/privacy-policy\\\/#breadcrumb\",\"itemListElement\":[{\"@type\":\"ListItem\",\"position\":1,\"name\":\"Startseite\",\"item\":\"https:\\\/\\\/keep2share.info\\\/es\\\/\"},{\"@type\":\"ListItem\",\"position\":2,\"name\":\"Pol\u00edtica de privacidad\"}]},{\"@type\":\"WebSite\",\"@id\":\"https:\\\/\\\/keep2share.info\\\/#website\",\"url\":\"https:\\\/\\\/keep2share.info\\\/\",\"name\":\"Keep2Share\",\"description\":\"\",\"publisher\":{\"@id\":\"https:\\\/\\\/keep2share.info\\\/#organization\"},\"potentialAction\":[{\"@type\":\"SearchAction\",\"target\":{\"@type\":\"EntryPoint\",\"urlTemplate\":\"https:\\\/\\\/keep2share.info\\\/?s={search_term_string}\"},\"query-input\":{\"@type\":\"PropertyValueSpecification\",\"valueRequired\":true,\"valueName\":\"search_term_string\"}}],\"inLanguage\":\"es\"},{\"@type\":\"Organization\",\"@id\":\"https:\\\/\\\/keep2share.info\\\/#organization\",\"name\":\"Keep2Share\",\"url\":\"https:\\\/\\\/keep2share.info\\\/\",\"logo\":{\"@type\":\"ImageObject\",\"inLanguage\":\"es\",\"@id\":\"https:\\\/\\\/keep2share.info\\\/#\\\/schema\\\/logo\\\/image\\\/\",\"url\":\"https:\\\/\\\/keep2share.info\\\/wp-content\\\/uploads\\\/2025\\\/08\\\/keep2share_logo_300px.png\",\"contentUrl\":\"https:\\\/\\\/keep2share.info\\\/wp-content\\\/uploads\\\/2025\\\/08\\\/keep2share_logo_300px.png\",\"width\":300,\"height\":85,\"caption\":\"Keep2Share\"},\"image\":{\"@id\":\"https:\\\/\\\/keep2share.info\\\/#\\\/schema\\\/logo\\\/image\\\/\"}}]}<\/script>\n<!-- \/ Yoast SEO plugin. -->","yoast_head_json":{"title":"Pol\u00edtica de privacidad - Keep2Share","robots":{"index":"noindex","follow":"nofollow"},"og_locale":"es_ES","og_type":"article","og_title":"Pol\u00edtica de privacidad - Keep2Share","og_description":"Protecci\u00f3n de datos Los operadores de estas p\u00e1ginas se toman muy en serio la protecci\u00f3n de sus datos personales. Tratamos","og_url":"https:\/\/keep2share.info\/es\/privacy-policy\/","og_site_name":"Keep2Share","article_modified_time":"2021-11-11T07:18:10+00:00","twitter_card":"summary_large_image","twitter_misc":{"Tiempo de lectura":"5 minutos"},"schema":{"@context":"https:\/\/schema.org","@graph":[{"@type":"WebPage","@id":"https:\/\/keep2share.info\/es\/privacy-policy\/","url":"https:\/\/keep2share.info\/es\/privacy-policy\/","name":"Pol\u00edtica de privacidad - Keep2Share","isPartOf":{"@id":"https:\/\/keep2share.info\/#website"},"datePublished":"2017-12-18T16:02:28+00:00","dateModified":"2021-11-11T07:18:10+00:00","breadcrumb":{"@id":"https:\/\/keep2share.info\/es\/privacy-policy\/#breadcrumb"},"inLanguage":"es","potentialAction":[{"@type":"ReadAction","target":["https:\/\/keep2share.info\/es\/privacy-policy\/"]}]},{"@type":"BreadcrumbList","@id":"https:\/\/keep2share.info\/es\/privacy-policy\/#breadcrumb","itemListElement":[{"@type":"ListItem","position":1,"name":"Startseite","item":"https:\/\/keep2share.info\/es\/"},{"@type":"ListItem","position":2,"name":"Pol\u00edtica de privacidad"}]},{"@type":"WebSite","@id":"https:\/\/keep2share.info\/#website","url":"https:\/\/keep2share.info\/","name":"Keep2Share","description":"","publisher":{"@id":"https:\/\/keep2share.info\/#organization"},"potentialAction":[{"@type":"SearchAction","target":{"@type":"EntryPoint","urlTemplate":"https:\/\/keep2share.info\/?s={search_term_string}"},"query-input":{"@type":"PropertyValueSpecification","valueRequired":true,"valueName":"search_term_string"}}],"inLanguage":"es"},{"@type":"Organization","@id":"https:\/\/keep2share.info\/#organization","name":"Keep2Share","url":"https:\/\/keep2share.info\/","logo":{"@type":"ImageObject","inLanguage":"es","@id":"https:\/\/keep2share.info\/#\/schema\/logo\/image\/","url":"https:\/\/keep2share.info\/wp-content\/uploads\/2025\/08\/keep2share_logo_300px.png","contentUrl":"https:\/\/keep2share.info\/wp-content\/uploads\/2025\/08\/keep2share_logo_300px.png","width":300,"height":85,"caption":"Keep2Share"},"image":{"@id":"https:\/\/keep2share.info\/#\/schema\/logo\/image\/"}}]}},"_links":{"self":[{"href":"https:\/\/keep2share.info\/es\/wp-json\/wp\/v2\/pages\/867","targetHints":{"allow":["GET"]}}],"collection":[{"href":"https:\/\/keep2share.info\/es\/wp-json\/wp\/v2\/pages"}],"about":[{"href":"https:\/\/keep2share.info\/es\/wp-json\/wp\/v2\/types\/page"}],"author":[{"embeddable":true,"href":"https:\/\/keep2share.info\/es\/wp-json\/wp\/v2\/users\/3"}],"replies":[{"embeddable":true,"href":"https:\/\/keep2share.info\/es\/wp-json\/wp\/v2\/comments?post=867"}],"version-history":[{"count":2,"href":"https:\/\/keep2share.info\/es\/wp-json\/wp\/v2\/pages\/867\/revisions"}],"predecessor-version":[{"id":907,"href":"https:\/\/keep2share.info\/es\/wp-json\/wp\/v2\/pages\/867\/revisions\/907"}],"wp:attachment":[{"href":"https:\/\/keep2share.info\/es\/wp-json\/wp\/v2\/media?parent=867"}],"curies":[{"name":"wp","href":"https:\/\/api.w.org\/{rel}","templated":true}]}}