{"id":842,"date":"2021-11-08T14:13:24","date_gmt":"2021-11-08T14:13:24","guid":{"rendered":"https:\/\/h8atlq87g9.onrocket.site\/affiliate\/"},"modified":"2021-11-10T19:01:40","modified_gmt":"2021-11-10T19:01:40","slug":"affiliate","status":"publish","type":"page","link":"https:\/\/keep2share.info\/es\/affiliate\/","title":{"rendered":"Affiliate"},"content":{"rendered":"<p><strong>C\u00f3mo funciona<\/strong><\/p>\n<p><img loading=\"lazy\" decoding=\"async\" class=\"alignnone wp-image-738 \" src=\"https:\/\/keep2share.info\/wp-content\/uploads\/2021\/11\/keep2share.info-affiliate.png\" alt=\"keep2share.info affiliate\" width=\"717\" height=\"368\" srcset=\"https:\/\/keep2share.info\/wp-content\/uploads\/2021\/11\/keep2share.info-affiliate.png 1125w, https:\/\/keep2share.info\/wp-content\/uploads\/2021\/11\/keep2share.info-affiliate-300x154.png 300w, https:\/\/keep2share.info\/wp-content\/uploads\/2021\/11\/keep2share.info-affiliate-1024x525.png 1024w, https:\/\/keep2share.info\/wp-content\/uploads\/2021\/11\/keep2share.info-affiliate-768x394.png 768w\" sizes=\"auto, (max-width: 717px) 100vw, 717px\" \/><\/p>\n<table>\n<tbody>\n<tr>\n<td>Publicar archivos en MoneyPlatform<\/p>\n<p>Incluir datos\/v\u00eddeos en sitios web<\/p>\n<p>Obtenga dinero en efectivo de forma pr\u00e1ctica<\/td>\n<\/tr>\n<tr>\n<td>Medios dif\u00edciles (sin MoneyPlatform).<\/p>\n<p>Adquirir servidores para almacenar archivos.<\/p>\n<p>Dar la capacidad de descargar archivos.<\/p>\n<p>Dar difusi\u00f3n de v\u00eddeos.<\/p>\n<p>Establecer entradas de reembolso.<\/p>\n<p>Proteger las transacciones financieras.<\/p>\n<p>Dar asistencia t\u00e9cnica individual.<\/p>\n<p>Publicar archivos en servidores web.<\/p>\n<p>Incluir documentos\/v\u00eddeos en el sitio web.<\/p>\n<p>Obtener ingresos generados por los portales de reembolso.<\/td>\n<\/tr>\n<\/tbody>\n<\/table>\n<p><strong>ACCI\u00d3N 1: Subir datos.<\/strong><\/p>\n<p>Publique sus datos sin problemas: utilizando un navegador web, FTP o directamente desde otros sitios web.<\/p>\n<p><strong>ACCI\u00d3N 2: Enviar a compartir.<\/strong><\/p>\n<p>Publique enlaces a sus documentos en el sitio web.<br \/>\nIncluya el reproductor de videoclips en el sitio web.<\/p>\n<p><strong>ACCI\u00d3N 3: Obtenga premios.<\/strong><\/p>\n<p>Los individuos gastan para acceder a sus archivos.<br \/>\nConsiga el 75% de las adquisiciones de los usuarios.<\/p>\n<p><strong>Caracter\u00edsticas<\/strong><\/p>\n<ul>\n<li>Todo tipo de archivos son compatibles con el v\u00eddeo, canciones, archivos, as\u00ed como otros &#8211; Los clips de v\u00eddeo, canciones, archivos, y tambi\u00e9n otros.<\/li>\n<li>Conversi\u00f3n autom\u00e1tica &#8211; El v\u00eddeo se transforma instant\u00e1neamente para las vistas en Internet.<\/li>\n<li>Datos de hasta 15 GB &#8211; El tama\u00f1o \u00f3ptimo de los archivos es de 15 GB.<\/li>\n<li>Varias opciones de carga de datos &#8211; INTERNET, FTP, API, carga directa desde otros sitios.<\/li>\n<\/ul>\n","protected":false},"excerpt":{"rendered":"<p>C\u00f3mo funciona Publicar archivos en MoneyPlatform Incluir datos\/v\u00eddeos en sitios web Obtenga dinero en efectivo de forma pr\u00e1ctica Medios dif\u00edciles<\/p>\n","protected":false},"author":3,"featured_media":0,"parent":0,"menu_order":0,"comment_status":"closed","ping_status":"closed","template":"","meta":{"colormag_page_container_layout":"default_layout","colormag_page_sidebar_layout":"default_layout","footnotes":""},"class_list":["post-842","page","type-page","status-publish","hentry"],"yoast_head":"<!-- This site is optimized with the Yoast SEO plugin v27.3 - https:\/\/yoast.com\/product\/yoast-seo-wordpress\/ -->\n<title>Affiliate - Keep2Share<\/title>\n<meta name=\"robots\" content=\"index, follow, max-snippet:-1, max-image-preview:large, max-video-preview:-1\" \/>\n<link rel=\"canonical\" href=\"https:\/\/keep2share.info\/es\/affiliate\/\" \/>\n<meta property=\"og:locale\" content=\"es_ES\" \/>\n<meta property=\"og:type\" content=\"article\" \/>\n<meta property=\"og:title\" content=\"Affiliate - Keep2Share\" \/>\n<meta property=\"og:description\" content=\"C\u00f3mo funciona Publicar archivos en MoneyPlatform Incluir datos\/v\u00eddeos en sitios web Obtenga dinero en efectivo de forma pr\u00e1ctica Medios dif\u00edciles\" \/>\n<meta property=\"og:url\" content=\"https:\/\/keep2share.info\/es\/affiliate\/\" \/>\n<meta property=\"og:site_name\" content=\"Keep2Share\" \/>\n<meta property=\"article:modified_time\" content=\"2021-11-10T19:01:40+00:00\" \/>\n<meta property=\"og:image\" content=\"https:\/\/keep2share.info\/wp-content\/uploads\/2021\/11\/keep2share.info-affiliate.png\" \/>\n<meta name=\"twitter:card\" content=\"summary_large_image\" \/>\n<meta name=\"twitter:label1\" content=\"Tiempo de lectura\" \/>\n\t<meta name=\"twitter:data1\" content=\"2 minutos\" \/>\n<script type=\"application\/ld+json\" class=\"yoast-schema-graph\">{\"@context\":\"https:\\\/\\\/schema.org\",\"@graph\":[{\"@type\":\"WebPage\",\"@id\":\"https:\\\/\\\/keep2share.info\\\/es\\\/affiliate\\\/\",\"url\":\"https:\\\/\\\/keep2share.info\\\/es\\\/affiliate\\\/\",\"name\":\"Affiliate - Keep2Share\",\"isPartOf\":{\"@id\":\"https:\\\/\\\/keep2share.info\\\/#website\"},\"primaryImageOfPage\":{\"@id\":\"https:\\\/\\\/keep2share.info\\\/es\\\/affiliate\\\/#primaryimage\"},\"image\":{\"@id\":\"https:\\\/\\\/keep2share.info\\\/es\\\/affiliate\\\/#primaryimage\"},\"thumbnailUrl\":\"https:\\\/\\\/keep2share.info\\\/wp-content\\\/uploads\\\/2021\\\/11\\\/keep2share.info-affiliate.png\",\"datePublished\":\"2021-11-08T14:13:24+00:00\",\"dateModified\":\"2021-11-10T19:01:40+00:00\",\"breadcrumb\":{\"@id\":\"https:\\\/\\\/keep2share.info\\\/es\\\/affiliate\\\/#breadcrumb\"},\"inLanguage\":\"es\",\"potentialAction\":[{\"@type\":\"ReadAction\",\"target\":[\"https:\\\/\\\/keep2share.info\\\/es\\\/affiliate\\\/\"]}]},{\"@type\":\"ImageObject\",\"inLanguage\":\"es\",\"@id\":\"https:\\\/\\\/keep2share.info\\\/es\\\/affiliate\\\/#primaryimage\",\"url\":\"https:\\\/\\\/keep2share.info\\\/wp-content\\\/uploads\\\/2021\\\/11\\\/keep2share.info-affiliate.png\",\"contentUrl\":\"https:\\\/\\\/keep2share.info\\\/wp-content\\\/uploads\\\/2021\\\/11\\\/keep2share.info-affiliate.png\"},{\"@type\":\"BreadcrumbList\",\"@id\":\"https:\\\/\\\/keep2share.info\\\/es\\\/affiliate\\\/#breadcrumb\",\"itemListElement\":[{\"@type\":\"ListItem\",\"position\":1,\"name\":\"Startseite\",\"item\":\"https:\\\/\\\/keep2share.info\\\/es\\\/\"},{\"@type\":\"ListItem\",\"position\":2,\"name\":\"Affiliate\"}]},{\"@type\":\"WebSite\",\"@id\":\"https:\\\/\\\/keep2share.info\\\/#website\",\"url\":\"https:\\\/\\\/keep2share.info\\\/\",\"name\":\"Keep2Share\",\"description\":\"\",\"publisher\":{\"@id\":\"https:\\\/\\\/keep2share.info\\\/#organization\"},\"potentialAction\":[{\"@type\":\"SearchAction\",\"target\":{\"@type\":\"EntryPoint\",\"urlTemplate\":\"https:\\\/\\\/keep2share.info\\\/?s={search_term_string}\"},\"query-input\":{\"@type\":\"PropertyValueSpecification\",\"valueRequired\":true,\"valueName\":\"search_term_string\"}}],\"inLanguage\":\"es\"},{\"@type\":\"Organization\",\"@id\":\"https:\\\/\\\/keep2share.info\\\/#organization\",\"name\":\"Keep2Share\",\"url\":\"https:\\\/\\\/keep2share.info\\\/\",\"logo\":{\"@type\":\"ImageObject\",\"inLanguage\":\"es\",\"@id\":\"https:\\\/\\\/keep2share.info\\\/#\\\/schema\\\/logo\\\/image\\\/\",\"url\":\"https:\\\/\\\/keep2share.info\\\/wp-content\\\/uploads\\\/2025\\\/08\\\/keep2share_logo_300px.png\",\"contentUrl\":\"https:\\\/\\\/keep2share.info\\\/wp-content\\\/uploads\\\/2025\\\/08\\\/keep2share_logo_300px.png\",\"width\":300,\"height\":85,\"caption\":\"Keep2Share\"},\"image\":{\"@id\":\"https:\\\/\\\/keep2share.info\\\/#\\\/schema\\\/logo\\\/image\\\/\"}}]}<\/script>\n<!-- \/ Yoast SEO plugin. -->","yoast_head_json":{"title":"Affiliate - Keep2Share","robots":{"index":"index","follow":"follow","max-snippet":"max-snippet:-1","max-image-preview":"max-image-preview:large","max-video-preview":"max-video-preview:-1"},"canonical":"https:\/\/keep2share.info\/es\/affiliate\/","og_locale":"es_ES","og_type":"article","og_title":"Affiliate - Keep2Share","og_description":"C\u00f3mo funciona Publicar archivos en MoneyPlatform Incluir datos\/v\u00eddeos en sitios web Obtenga dinero en efectivo de forma pr\u00e1ctica Medios dif\u00edciles","og_url":"https:\/\/keep2share.info\/es\/affiliate\/","og_site_name":"Keep2Share","article_modified_time":"2021-11-10T19:01:40+00:00","og_image":[{"url":"https:\/\/keep2share.info\/wp-content\/uploads\/2021\/11\/keep2share.info-affiliate.png","type":"","width":"","height":""}],"twitter_card":"summary_large_image","twitter_misc":{"Tiempo de lectura":"2 minutos"},"schema":{"@context":"https:\/\/schema.org","@graph":[{"@type":"WebPage","@id":"https:\/\/keep2share.info\/es\/affiliate\/","url":"https:\/\/keep2share.info\/es\/affiliate\/","name":"Affiliate - Keep2Share","isPartOf":{"@id":"https:\/\/keep2share.info\/#website"},"primaryImageOfPage":{"@id":"https:\/\/keep2share.info\/es\/affiliate\/#primaryimage"},"image":{"@id":"https:\/\/keep2share.info\/es\/affiliate\/#primaryimage"},"thumbnailUrl":"https:\/\/keep2share.info\/wp-content\/uploads\/2021\/11\/keep2share.info-affiliate.png","datePublished":"2021-11-08T14:13:24+00:00","dateModified":"2021-11-10T19:01:40+00:00","breadcrumb":{"@id":"https:\/\/keep2share.info\/es\/affiliate\/#breadcrumb"},"inLanguage":"es","potentialAction":[{"@type":"ReadAction","target":["https:\/\/keep2share.info\/es\/affiliate\/"]}]},{"@type":"ImageObject","inLanguage":"es","@id":"https:\/\/keep2share.info\/es\/affiliate\/#primaryimage","url":"https:\/\/keep2share.info\/wp-content\/uploads\/2021\/11\/keep2share.info-affiliate.png","contentUrl":"https:\/\/keep2share.info\/wp-content\/uploads\/2021\/11\/keep2share.info-affiliate.png"},{"@type":"BreadcrumbList","@id":"https:\/\/keep2share.info\/es\/affiliate\/#breadcrumb","itemListElement":[{"@type":"ListItem","position":1,"name":"Startseite","item":"https:\/\/keep2share.info\/es\/"},{"@type":"ListItem","position":2,"name":"Affiliate"}]},{"@type":"WebSite","@id":"https:\/\/keep2share.info\/#website","url":"https:\/\/keep2share.info\/","name":"Keep2Share","description":"","publisher":{"@id":"https:\/\/keep2share.info\/#organization"},"potentialAction":[{"@type":"SearchAction","target":{"@type":"EntryPoint","urlTemplate":"https:\/\/keep2share.info\/?s={search_term_string}"},"query-input":{"@type":"PropertyValueSpecification","valueRequired":true,"valueName":"search_term_string"}}],"inLanguage":"es"},{"@type":"Organization","@id":"https:\/\/keep2share.info\/#organization","name":"Keep2Share","url":"https:\/\/keep2share.info\/","logo":{"@type":"ImageObject","inLanguage":"es","@id":"https:\/\/keep2share.info\/#\/schema\/logo\/image\/","url":"https:\/\/keep2share.info\/wp-content\/uploads\/2025\/08\/keep2share_logo_300px.png","contentUrl":"https:\/\/keep2share.info\/wp-content\/uploads\/2025\/08\/keep2share_logo_300px.png","width":300,"height":85,"caption":"Keep2Share"},"image":{"@id":"https:\/\/keep2share.info\/#\/schema\/logo\/image\/"}}]}},"_links":{"self":[{"href":"https:\/\/keep2share.info\/es\/wp-json\/wp\/v2\/pages\/842","targetHints":{"allow":["GET"]}}],"collection":[{"href":"https:\/\/keep2share.info\/es\/wp-json\/wp\/v2\/pages"}],"about":[{"href":"https:\/\/keep2share.info\/es\/wp-json\/wp\/v2\/types\/page"}],"author":[{"embeddable":true,"href":"https:\/\/keep2share.info\/es\/wp-json\/wp\/v2\/users\/3"}],"replies":[{"embeddable":true,"href":"https:\/\/keep2share.info\/es\/wp-json\/wp\/v2\/comments?post=842"}],"version-history":[{"count":2,"href":"https:\/\/keep2share.info\/es\/wp-json\/wp\/v2\/pages\/842\/revisions"}],"predecessor-version":[{"id":852,"href":"https:\/\/keep2share.info\/es\/wp-json\/wp\/v2\/pages\/842\/revisions\/852"}],"wp:attachment":[{"href":"https:\/\/keep2share.info\/es\/wp-json\/wp\/v2\/media?parent=842"}],"curies":[{"name":"wp","href":"https:\/\/api.w.org\/{rel}","templated":true}]}}