{"id":822,"date":"2021-11-08T14:03:23","date_gmt":"2021-11-08T14:03:23","guid":{"rendered":"https:\/\/h8atlq87g9.onrocket.site\/premium-account\/"},"modified":"2021-11-10T18:54:19","modified_gmt":"2021-11-10T18:54:19","slug":"premium-account","status":"publish","type":"page","link":"https:\/\/keep2share.info\/es\/premium-account\/","title":{"rendered":"Premium"},"content":{"rendered":"<p style=\"text-align: center;\"><strong>\u00a1Obtenga su cuenta Premium de Keep2share hoy mismo!<\/strong><\/p>\n<p style=\"text-align: center;\"><strong>\u00a1Vea nuestra excelente oferta!<\/strong><\/p>\n<p style=\"text-align: center;\"><img loading=\"lazy\" decoding=\"async\" class=\"alignnone wp-image-769 size-full\" src=\"https:\/\/keep2share.info\/wp-content\/uploads\/2021\/11\/keep2share.info-premium.png\" alt=\"keep2share premium\" width=\"500\" height=\"500\" srcset=\"https:\/\/keep2share.info\/wp-content\/uploads\/2021\/11\/keep2share.info-premium.png 500w, https:\/\/keep2share.info\/wp-content\/uploads\/2021\/11\/keep2share.info-premium-300x300.png 300w, https:\/\/keep2share.info\/wp-content\/uploads\/2021\/11\/keep2share.info-premium-150x150.png 150w\" sizes=\"auto, (max-width: 500px) 100vw, 500px\" \/><\/p>\n<p style=\"text-align: center;\"><strong>Fuerte protecci\u00f3n<\/strong><\/p>\n<p style=\"text-align: center;\">Sus datos y sus descargas est\u00e1n totalmente protegidos por nuestro sistema de encriptaci\u00f3n de \u00faltima generaci\u00f3n. Nunca m\u00e1s se preocupe por la seguridad de la informaci\u00f3n.<\/p>\n<p style=\"text-align: center;\"><strong>Velocidad<\/strong><\/p>\n<p style=\"text-align: center;\">Aprecie las descargas supers\u00f3nicas de nuestra nube de espacio de almacenamiento lateral reductor. Y adem\u00e1s, puedes utilizar aceleradores de descarga para una experiencia mucho mejor.<\/p>\n<p style=\"text-align: center;\"><strong>Sin tiempo de espera<\/strong><\/p>\n<p style=\"text-align: center;\">Sus descargas comienzan r\u00e1pidamente. Tambi\u00e9n se completan pr\u00e1cticamente de inmediato. \u00a1Desp\u00eddase de perder tiempo esperando lo que necesita!<\/p>\n<p style=\"text-align: center;\"><img loading=\"lazy\" decoding=\"async\" class=\"aligncenter wp-image-788 size-full\" src=\"https:\/\/keep2share.info\/wp-content\/uploads\/2021\/11\/keep2share-free.png\" alt=\"keep2share free\" width=\"465\" height=\"332\" srcset=\"https:\/\/keep2share.info\/wp-content\/uploads\/2021\/11\/keep2share-free.png 465w, https:\/\/keep2share.info\/wp-content\/uploads\/2021\/11\/keep2share-free-300x214.png 300w\" sizes=\"auto, (max-width: 465px) 100vw, 465px\" \/><\/p>\n<p style=\"text-align: center;\">Los clientes de cuentas gratuitas tienen su velocidad de descarga restringida a 50 kb\/s. No pueden descargar e instalar documentos haciendo uso de un supervisor de datos o hacer uso de los atributos de descarga de la soluci\u00f3n, tales como descargas id\u00e9nticas o volver a descargas interrumpidas.<\/p>\n<p style=\"text-align: center;\">Para abrir mucho mejor los atributos de los clientes requieren para inscribirse en entre ambas cuentas de pago, Costos, as\u00ed como Costos Pro.<\/p>\n<p style=\"text-align: center;\"><img loading=\"lazy\" decoding=\"async\" class=\"aligncenter wp-image-781 size-full\" src=\"https:\/\/keep2share.info\/wp-content\/uploads\/2021\/11\/keep2share-premium-1.png\" alt=\"keep2share premium\" width=\"760\" height=\"571\" srcset=\"https:\/\/keep2share.info\/wp-content\/uploads\/2021\/11\/keep2share-premium-1.png 760w, https:\/\/keep2share.info\/wp-content\/uploads\/2021\/11\/keep2share-premium-1-300x225.png 300w\" sizes=\"auto, (max-width: 760px) 100vw, 760px\" \/><\/p>\n<p style=\"text-align: center;\">Costos prepara comienza en $ 6,95\/ 3 d\u00edas, $ 16,95\/ treinta d\u00edas, $ 13,98\/ mes durante 90 d\u00edas, as\u00ed como $ 9,50\/ mes durante 365 d\u00edas. La cuenta de Costos cuenta con 50 GB de espacio de almacenamiento y tambi\u00e9n permite descargas sin publicidad de aproximadamente 20 GB cada d\u00eda.<\/p>\n<p style=\"text-align: center;\"><img loading=\"lazy\" decoding=\"async\" class=\"alignnone wp-image-775 size-full\" src=\"https:\/\/keep2share.info\/wp-content\/uploads\/2021\/11\/keep2share-premium-pro-1.png\" alt=\"keep2share premium pro\" width=\"763\" height=\"571\" srcset=\"https:\/\/keep2share.info\/wp-content\/uploads\/2021\/11\/keep2share-premium-pro-1.png 763w, https:\/\/keep2share.info\/wp-content\/uploads\/2021\/11\/keep2share-premium-pro-1-300x225.png 300w\" sizes=\"auto, (max-width: 763px) 100vw, 763px\" \/><\/p>\n<p style=\"text-align: center;\">Para obtener m\u00e1s espacio y funciones, existe la cuenta Costs Pro, que comienza con 8,95 $\/ 3 d\u00edas, 21,95 $\/ 30 d\u00edas, 17,32 $\/ m durante 90 d\u00edas y 11,75 $\/ m durante 365 d\u00edas. A cambio, obtienes 60 GB de espacio de almacenamiento y 50 GB de descargas sin publicidad por d\u00eda. Adem\u00e1s de todos los atributos de la cuenta de Costos, tambi\u00e9n puede utilizar las soluciones de un mosaico de infecciones y la capacidad de descargar e instalar datos de forma an\u00f3nima.<\/p>\n","protected":false},"excerpt":{"rendered":"<p>\u00a1Obtenga su cuenta Premium de Keep2share hoy mismo! \u00a1Vea nuestra excelente oferta! Fuerte protecci\u00f3n Sus datos y sus descargas est\u00e1n<\/p>\n","protected":false},"author":3,"featured_media":0,"parent":0,"menu_order":0,"comment_status":"closed","ping_status":"closed","template":"","meta":{"colormag_page_container_layout":"default_layout","colormag_page_sidebar_layout":"default_layout","footnotes":""},"class_list":["post-822","page","type-page","status-publish","hentry"],"yoast_head":"<!-- This site is optimized with the Yoast SEO plugin v27.3 - https:\/\/yoast.com\/product\/yoast-seo-wordpress\/ -->\n<title>Premium - Keep2Share<\/title>\n<meta name=\"robots\" content=\"index, follow, max-snippet:-1, max-image-preview:large, max-video-preview:-1\" \/>\n<link rel=\"canonical\" href=\"https:\/\/keep2share.info\/es\/premium-account\/\" \/>\n<meta property=\"og:locale\" content=\"es_ES\" \/>\n<meta property=\"og:type\" content=\"article\" \/>\n<meta property=\"og:title\" content=\"Premium - Keep2Share\" \/>\n<meta property=\"og:description\" content=\"\u00a1Obtenga su cuenta Premium de Keep2share hoy mismo! \u00a1Vea nuestra excelente oferta! Fuerte protecci\u00f3n Sus datos y sus descargas est\u00e1n\" \/>\n<meta property=\"og:url\" content=\"https:\/\/keep2share.info\/es\/premium-account\/\" \/>\n<meta property=\"og:site_name\" content=\"Keep2Share\" \/>\n<meta property=\"article:modified_time\" content=\"2021-11-10T18:54:19+00:00\" \/>\n<meta property=\"og:image\" content=\"https:\/\/keep2share.info\/wp-content\/uploads\/2021\/11\/keep2share.info-premium.png\" \/>\n<meta name=\"twitter:card\" content=\"summary_large_image\" \/>\n<meta name=\"twitter:label1\" content=\"Tiempo de lectura\" \/>\n\t<meta name=\"twitter:data1\" content=\"3 minutos\" \/>\n<script type=\"application\/ld+json\" class=\"yoast-schema-graph\">{\"@context\":\"https:\\\/\\\/schema.org\",\"@graph\":[{\"@type\":\"WebPage\",\"@id\":\"https:\\\/\\\/keep2share.info\\\/es\\\/premium-account\\\/\",\"url\":\"https:\\\/\\\/keep2share.info\\\/es\\\/premium-account\\\/\",\"name\":\"Premium - Keep2Share\",\"isPartOf\":{\"@id\":\"https:\\\/\\\/keep2share.info\\\/#website\"},\"primaryImageOfPage\":{\"@id\":\"https:\\\/\\\/keep2share.info\\\/es\\\/premium-account\\\/#primaryimage\"},\"image\":{\"@id\":\"https:\\\/\\\/keep2share.info\\\/es\\\/premium-account\\\/#primaryimage\"},\"thumbnailUrl\":\"https:\\\/\\\/keep2share.info\\\/wp-content\\\/uploads\\\/2021\\\/11\\\/keep2share.info-premium.png\",\"datePublished\":\"2021-11-08T14:03:23+00:00\",\"dateModified\":\"2021-11-10T18:54:19+00:00\",\"breadcrumb\":{\"@id\":\"https:\\\/\\\/keep2share.info\\\/es\\\/premium-account\\\/#breadcrumb\"},\"inLanguage\":\"es\",\"potentialAction\":[{\"@type\":\"ReadAction\",\"target\":[\"https:\\\/\\\/keep2share.info\\\/es\\\/premium-account\\\/\"]}]},{\"@type\":\"ImageObject\",\"inLanguage\":\"es\",\"@id\":\"https:\\\/\\\/keep2share.info\\\/es\\\/premium-account\\\/#primaryimage\",\"url\":\"https:\\\/\\\/keep2share.info\\\/wp-content\\\/uploads\\\/2021\\\/11\\\/keep2share.info-premium.png\",\"contentUrl\":\"https:\\\/\\\/keep2share.info\\\/wp-content\\\/uploads\\\/2021\\\/11\\\/keep2share.info-premium.png\"},{\"@type\":\"BreadcrumbList\",\"@id\":\"https:\\\/\\\/keep2share.info\\\/es\\\/premium-account\\\/#breadcrumb\",\"itemListElement\":[{\"@type\":\"ListItem\",\"position\":1,\"name\":\"Startseite\",\"item\":\"https:\\\/\\\/keep2share.info\\\/es\\\/\"},{\"@type\":\"ListItem\",\"position\":2,\"name\":\"Premium\"}]},{\"@type\":\"WebSite\",\"@id\":\"https:\\\/\\\/keep2share.info\\\/#website\",\"url\":\"https:\\\/\\\/keep2share.info\\\/\",\"name\":\"Keep2Share\",\"description\":\"\",\"publisher\":{\"@id\":\"https:\\\/\\\/keep2share.info\\\/#organization\"},\"potentialAction\":[{\"@type\":\"SearchAction\",\"target\":{\"@type\":\"EntryPoint\",\"urlTemplate\":\"https:\\\/\\\/keep2share.info\\\/?s={search_term_string}\"},\"query-input\":{\"@type\":\"PropertyValueSpecification\",\"valueRequired\":true,\"valueName\":\"search_term_string\"}}],\"inLanguage\":\"es\"},{\"@type\":\"Organization\",\"@id\":\"https:\\\/\\\/keep2share.info\\\/#organization\",\"name\":\"Keep2Share\",\"url\":\"https:\\\/\\\/keep2share.info\\\/\",\"logo\":{\"@type\":\"ImageObject\",\"inLanguage\":\"es\",\"@id\":\"https:\\\/\\\/keep2share.info\\\/#\\\/schema\\\/logo\\\/image\\\/\",\"url\":\"https:\\\/\\\/keep2share.info\\\/wp-content\\\/uploads\\\/2025\\\/08\\\/keep2share_logo_300px.png\",\"contentUrl\":\"https:\\\/\\\/keep2share.info\\\/wp-content\\\/uploads\\\/2025\\\/08\\\/keep2share_logo_300px.png\",\"width\":300,\"height\":85,\"caption\":\"Keep2Share\"},\"image\":{\"@id\":\"https:\\\/\\\/keep2share.info\\\/#\\\/schema\\\/logo\\\/image\\\/\"}}]}<\/script>\n<!-- \/ Yoast SEO plugin. -->","yoast_head_json":{"title":"Premium - Keep2Share","robots":{"index":"index","follow":"follow","max-snippet":"max-snippet:-1","max-image-preview":"max-image-preview:large","max-video-preview":"max-video-preview:-1"},"canonical":"https:\/\/keep2share.info\/es\/premium-account\/","og_locale":"es_ES","og_type":"article","og_title":"Premium - Keep2Share","og_description":"\u00a1Obtenga su cuenta Premium de Keep2share hoy mismo! \u00a1Vea nuestra excelente oferta! Fuerte protecci\u00f3n Sus datos y sus descargas est\u00e1n","og_url":"https:\/\/keep2share.info\/es\/premium-account\/","og_site_name":"Keep2Share","article_modified_time":"2021-11-10T18:54:19+00:00","og_image":[{"url":"https:\/\/keep2share.info\/wp-content\/uploads\/2021\/11\/keep2share.info-premium.png","type":"","width":"","height":""}],"twitter_card":"summary_large_image","twitter_misc":{"Tiempo de lectura":"3 minutos"},"schema":{"@context":"https:\/\/schema.org","@graph":[{"@type":"WebPage","@id":"https:\/\/keep2share.info\/es\/premium-account\/","url":"https:\/\/keep2share.info\/es\/premium-account\/","name":"Premium - Keep2Share","isPartOf":{"@id":"https:\/\/keep2share.info\/#website"},"primaryImageOfPage":{"@id":"https:\/\/keep2share.info\/es\/premium-account\/#primaryimage"},"image":{"@id":"https:\/\/keep2share.info\/es\/premium-account\/#primaryimage"},"thumbnailUrl":"https:\/\/keep2share.info\/wp-content\/uploads\/2021\/11\/keep2share.info-premium.png","datePublished":"2021-11-08T14:03:23+00:00","dateModified":"2021-11-10T18:54:19+00:00","breadcrumb":{"@id":"https:\/\/keep2share.info\/es\/premium-account\/#breadcrumb"},"inLanguage":"es","potentialAction":[{"@type":"ReadAction","target":["https:\/\/keep2share.info\/es\/premium-account\/"]}]},{"@type":"ImageObject","inLanguage":"es","@id":"https:\/\/keep2share.info\/es\/premium-account\/#primaryimage","url":"https:\/\/keep2share.info\/wp-content\/uploads\/2021\/11\/keep2share.info-premium.png","contentUrl":"https:\/\/keep2share.info\/wp-content\/uploads\/2021\/11\/keep2share.info-premium.png"},{"@type":"BreadcrumbList","@id":"https:\/\/keep2share.info\/es\/premium-account\/#breadcrumb","itemListElement":[{"@type":"ListItem","position":1,"name":"Startseite","item":"https:\/\/keep2share.info\/es\/"},{"@type":"ListItem","position":2,"name":"Premium"}]},{"@type":"WebSite","@id":"https:\/\/keep2share.info\/#website","url":"https:\/\/keep2share.info\/","name":"Keep2Share","description":"","publisher":{"@id":"https:\/\/keep2share.info\/#organization"},"potentialAction":[{"@type":"SearchAction","target":{"@type":"EntryPoint","urlTemplate":"https:\/\/keep2share.info\/?s={search_term_string}"},"query-input":{"@type":"PropertyValueSpecification","valueRequired":true,"valueName":"search_term_string"}}],"inLanguage":"es"},{"@type":"Organization","@id":"https:\/\/keep2share.info\/#organization","name":"Keep2Share","url":"https:\/\/keep2share.info\/","logo":{"@type":"ImageObject","inLanguage":"es","@id":"https:\/\/keep2share.info\/#\/schema\/logo\/image\/","url":"https:\/\/keep2share.info\/wp-content\/uploads\/2025\/08\/keep2share_logo_300px.png","contentUrl":"https:\/\/keep2share.info\/wp-content\/uploads\/2025\/08\/keep2share_logo_300px.png","width":300,"height":85,"caption":"Keep2Share"},"image":{"@id":"https:\/\/keep2share.info\/#\/schema\/logo\/image\/"}}]}},"_links":{"self":[{"href":"https:\/\/keep2share.info\/es\/wp-json\/wp\/v2\/pages\/822","targetHints":{"allow":["GET"]}}],"collection":[{"href":"https:\/\/keep2share.info\/es\/wp-json\/wp\/v2\/pages"}],"about":[{"href":"https:\/\/keep2share.info\/es\/wp-json\/wp\/v2\/types\/page"}],"author":[{"embeddable":true,"href":"https:\/\/keep2share.info\/es\/wp-json\/wp\/v2\/users\/3"}],"replies":[{"embeddable":true,"href":"https:\/\/keep2share.info\/es\/wp-json\/wp\/v2\/comments?post=822"}],"version-history":[{"count":2,"href":"https:\/\/keep2share.info\/es\/wp-json\/wp\/v2\/pages\/822\/revisions"}],"predecessor-version":[{"id":836,"href":"https:\/\/keep2share.info\/es\/wp-json\/wp\/v2\/pages\/822\/revisions\/836"}],"wp:attachment":[{"href":"https:\/\/keep2share.info\/es\/wp-json\/wp\/v2\/media?parent=822"}],"curies":[{"name":"wp","href":"https:\/\/api.w.org\/{rel}","templated":true}]}}