{"id":870,"date":"2021-11-09T21:29:56","date_gmt":"2021-11-09T21:29:56","guid":{"rendered":"https:\/\/h8atlq87g9.onrocket.site\/terms\/"},"modified":"2021-11-11T07:28:55","modified_gmt":"2021-11-11T07:28:55","slug":"terms","status":"publish","type":"page","link":"https:\/\/keep2share.info\/de\/terms\/","title":{"rendered":"Bedingungen der Dienstleistung"},"content":{"rendered":"<p>Bitte lesen Sie diesen Datenschutzplan, bevor Sie die Website nutzen oder pers\u00f6nliche Daten \u00fcbermitteln. Durch die Nutzung der Website erkl\u00e4ren Sie sich mit den in diesem Datenschutzplan festgelegten Methoden einverstanden. SOLLTEN SIE ZU IRGENDEINEM ZEITPUNKT MIT DIESEN VORAUSSETZUNGEN UND PROBLEMEN NICHT EINVERSTANDEN SEIN, BEENDEN SIE BITTE UMGEHEND DIE NUTZUNG DER L\u00d6SUNGEN UND BEFOLGEN SIE DIE ANWEISUNGEN IN DIESER VEREINBARUNG.<\/p>\n<p>Indem Sie diesen Nutzungsbedingungen zustimmen, erkl\u00e4ren Sie sich damit einverstanden, dass diese Nutzungsbedingungen bei jeder Nutzung der L\u00f6sung zur Anwendung kommen. Wenn Sie nicht zustimmen, wie hier erforderlich gebunden zu sein, danach k\u00f6nnen Sie die L\u00f6sung nicht verwenden, und auch unter solchen Umst\u00e4nden, inspizieren Sie nicht die &#8222;Ich checke aus und auch Zustimmung zu den Bedingungen&#8220; vor dem Abschluss eines jeden Erwerbs.<\/p>\n<p>Wir versichern die Sicherheit der mit Keep2share.info aufgezeichneten Informationen. Wir \u00fcbernehmen den Schutz Ihrer individuellen Informationen. Alle individuellen Informationen, die w\u00e4hrend der Anmeldung gegeben werden, werden sicherlich speziell f\u00fcr die Verfeinerung Ihrer Auftr\u00e4ge sowie die Best\u00e4tigung fragw\u00fcrdiger K\u00e4ufe verwendet werden, es sei denn, Sie geben uns die Erlaubnis, sie in einer anderen Art und Weise zu verwenden, zum Beispiel, um Sie zu einem unserer Newsletter geh\u00f6ren.<\/p>\n","protected":false},"excerpt":{"rendered":"<p>Bitte lesen Sie diesen Datenschutzplan, bevor Sie die Website nutzen oder pers\u00f6nliche Daten \u00fcbermitteln. Durch die Nutzung der Website erkl\u00e4ren<\/p>\n","protected":false},"author":3,"featured_media":0,"parent":0,"menu_order":0,"comment_status":"closed","ping_status":"closed","template":"","meta":{"colormag_page_container_layout":"default_layout","colormag_page_sidebar_layout":"default_layout","footnotes":""},"class_list":["post-870","page","type-page","status-publish","hentry"],"yoast_head":"<!-- This site is optimized with the Yoast SEO plugin v27.3 - https:\/\/yoast.com\/product\/yoast-seo-wordpress\/ -->\n<title>Bedingungen der Dienstleistung - Keep2Share<\/title>\n<meta name=\"robots\" content=\"index, follow, max-snippet:-1, max-image-preview:large, max-video-preview:-1\" \/>\n<link rel=\"canonical\" href=\"https:\/\/keep2share.info\/de\/terms\/\" \/>\n<meta property=\"og:locale\" content=\"de_DE\" \/>\n<meta property=\"og:type\" content=\"article\" \/>\n<meta property=\"og:title\" content=\"Bedingungen der Dienstleistung - Keep2Share\" \/>\n<meta property=\"og:description\" content=\"Bitte lesen Sie diesen Datenschutzplan, bevor Sie die Website nutzen oder pers\u00f6nliche Daten \u00fcbermitteln. Durch die Nutzung der Website erkl\u00e4ren\" \/>\n<meta property=\"og:url\" content=\"https:\/\/keep2share.info\/de\/terms\/\" \/>\n<meta property=\"og:site_name\" content=\"Keep2Share\" \/>\n<meta property=\"article:modified_time\" content=\"2021-11-11T07:28:55+00:00\" \/>\n<meta name=\"twitter:card\" content=\"summary_large_image\" \/>\n<meta name=\"twitter:label1\" content=\"Gesch\u00e4tzte Lesezeit\" \/>\n\t<meta name=\"twitter:data1\" content=\"1\u00a0Minute\" \/>\n<script type=\"application\/ld+json\" class=\"yoast-schema-graph\">{\"@context\":\"https:\\\/\\\/schema.org\",\"@graph\":[{\"@type\":\"WebPage\",\"@id\":\"https:\\\/\\\/keep2share.info\\\/de\\\/terms\\\/\",\"url\":\"https:\\\/\\\/keep2share.info\\\/de\\\/terms\\\/\",\"name\":\"Bedingungen der Dienstleistung - Keep2Share\",\"isPartOf\":{\"@id\":\"https:\\\/\\\/keep2share.info\\\/#website\"},\"datePublished\":\"2021-11-09T21:29:56+00:00\",\"dateModified\":\"2021-11-11T07:28:55+00:00\",\"breadcrumb\":{\"@id\":\"https:\\\/\\\/keep2share.info\\\/de\\\/terms\\\/#breadcrumb\"},\"inLanguage\":\"de\",\"potentialAction\":[{\"@type\":\"ReadAction\",\"target\":[\"https:\\\/\\\/keep2share.info\\\/de\\\/terms\\\/\"]}]},{\"@type\":\"BreadcrumbList\",\"@id\":\"https:\\\/\\\/keep2share.info\\\/de\\\/terms\\\/#breadcrumb\",\"itemListElement\":[{\"@type\":\"ListItem\",\"position\":1,\"name\":\"Startseite\",\"item\":\"https:\\\/\\\/keep2share.info\\\/de\\\/\"},{\"@type\":\"ListItem\",\"position\":2,\"name\":\"Bedingungen der Dienstleistung\"}]},{\"@type\":\"WebSite\",\"@id\":\"https:\\\/\\\/keep2share.info\\\/#website\",\"url\":\"https:\\\/\\\/keep2share.info\\\/\",\"name\":\"Keep2Share\",\"description\":\"\",\"publisher\":{\"@id\":\"https:\\\/\\\/keep2share.info\\\/#organization\"},\"potentialAction\":[{\"@type\":\"SearchAction\",\"target\":{\"@type\":\"EntryPoint\",\"urlTemplate\":\"https:\\\/\\\/keep2share.info\\\/?s={search_term_string}\"},\"query-input\":{\"@type\":\"PropertyValueSpecification\",\"valueRequired\":true,\"valueName\":\"search_term_string\"}}],\"inLanguage\":\"de\"},{\"@type\":\"Organization\",\"@id\":\"https:\\\/\\\/keep2share.info\\\/#organization\",\"name\":\"Keep2Share\",\"url\":\"https:\\\/\\\/keep2share.info\\\/\",\"logo\":{\"@type\":\"ImageObject\",\"inLanguage\":\"de\",\"@id\":\"https:\\\/\\\/keep2share.info\\\/#\\\/schema\\\/logo\\\/image\\\/\",\"url\":\"https:\\\/\\\/keep2share.info\\\/wp-content\\\/uploads\\\/2025\\\/08\\\/keep2share_logo_300px.png\",\"contentUrl\":\"https:\\\/\\\/keep2share.info\\\/wp-content\\\/uploads\\\/2025\\\/08\\\/keep2share_logo_300px.png\",\"width\":300,\"height\":85,\"caption\":\"Keep2Share\"},\"image\":{\"@id\":\"https:\\\/\\\/keep2share.info\\\/#\\\/schema\\\/logo\\\/image\\\/\"}}]}<\/script>\n<!-- \/ Yoast SEO plugin. -->","yoast_head_json":{"title":"Bedingungen der Dienstleistung - Keep2Share","robots":{"index":"index","follow":"follow","max-snippet":"max-snippet:-1","max-image-preview":"max-image-preview:large","max-video-preview":"max-video-preview:-1"},"canonical":"https:\/\/keep2share.info\/de\/terms\/","og_locale":"de_DE","og_type":"article","og_title":"Bedingungen der Dienstleistung - Keep2Share","og_description":"Bitte lesen Sie diesen Datenschutzplan, bevor Sie die Website nutzen oder pers\u00f6nliche Daten \u00fcbermitteln. Durch die Nutzung der Website erkl\u00e4ren","og_url":"https:\/\/keep2share.info\/de\/terms\/","og_site_name":"Keep2Share","article_modified_time":"2021-11-11T07:28:55+00:00","twitter_card":"summary_large_image","twitter_misc":{"Gesch\u00e4tzte Lesezeit":"1\u00a0Minute"},"schema":{"@context":"https:\/\/schema.org","@graph":[{"@type":"WebPage","@id":"https:\/\/keep2share.info\/de\/terms\/","url":"https:\/\/keep2share.info\/de\/terms\/","name":"Bedingungen der Dienstleistung - Keep2Share","isPartOf":{"@id":"https:\/\/keep2share.info\/#website"},"datePublished":"2021-11-09T21:29:56+00:00","dateModified":"2021-11-11T07:28:55+00:00","breadcrumb":{"@id":"https:\/\/keep2share.info\/de\/terms\/#breadcrumb"},"inLanguage":"de","potentialAction":[{"@type":"ReadAction","target":["https:\/\/keep2share.info\/de\/terms\/"]}]},{"@type":"BreadcrumbList","@id":"https:\/\/keep2share.info\/de\/terms\/#breadcrumb","itemListElement":[{"@type":"ListItem","position":1,"name":"Startseite","item":"https:\/\/keep2share.info\/de\/"},{"@type":"ListItem","position":2,"name":"Bedingungen der Dienstleistung"}]},{"@type":"WebSite","@id":"https:\/\/keep2share.info\/#website","url":"https:\/\/keep2share.info\/","name":"Keep2Share","description":"","publisher":{"@id":"https:\/\/keep2share.info\/#organization"},"potentialAction":[{"@type":"SearchAction","target":{"@type":"EntryPoint","urlTemplate":"https:\/\/keep2share.info\/?s={search_term_string}"},"query-input":{"@type":"PropertyValueSpecification","valueRequired":true,"valueName":"search_term_string"}}],"inLanguage":"de"},{"@type":"Organization","@id":"https:\/\/keep2share.info\/#organization","name":"Keep2Share","url":"https:\/\/keep2share.info\/","logo":{"@type":"ImageObject","inLanguage":"de","@id":"https:\/\/keep2share.info\/#\/schema\/logo\/image\/","url":"https:\/\/keep2share.info\/wp-content\/uploads\/2025\/08\/keep2share_logo_300px.png","contentUrl":"https:\/\/keep2share.info\/wp-content\/uploads\/2025\/08\/keep2share_logo_300px.png","width":300,"height":85,"caption":"Keep2Share"},"image":{"@id":"https:\/\/keep2share.info\/#\/schema\/logo\/image\/"}}]}},"_links":{"self":[{"href":"https:\/\/keep2share.info\/de\/wp-json\/wp\/v2\/pages\/870","targetHints":{"allow":["GET"]}}],"collection":[{"href":"https:\/\/keep2share.info\/de\/wp-json\/wp\/v2\/pages"}],"about":[{"href":"https:\/\/keep2share.info\/de\/wp-json\/wp\/v2\/types\/page"}],"author":[{"embeddable":true,"href":"https:\/\/keep2share.info\/de\/wp-json\/wp\/v2\/users\/3"}],"replies":[{"embeddable":true,"href":"https:\/\/keep2share.info\/de\/wp-json\/wp\/v2\/comments?post=870"}],"version-history":[{"count":2,"href":"https:\/\/keep2share.info\/de\/wp-json\/wp\/v2\/pages\/870\/revisions"}],"predecessor-version":[{"id":914,"href":"https:\/\/keep2share.info\/de\/wp-json\/wp\/v2\/pages\/870\/revisions\/914"}],"wp:attachment":[{"href":"https:\/\/keep2share.info\/de\/wp-json\/wp\/v2\/media?parent=870"}],"curies":[{"name":"wp","href":"https:\/\/api.w.org\/{rel}","templated":true}]}}