{"id":839,"date":"2021-11-08T14:13:24","date_gmt":"2021-11-08T14:13:24","guid":{"rendered":"https:\/\/h8atlq87g9.onrocket.site\/affiliate\/"},"modified":"2021-11-10T18:58:48","modified_gmt":"2021-11-10T18:58:48","slug":"affiliate","status":"publish","type":"page","link":"https:\/\/keep2share.info\/de\/affiliate\/","title":{"rendered":"Affiliate"},"content":{"rendered":"<p><strong>Wie es funktioniert<\/strong><\/p>\n<p><img loading=\"lazy\" decoding=\"async\" class=\"alignnone wp-image-738 \" src=\"https:\/\/keep2share.info\/wp-content\/uploads\/2021\/11\/keep2share.info-affiliate.png\" alt=\"keep2share.info affiliate\" width=\"717\" height=\"368\" srcset=\"https:\/\/keep2share.info\/wp-content\/uploads\/2021\/11\/keep2share.info-affiliate.png 1125w, https:\/\/keep2share.info\/wp-content\/uploads\/2021\/11\/keep2share.info-affiliate-300x154.png 300w, https:\/\/keep2share.info\/wp-content\/uploads\/2021\/11\/keep2share.info-affiliate-1024x525.png 1024w, https:\/\/keep2share.info\/wp-content\/uploads\/2021\/11\/keep2share.info-affiliate-768x394.png 768w\" sizes=\"auto, (max-width: 717px) 100vw, 717px\" \/><\/p>\n<table>\n<tbody>\n<tr>\n<td>Dateien auf MoneyPlatform einstellen<\/p>\n<p>Daten\/Videos auf Websites einbinden<\/p>\n<p>Bargeld auf praktische Art und Weise beschaffen<\/td>\n<\/tr>\n<tr>\n<td>Schwierige Mittel (ohne MoneyPlatform).<\/p>\n<p>Erwerb von Servern zum Speichern von Dateien.<\/p>\n<p>Erm\u00f6glichen Sie das Herunterladen von Dateien.<\/p>\n<p>Video\u00fcbertragungen anbieten.<\/p>\n<p>R\u00fcckzahlungseing\u00e4nge einrichten.<\/p>\n<p>Gesch\u00fctzte Finanztransaktionen.<\/p>\n<p>Individuelle technische Unterst\u00fctzung bieten.<\/p>\n<p>Ver\u00f6ffentlichung von Dateien auf Webservern.<\/p>\n<p>Einf\u00fcgen von Dokumenten\/Videoclips auf der Internetseite.<\/p>\n<p>Erzielen Sie Einnahmen aus R\u00fcckzahlungsportalen.<\/td>\n<\/tr>\n<\/tbody>\n<\/table>\n<p><strong>AKTION 1: Daten hochladen.<\/strong><\/p>\n<p>Stellen Sie Ihre Daten problemlos ein: mit einem Webbrowser, per FTP oder direkt von verschiedenen anderen Websites.<\/p>\n<p><strong>AKTION 2: Teilen einreichen.<\/strong><\/p>\n<p>Stellen Sie Links zu Ihren Dokumenten auf die Internetseite.<br \/>\nBinden Sie den Videoclip-Player auf der Website ein.<\/p>\n<p><strong>AKTION 3: Lassen Sie sich belohnen.<\/strong><\/p>\n<p>Einzelpersonen geben f\u00fcr den Zugang zu Ihren Dateien aus.<br \/>\nStehen Sie bis zu 75% der Nutzerakquisitionen.<\/p>\n<p><strong>Merkmale<\/strong><\/p>\n<ul>\n<li>Alle Arten von Dateien werden unterst\u00fctzt: Videos, Lieder, Archive und andere &#8211; Videoclips, Lieder, Archive und auch andere.<\/li>\n<li>Automatische Konvertierung &#8211; Das Video wird sofort f\u00fcr die Anzeige im Internet umgewandelt.<\/li>\n<li>Daten bis zu 15 GB &#8211; Die optimale Dateigr\u00f6\u00dfe betr\u00e4gt 15 GB.<\/li>\n<li>Verschiedene Optionen zum Hochladen von Daten &#8211; INTERNET, FTP, API, direktes Hochladen von verschiedenen anderen Websites.<\/li>\n<\/ul>\n","protected":false},"excerpt":{"rendered":"<p>Wie es funktioniert Dateien auf MoneyPlatform einstellen Daten\/Videos auf Websites einbinden Bargeld auf praktische Art und Weise beschaffen Schwierige Mittel<\/p>\n","protected":false},"author":3,"featured_media":0,"parent":0,"menu_order":0,"comment_status":"closed","ping_status":"closed","template":"","meta":{"colormag_page_container_layout":"default_layout","colormag_page_sidebar_layout":"default_layout","footnotes":""},"class_list":["post-839","page","type-page","status-publish","hentry"],"yoast_head":"<!-- This site is optimized with the Yoast SEO plugin v27.3 - https:\/\/yoast.com\/product\/yoast-seo-wordpress\/ -->\n<title>Affiliate - Keep2Share<\/title>\n<meta name=\"robots\" content=\"index, follow, max-snippet:-1, max-image-preview:large, max-video-preview:-1\" \/>\n<link rel=\"canonical\" href=\"https:\/\/keep2share.info\/de\/affiliate\/\" \/>\n<meta property=\"og:locale\" content=\"de_DE\" \/>\n<meta property=\"og:type\" content=\"article\" \/>\n<meta property=\"og:title\" content=\"Affiliate - Keep2Share\" \/>\n<meta property=\"og:description\" content=\"Wie es funktioniert Dateien auf MoneyPlatform einstellen Daten\/Videos auf Websites einbinden Bargeld auf praktische Art und Weise beschaffen Schwierige Mittel\" \/>\n<meta property=\"og:url\" content=\"https:\/\/keep2share.info\/de\/affiliate\/\" \/>\n<meta property=\"og:site_name\" content=\"Keep2Share\" \/>\n<meta property=\"article:modified_time\" content=\"2021-11-10T18:58:48+00:00\" \/>\n<meta property=\"og:image\" content=\"https:\/\/keep2share.info\/wp-content\/uploads\/2021\/11\/keep2share.info-affiliate.png\" \/>\n<meta name=\"twitter:card\" content=\"summary_large_image\" \/>\n<meta name=\"twitter:label1\" content=\"Gesch\u00e4tzte Lesezeit\" \/>\n\t<meta name=\"twitter:data1\" content=\"2\u00a0Minuten\" \/>\n<script type=\"application\/ld+json\" class=\"yoast-schema-graph\">{\"@context\":\"https:\\\/\\\/schema.org\",\"@graph\":[{\"@type\":\"WebPage\",\"@id\":\"https:\\\/\\\/keep2share.info\\\/de\\\/affiliate\\\/\",\"url\":\"https:\\\/\\\/keep2share.info\\\/de\\\/affiliate\\\/\",\"name\":\"Affiliate - Keep2Share\",\"isPartOf\":{\"@id\":\"https:\\\/\\\/keep2share.info\\\/#website\"},\"primaryImageOfPage\":{\"@id\":\"https:\\\/\\\/keep2share.info\\\/de\\\/affiliate\\\/#primaryimage\"},\"image\":{\"@id\":\"https:\\\/\\\/keep2share.info\\\/de\\\/affiliate\\\/#primaryimage\"},\"thumbnailUrl\":\"https:\\\/\\\/keep2share.info\\\/wp-content\\\/uploads\\\/2021\\\/11\\\/keep2share.info-affiliate.png\",\"datePublished\":\"2021-11-08T14:13:24+00:00\",\"dateModified\":\"2021-11-10T18:58:48+00:00\",\"breadcrumb\":{\"@id\":\"https:\\\/\\\/keep2share.info\\\/de\\\/affiliate\\\/#breadcrumb\"},\"inLanguage\":\"de\",\"potentialAction\":[{\"@type\":\"ReadAction\",\"target\":[\"https:\\\/\\\/keep2share.info\\\/de\\\/affiliate\\\/\"]}]},{\"@type\":\"ImageObject\",\"inLanguage\":\"de\",\"@id\":\"https:\\\/\\\/keep2share.info\\\/de\\\/affiliate\\\/#primaryimage\",\"url\":\"https:\\\/\\\/keep2share.info\\\/wp-content\\\/uploads\\\/2021\\\/11\\\/keep2share.info-affiliate.png\",\"contentUrl\":\"https:\\\/\\\/keep2share.info\\\/wp-content\\\/uploads\\\/2021\\\/11\\\/keep2share.info-affiliate.png\"},{\"@type\":\"BreadcrumbList\",\"@id\":\"https:\\\/\\\/keep2share.info\\\/de\\\/affiliate\\\/#breadcrumb\",\"itemListElement\":[{\"@type\":\"ListItem\",\"position\":1,\"name\":\"Startseite\",\"item\":\"https:\\\/\\\/keep2share.info\\\/de\\\/\"},{\"@type\":\"ListItem\",\"position\":2,\"name\":\"Affiliate\"}]},{\"@type\":\"WebSite\",\"@id\":\"https:\\\/\\\/keep2share.info\\\/#website\",\"url\":\"https:\\\/\\\/keep2share.info\\\/\",\"name\":\"Keep2Share\",\"description\":\"\",\"publisher\":{\"@id\":\"https:\\\/\\\/keep2share.info\\\/#organization\"},\"potentialAction\":[{\"@type\":\"SearchAction\",\"target\":{\"@type\":\"EntryPoint\",\"urlTemplate\":\"https:\\\/\\\/keep2share.info\\\/?s={search_term_string}\"},\"query-input\":{\"@type\":\"PropertyValueSpecification\",\"valueRequired\":true,\"valueName\":\"search_term_string\"}}],\"inLanguage\":\"de\"},{\"@type\":\"Organization\",\"@id\":\"https:\\\/\\\/keep2share.info\\\/#organization\",\"name\":\"Keep2Share\",\"url\":\"https:\\\/\\\/keep2share.info\\\/\",\"logo\":{\"@type\":\"ImageObject\",\"inLanguage\":\"de\",\"@id\":\"https:\\\/\\\/keep2share.info\\\/#\\\/schema\\\/logo\\\/image\\\/\",\"url\":\"https:\\\/\\\/keep2share.info\\\/wp-content\\\/uploads\\\/2025\\\/08\\\/keep2share_logo_300px.png\",\"contentUrl\":\"https:\\\/\\\/keep2share.info\\\/wp-content\\\/uploads\\\/2025\\\/08\\\/keep2share_logo_300px.png\",\"width\":300,\"height\":85,\"caption\":\"Keep2Share\"},\"image\":{\"@id\":\"https:\\\/\\\/keep2share.info\\\/#\\\/schema\\\/logo\\\/image\\\/\"}}]}<\/script>\n<!-- \/ Yoast SEO plugin. -->","yoast_head_json":{"title":"Affiliate - Keep2Share","robots":{"index":"index","follow":"follow","max-snippet":"max-snippet:-1","max-image-preview":"max-image-preview:large","max-video-preview":"max-video-preview:-1"},"canonical":"https:\/\/keep2share.info\/de\/affiliate\/","og_locale":"de_DE","og_type":"article","og_title":"Affiliate - Keep2Share","og_description":"Wie es funktioniert Dateien auf MoneyPlatform einstellen Daten\/Videos auf Websites einbinden Bargeld auf praktische Art und Weise beschaffen Schwierige Mittel","og_url":"https:\/\/keep2share.info\/de\/affiliate\/","og_site_name":"Keep2Share","article_modified_time":"2021-11-10T18:58:48+00:00","og_image":[{"url":"https:\/\/keep2share.info\/wp-content\/uploads\/2021\/11\/keep2share.info-affiliate.png","type":"","width":"","height":""}],"twitter_card":"summary_large_image","twitter_misc":{"Gesch\u00e4tzte Lesezeit":"2\u00a0Minuten"},"schema":{"@context":"https:\/\/schema.org","@graph":[{"@type":"WebPage","@id":"https:\/\/keep2share.info\/de\/affiliate\/","url":"https:\/\/keep2share.info\/de\/affiliate\/","name":"Affiliate - Keep2Share","isPartOf":{"@id":"https:\/\/keep2share.info\/#website"},"primaryImageOfPage":{"@id":"https:\/\/keep2share.info\/de\/affiliate\/#primaryimage"},"image":{"@id":"https:\/\/keep2share.info\/de\/affiliate\/#primaryimage"},"thumbnailUrl":"https:\/\/keep2share.info\/wp-content\/uploads\/2021\/11\/keep2share.info-affiliate.png","datePublished":"2021-11-08T14:13:24+00:00","dateModified":"2021-11-10T18:58:48+00:00","breadcrumb":{"@id":"https:\/\/keep2share.info\/de\/affiliate\/#breadcrumb"},"inLanguage":"de","potentialAction":[{"@type":"ReadAction","target":["https:\/\/keep2share.info\/de\/affiliate\/"]}]},{"@type":"ImageObject","inLanguage":"de","@id":"https:\/\/keep2share.info\/de\/affiliate\/#primaryimage","url":"https:\/\/keep2share.info\/wp-content\/uploads\/2021\/11\/keep2share.info-affiliate.png","contentUrl":"https:\/\/keep2share.info\/wp-content\/uploads\/2021\/11\/keep2share.info-affiliate.png"},{"@type":"BreadcrumbList","@id":"https:\/\/keep2share.info\/de\/affiliate\/#breadcrumb","itemListElement":[{"@type":"ListItem","position":1,"name":"Startseite","item":"https:\/\/keep2share.info\/de\/"},{"@type":"ListItem","position":2,"name":"Affiliate"}]},{"@type":"WebSite","@id":"https:\/\/keep2share.info\/#website","url":"https:\/\/keep2share.info\/","name":"Keep2Share","description":"","publisher":{"@id":"https:\/\/keep2share.info\/#organization"},"potentialAction":[{"@type":"SearchAction","target":{"@type":"EntryPoint","urlTemplate":"https:\/\/keep2share.info\/?s={search_term_string}"},"query-input":{"@type":"PropertyValueSpecification","valueRequired":true,"valueName":"search_term_string"}}],"inLanguage":"de"},{"@type":"Organization","@id":"https:\/\/keep2share.info\/#organization","name":"Keep2Share","url":"https:\/\/keep2share.info\/","logo":{"@type":"ImageObject","inLanguage":"de","@id":"https:\/\/keep2share.info\/#\/schema\/logo\/image\/","url":"https:\/\/keep2share.info\/wp-content\/uploads\/2025\/08\/keep2share_logo_300px.png","contentUrl":"https:\/\/keep2share.info\/wp-content\/uploads\/2025\/08\/keep2share_logo_300px.png","width":300,"height":85,"caption":"Keep2Share"},"image":{"@id":"https:\/\/keep2share.info\/#\/schema\/logo\/image\/"}}]}},"_links":{"self":[{"href":"https:\/\/keep2share.info\/de\/wp-json\/wp\/v2\/pages\/839","targetHints":{"allow":["GET"]}}],"collection":[{"href":"https:\/\/keep2share.info\/de\/wp-json\/wp\/v2\/pages"}],"about":[{"href":"https:\/\/keep2share.info\/de\/wp-json\/wp\/v2\/types\/page"}],"author":[{"embeddable":true,"href":"https:\/\/keep2share.info\/de\/wp-json\/wp\/v2\/users\/3"}],"replies":[{"embeddable":true,"href":"https:\/\/keep2share.info\/de\/wp-json\/wp\/v2\/comments?post=839"}],"version-history":[{"count":2,"href":"https:\/\/keep2share.info\/de\/wp-json\/wp\/v2\/pages\/839\/revisions"}],"predecessor-version":[{"id":846,"href":"https:\/\/keep2share.info\/de\/wp-json\/wp\/v2\/pages\/839\/revisions\/846"}],"wp:attachment":[{"href":"https:\/\/keep2share.info\/de\/wp-json\/wp\/v2\/media?parent=839"}],"curies":[{"name":"wp","href":"https:\/\/api.w.org\/{rel}","templated":true}]}}