{"id":819,"date":"2021-11-08T14:03:23","date_gmt":"2021-11-08T14:03:23","guid":{"rendered":"https:\/\/h8atlq87g9.onrocket.site\/premium-account\/"},"modified":"2021-11-10T18:54:15","modified_gmt":"2021-11-10T18:54:15","slug":"premium-account","status":"publish","type":"page","link":"https:\/\/keep2share.info\/de\/premium-account\/","title":{"rendered":"Premium"},"content":{"rendered":"<p style=\"text-align: center;\"><strong>Holen Sie sich Ihr Keep2share Premium-Konto noch heute!<\/strong><\/p>\n<p style=\"text-align: center;\"><strong>Schauen Sie sich unser hervorragendes Angebot an!<\/strong><\/p>\n<p style=\"text-align: center;\"><img loading=\"lazy\" decoding=\"async\" class=\"alignnone wp-image-769 size-full\" src=\"https:\/\/keep2share.info\/wp-content\/uploads\/2021\/11\/keep2share.info-premium.png\" alt=\"keep2share premium\" width=\"500\" height=\"500\" srcset=\"https:\/\/keep2share.info\/wp-content\/uploads\/2021\/11\/keep2share.info-premium.png 500w, https:\/\/keep2share.info\/wp-content\/uploads\/2021\/11\/keep2share.info-premium-300x300.png 300w, https:\/\/keep2share.info\/wp-content\/uploads\/2021\/11\/keep2share.info-premium-150x150.png 150w\" sizes=\"auto, (max-width: 500px) 100vw, 500px\" \/><\/p>\n<p style=\"text-align: center;\"><strong>Starker Schutz<\/strong><\/p>\n<p style=\"text-align: center;\">Ihre Daten und Downloads sind durch unser hochmodernes, verschl\u00fcsseltes System vollst\u00e4ndig gesch\u00fctzt. Machen Sie sich nie wieder Sorgen um die Sicherheit Ihrer Daten.<\/p>\n<p style=\"text-align: center;\"><strong>Geschwindigkeit<\/strong><\/p>\n<p style=\"text-align: center;\">Genie\u00dfen Sie \u00dcberschalldownloads von unserer Speicherplatz reduzierenden Cloud-Seite. Au\u00dferdem k\u00f6nnen Sie Download-Beschleuniger f\u00fcr ein noch besseres Erlebnis nutzen.<\/p>\n<p style=\"text-align: center;\"><strong>Keine Wartezeit<\/strong><\/p>\n<p style=\"text-align: center;\">Ihre Downloads beginnen sofort. Sie sind auch praktisch sofort abgeschlossen! Verabschieden Sie sich davon, Zeit zu verlieren, w\u00e4hrend Sie auf das warten, was Sie brauchen!<\/p>\n<p style=\"text-align: center;\"><img loading=\"lazy\" decoding=\"async\" class=\"aligncenter wp-image-788 size-full\" src=\"https:\/\/keep2share.info\/wp-content\/uploads\/2021\/11\/keep2share-free.png\" alt=\"keep2share free\" width=\"465\" height=\"332\" srcset=\"https:\/\/keep2share.info\/wp-content\/uploads\/2021\/11\/keep2share-free.png 465w, https:\/\/keep2share.info\/wp-content\/uploads\/2021\/11\/keep2share-free-300x214.png 300w\" sizes=\"auto, (max-width: 465px) 100vw, 465px\" \/><\/p>\n<p style=\"text-align: center;\">F\u00fcr Kunden mit einem kostenlosen Konto ist die Downloadrate auf 50 kb\/s begrenzt. Sie k\u00f6nnen keine Dokumente herunterladen und installieren, indem sie einen Daten\u00fcberwacher verwenden oder die Download-Attribute der L\u00f6sung nutzen, wie z. B. identische Downloads oder die R\u00fcckkehr zu unterbrochenen Downloads.<\/p>\n<p style=\"text-align: center;\">Um viel bessere Attribute zu \u00f6ffnen, m\u00fcssen sich Kunden f\u00fcr eines der beiden bezahlten Konten, Costs sowie Costs Pro, anmelden.<\/p>\n<p style=\"text-align: center;\"><img loading=\"lazy\" decoding=\"async\" class=\"aligncenter wp-image-781 size-full\" src=\"https:\/\/keep2share.info\/wp-content\/uploads\/2021\/11\/keep2share-premium-1.png\" alt=\"keep2share premium\" width=\"760\" height=\"571\" srcset=\"https:\/\/keep2share.info\/wp-content\/uploads\/2021\/11\/keep2share-premium-1.png 760w, https:\/\/keep2share.info\/wp-content\/uploads\/2021\/11\/keep2share-premium-1-300x225.png 300w\" sizes=\"auto, (max-width: 760px) 100vw, 760px\" \/><\/p>\n<p style=\"text-align: center;\">Kosten bereitet beginnt bei $ 6,95 \/ 3 Tage, $ 16,95 \/ drei\u00dfig Tage, $ 13,98 \/ Monat f\u00fcr 90 Tage sowie $ 9,50 \/ Monat f\u00fcr 365 Tage. Das Costs-Konto bietet 50 GB Speicherplatz und erm\u00f6glicht werbefreie Downloads von ca. 20 GB pro Tag.<\/p>\n<p style=\"text-align: center;\"><img loading=\"lazy\" decoding=\"async\" class=\"alignnone wp-image-775 size-full\" src=\"https:\/\/keep2share.info\/wp-content\/uploads\/2021\/11\/keep2share-premium-pro-1.png\" alt=\"keep2share premium pro\" width=\"763\" height=\"571\" srcset=\"https:\/\/keep2share.info\/wp-content\/uploads\/2021\/11\/keep2share-premium-pro-1.png 763w, https:\/\/keep2share.info\/wp-content\/uploads\/2021\/11\/keep2share-premium-pro-1-300x225.png 300w\" sizes=\"auto, (max-width: 763px) 100vw, 763px\" \/><\/p>\n<p style=\"text-align: center;\">F\u00fcr noch mehr Platz und Funktionen gibt es Costs Pro, das mit $8,95\/ 3 Tage, $21,95\/ 30 Tage, $17,32\/ m f\u00fcr 90 Tage sowie $11,75\/ m f\u00fcr 365 Tage beginnt. Im Gegenzug erhalten Sie 60 GB Speicherplatz sowie 50 GB werbefreie Downloads pro Tag. Zus\u00e4tzlich zu allen Attributen des Kostenkontos erhalten Sie die M\u00f6glichkeit, die L\u00f6sungen eines Infektionsmosaiks zu nutzen und Daten anonym herunterzuladen und zu installieren.<\/p>\n","protected":false},"excerpt":{"rendered":"<p>Holen Sie sich Ihr Keep2share Premium-Konto noch heute! Schauen Sie sich unser hervorragendes Angebot an! Starker Schutz Ihre Daten und<\/p>\n","protected":false},"author":3,"featured_media":0,"parent":0,"menu_order":0,"comment_status":"closed","ping_status":"closed","template":"","meta":{"colormag_page_container_layout":"default_layout","colormag_page_sidebar_layout":"default_layout","footnotes":""},"class_list":["post-819","page","type-page","status-publish","hentry"],"yoast_head":"<!-- This site is optimized with the Yoast SEO plugin v27.3 - https:\/\/yoast.com\/product\/yoast-seo-wordpress\/ -->\n<title>Premium - Keep2Share<\/title>\n<meta name=\"robots\" content=\"index, follow, max-snippet:-1, max-image-preview:large, max-video-preview:-1\" \/>\n<link rel=\"canonical\" href=\"https:\/\/keep2share.info\/de\/premium-account\/\" \/>\n<meta property=\"og:locale\" content=\"de_DE\" \/>\n<meta property=\"og:type\" content=\"article\" \/>\n<meta property=\"og:title\" content=\"Premium - Keep2Share\" \/>\n<meta property=\"og:description\" content=\"Holen Sie sich Ihr Keep2share Premium-Konto noch heute! Schauen Sie sich unser hervorragendes Angebot an! Starker Schutz Ihre Daten und\" \/>\n<meta property=\"og:url\" content=\"https:\/\/keep2share.info\/de\/premium-account\/\" \/>\n<meta property=\"og:site_name\" content=\"Keep2Share\" \/>\n<meta property=\"article:modified_time\" content=\"2021-11-10T18:54:15+00:00\" \/>\n<meta property=\"og:image\" content=\"https:\/\/keep2share.info\/wp-content\/uploads\/2021\/11\/keep2share.info-premium.png\" \/>\n<meta name=\"twitter:card\" content=\"summary_large_image\" \/>\n<meta name=\"twitter:label1\" content=\"Gesch\u00e4tzte Lesezeit\" \/>\n\t<meta name=\"twitter:data1\" content=\"2\u00a0Minuten\" \/>\n<script type=\"application\/ld+json\" class=\"yoast-schema-graph\">{\"@context\":\"https:\\\/\\\/schema.org\",\"@graph\":[{\"@type\":\"WebPage\",\"@id\":\"https:\\\/\\\/keep2share.info\\\/de\\\/premium-account\\\/\",\"url\":\"https:\\\/\\\/keep2share.info\\\/de\\\/premium-account\\\/\",\"name\":\"Premium - Keep2Share\",\"isPartOf\":{\"@id\":\"https:\\\/\\\/keep2share.info\\\/#website\"},\"primaryImageOfPage\":{\"@id\":\"https:\\\/\\\/keep2share.info\\\/de\\\/premium-account\\\/#primaryimage\"},\"image\":{\"@id\":\"https:\\\/\\\/keep2share.info\\\/de\\\/premium-account\\\/#primaryimage\"},\"thumbnailUrl\":\"https:\\\/\\\/keep2share.info\\\/wp-content\\\/uploads\\\/2021\\\/11\\\/keep2share.info-premium.png\",\"datePublished\":\"2021-11-08T14:03:23+00:00\",\"dateModified\":\"2021-11-10T18:54:15+00:00\",\"breadcrumb\":{\"@id\":\"https:\\\/\\\/keep2share.info\\\/de\\\/premium-account\\\/#breadcrumb\"},\"inLanguage\":\"de\",\"potentialAction\":[{\"@type\":\"ReadAction\",\"target\":[\"https:\\\/\\\/keep2share.info\\\/de\\\/premium-account\\\/\"]}]},{\"@type\":\"ImageObject\",\"inLanguage\":\"de\",\"@id\":\"https:\\\/\\\/keep2share.info\\\/de\\\/premium-account\\\/#primaryimage\",\"url\":\"https:\\\/\\\/keep2share.info\\\/wp-content\\\/uploads\\\/2021\\\/11\\\/keep2share.info-premium.png\",\"contentUrl\":\"https:\\\/\\\/keep2share.info\\\/wp-content\\\/uploads\\\/2021\\\/11\\\/keep2share.info-premium.png\"},{\"@type\":\"BreadcrumbList\",\"@id\":\"https:\\\/\\\/keep2share.info\\\/de\\\/premium-account\\\/#breadcrumb\",\"itemListElement\":[{\"@type\":\"ListItem\",\"position\":1,\"name\":\"Startseite\",\"item\":\"https:\\\/\\\/keep2share.info\\\/de\\\/\"},{\"@type\":\"ListItem\",\"position\":2,\"name\":\"Premium\"}]},{\"@type\":\"WebSite\",\"@id\":\"https:\\\/\\\/keep2share.info\\\/#website\",\"url\":\"https:\\\/\\\/keep2share.info\\\/\",\"name\":\"Keep2Share\",\"description\":\"\",\"publisher\":{\"@id\":\"https:\\\/\\\/keep2share.info\\\/#organization\"},\"potentialAction\":[{\"@type\":\"SearchAction\",\"target\":{\"@type\":\"EntryPoint\",\"urlTemplate\":\"https:\\\/\\\/keep2share.info\\\/?s={search_term_string}\"},\"query-input\":{\"@type\":\"PropertyValueSpecification\",\"valueRequired\":true,\"valueName\":\"search_term_string\"}}],\"inLanguage\":\"de\"},{\"@type\":\"Organization\",\"@id\":\"https:\\\/\\\/keep2share.info\\\/#organization\",\"name\":\"Keep2Share\",\"url\":\"https:\\\/\\\/keep2share.info\\\/\",\"logo\":{\"@type\":\"ImageObject\",\"inLanguage\":\"de\",\"@id\":\"https:\\\/\\\/keep2share.info\\\/#\\\/schema\\\/logo\\\/image\\\/\",\"url\":\"https:\\\/\\\/keep2share.info\\\/wp-content\\\/uploads\\\/2025\\\/08\\\/keep2share_logo_300px.png\",\"contentUrl\":\"https:\\\/\\\/keep2share.info\\\/wp-content\\\/uploads\\\/2025\\\/08\\\/keep2share_logo_300px.png\",\"width\":300,\"height\":85,\"caption\":\"Keep2Share\"},\"image\":{\"@id\":\"https:\\\/\\\/keep2share.info\\\/#\\\/schema\\\/logo\\\/image\\\/\"}}]}<\/script>\n<!-- \/ Yoast SEO plugin. -->","yoast_head_json":{"title":"Premium - Keep2Share","robots":{"index":"index","follow":"follow","max-snippet":"max-snippet:-1","max-image-preview":"max-image-preview:large","max-video-preview":"max-video-preview:-1"},"canonical":"https:\/\/keep2share.info\/de\/premium-account\/","og_locale":"de_DE","og_type":"article","og_title":"Premium - Keep2Share","og_description":"Holen Sie sich Ihr Keep2share Premium-Konto noch heute! Schauen Sie sich unser hervorragendes Angebot an! Starker Schutz Ihre Daten und","og_url":"https:\/\/keep2share.info\/de\/premium-account\/","og_site_name":"Keep2Share","article_modified_time":"2021-11-10T18:54:15+00:00","og_image":[{"url":"https:\/\/keep2share.info\/wp-content\/uploads\/2021\/11\/keep2share.info-premium.png","type":"","width":"","height":""}],"twitter_card":"summary_large_image","twitter_misc":{"Gesch\u00e4tzte Lesezeit":"2\u00a0Minuten"},"schema":{"@context":"https:\/\/schema.org","@graph":[{"@type":"WebPage","@id":"https:\/\/keep2share.info\/de\/premium-account\/","url":"https:\/\/keep2share.info\/de\/premium-account\/","name":"Premium - Keep2Share","isPartOf":{"@id":"https:\/\/keep2share.info\/#website"},"primaryImageOfPage":{"@id":"https:\/\/keep2share.info\/de\/premium-account\/#primaryimage"},"image":{"@id":"https:\/\/keep2share.info\/de\/premium-account\/#primaryimage"},"thumbnailUrl":"https:\/\/keep2share.info\/wp-content\/uploads\/2021\/11\/keep2share.info-premium.png","datePublished":"2021-11-08T14:03:23+00:00","dateModified":"2021-11-10T18:54:15+00:00","breadcrumb":{"@id":"https:\/\/keep2share.info\/de\/premium-account\/#breadcrumb"},"inLanguage":"de","potentialAction":[{"@type":"ReadAction","target":["https:\/\/keep2share.info\/de\/premium-account\/"]}]},{"@type":"ImageObject","inLanguage":"de","@id":"https:\/\/keep2share.info\/de\/premium-account\/#primaryimage","url":"https:\/\/keep2share.info\/wp-content\/uploads\/2021\/11\/keep2share.info-premium.png","contentUrl":"https:\/\/keep2share.info\/wp-content\/uploads\/2021\/11\/keep2share.info-premium.png"},{"@type":"BreadcrumbList","@id":"https:\/\/keep2share.info\/de\/premium-account\/#breadcrumb","itemListElement":[{"@type":"ListItem","position":1,"name":"Startseite","item":"https:\/\/keep2share.info\/de\/"},{"@type":"ListItem","position":2,"name":"Premium"}]},{"@type":"WebSite","@id":"https:\/\/keep2share.info\/#website","url":"https:\/\/keep2share.info\/","name":"Keep2Share","description":"","publisher":{"@id":"https:\/\/keep2share.info\/#organization"},"potentialAction":[{"@type":"SearchAction","target":{"@type":"EntryPoint","urlTemplate":"https:\/\/keep2share.info\/?s={search_term_string}"},"query-input":{"@type":"PropertyValueSpecification","valueRequired":true,"valueName":"search_term_string"}}],"inLanguage":"de"},{"@type":"Organization","@id":"https:\/\/keep2share.info\/#organization","name":"Keep2Share","url":"https:\/\/keep2share.info\/","logo":{"@type":"ImageObject","inLanguage":"de","@id":"https:\/\/keep2share.info\/#\/schema\/logo\/image\/","url":"https:\/\/keep2share.info\/wp-content\/uploads\/2025\/08\/keep2share_logo_300px.png","contentUrl":"https:\/\/keep2share.info\/wp-content\/uploads\/2025\/08\/keep2share_logo_300px.png","width":300,"height":85,"caption":"Keep2Share"},"image":{"@id":"https:\/\/keep2share.info\/#\/schema\/logo\/image\/"}}]}},"_links":{"self":[{"href":"https:\/\/keep2share.info\/de\/wp-json\/wp\/v2\/pages\/819","targetHints":{"allow":["GET"]}}],"collection":[{"href":"https:\/\/keep2share.info\/de\/wp-json\/wp\/v2\/pages"}],"about":[{"href":"https:\/\/keep2share.info\/de\/wp-json\/wp\/v2\/types\/page"}],"author":[{"embeddable":true,"href":"https:\/\/keep2share.info\/de\/wp-json\/wp\/v2\/users\/3"}],"replies":[{"embeddable":true,"href":"https:\/\/keep2share.info\/de\/wp-json\/wp\/v2\/comments?post=819"}],"version-history":[{"count":3,"href":"https:\/\/keep2share.info\/de\/wp-json\/wp\/v2\/pages\/819\/revisions"}],"predecessor-version":[{"id":832,"href":"https:\/\/keep2share.info\/de\/wp-json\/wp\/v2\/pages\/819\/revisions\/832"}],"wp:attachment":[{"href":"https:\/\/keep2share.info\/de\/wp-json\/wp\/v2\/media?parent=819"}],"curies":[{"name":"wp","href":"https:\/\/api.w.org\/{rel}","templated":true}]}}